{"id":3613,"date":"2023-02-16T14:10:32","date_gmt":"2023-02-16T17:10:32","guid":{"rendered":"https:\/\/biancamachado.com.br\/blog\/?page_id=3613"},"modified":"2023-02-16T14:10:41","modified_gmt":"2023-02-16T17:10:41","slug":"fotografia-de-ambientes","status":"publish","type":"page","link":"https:\/\/biancamachado.com.br\/blog\/fotografia-de-ambientes\/","title":{"rendered":"Fotografia profissional de ambientes: como otimizar espa\u00e7os com lentes grande angulares"},"content":{"rendered":"\n<p>A fotografia profissional de ambientes \u00e9 uma estrat\u00e9gia crucial para o sucesso do marketing digital de uma empresa. Especialmente quando se trata de venda ou loca\u00e7\u00e3o de im\u00f3veis, os detalhes das imagens podem ser determinantes para a tomada de decis\u00e3o do cliente. Nesse sentido, a utiliza\u00e7\u00e3o de lentes grande angulares se torna um recurso valioso para otimiza\u00e7\u00e3o de espa\u00e7os e apresenta\u00e7\u00e3o de uma vis\u00e3o ampla e abrangente do ambiente.<\/p>\n\n\n\n<p>Com o uso de lentes grande angulares, \u00e9 poss\u00edvel capturar imagens que apresentem uma vis\u00e3o mais abrangente dos espa\u00e7os, permitindo que o cliente visualize melhor as dimens\u00f5es e disposi\u00e7\u00e3o do ambiente. Esse tipo de fotografia, al\u00e9m de permitir uma melhor aprecia\u00e7\u00e3o dos detalhes, contribui para uma apresenta\u00e7\u00e3o mais atrativa e profissional do im\u00f3vel, favorecendo a capta\u00e7\u00e3o de interesse por parte do p\u00fablico-alvo. Dessa forma, a utiliza\u00e7\u00e3o de fotografia profissional de ambientes com lentes grande angulares \u00e9 uma excelente estrat\u00e9gia de marketing digital para empresas que desejam se destacar no mercado imobili\u00e1rio.<\/p>\n\n\n\n<div class=\"wp-block-jetpack-tiled-gallery aligncenter is-style-rectangular\"><div class=\"tiled-gallery__gallery\"><div class=\"tiled-gallery__row\"><div class=\"tiled-gallery__col\" style=\"flex-basis:66.58086%\"><figure class=\"tiled-gallery__item\"><img decoding=\"async\" srcset=\"https:\/\/i1.wp.com\/biancamachado.com.br\/blog\/wp-content\/uploads\/2021\/03\/022-1024x683.jpg?strip=info&#038;w=600&#038;ssl=1 600w,https:\/\/i1.wp.com\/biancamachado.com.br\/blog\/wp-content\/uploads\/2021\/03\/022-1024x683.jpg?strip=info&#038;w=900&#038;ssl=1 900w,https:\/\/i1.wp.com\/biancamachado.com.br\/blog\/wp-content\/uploads\/2021\/03\/022-1024x683.jpg?strip=info&#038;w=1200&#038;ssl=1 1200w,https:\/\/i1.wp.com\/biancamachado.com.br\/blog\/wp-content\/uploads\/2021\/03\/022-1024x683.jpg?strip=info&#038;w=1500&#038;ssl=1 1500w,https:\/\/i1.wp.com\/biancamachado.com.br\/blog\/wp-content\/uploads\/2021\/03\/022-1024x683.jpg?strip=info&#038;w=1800&#038;ssl=1 1800w,https:\/\/i1.wp.com\/biancamachado.com.br\/blog\/wp-content\/uploads\/2021\/03\/022-1024x683.jpg?strip=info&#038;w=2000&#038;ssl=1 2000w\" alt=\"fotos de ambientes corporativos\" data-height=\"1707\" data-id=\"1895\" data-link=\"https:\/\/biancamachado.com.br\/blog\/022\/\" data-url=\"https:\/\/biancamachado.com.br\/blog\/wp-content\/uploads\/2021\/03\/022-1024x683.jpg\" data-width=\"2560\" src=\"https:\/\/i1.wp.com\/biancamachado.com.br\/blog\/wp-content\/uploads\/2021\/03\/022-1024x683.jpg?ssl=1\" data-amp-layout=\"responsive\"\/><\/figure><\/div><div class=\"tiled-gallery__col\" style=\"flex-basis:33.41914%\"><figure class=\"tiled-gallery__item\"><img decoding=\"async\" srcset=\"https:\/\/i1.wp.com\/biancamachado.com.br\/blog\/wp-content\/uploads\/2021\/04\/017-2-1024x683.jpg?strip=info&#038;w=600&#038;ssl=1 600w,https:\/\/i1.wp.com\/biancamachado.com.br\/blog\/wp-content\/uploads\/2021\/04\/017-2-1024x683.jpg?strip=info&#038;w=900&#038;ssl=1 900w,https:\/\/i1.wp.com\/biancamachado.com.br\/blog\/wp-content\/uploads\/2021\/04\/017-2-1024x683.jpg?strip=info&#038;w=1200&#038;ssl=1 1200w,https:\/\/i1.wp.com\/biancamachado.com.br\/blog\/wp-content\/uploads\/2021\/04\/017-2-1024x683.jpg?strip=info&#038;w=1500&#038;ssl=1 1500w,https:\/\/i1.wp.com\/biancamachado.com.br\/blog\/wp-content\/uploads\/2021\/04\/017-2-1024x683.jpg?strip=info&#038;w=1800&#038;ssl=1 1800w,https:\/\/i1.wp.com\/biancamachado.com.br\/blog\/wp-content\/uploads\/2021\/04\/017-2-1024x683.jpg?strip=info&#038;w=2000&#038;ssl=1 2000w\" alt=\"fotos de ambientes de empresas\" data-height=\"1707\" data-id=\"1992\" data-link=\"https:\/\/biancamachado.com.br\/blog\/017-4\/\" data-url=\"https:\/\/biancamachado.com.br\/blog\/wp-content\/uploads\/2021\/04\/017-2-1024x683.jpg\" data-width=\"2560\" src=\"https:\/\/i1.wp.com\/biancamachado.com.br\/blog\/wp-content\/uploads\/2021\/04\/017-2-1024x683.jpg?ssl=1\" data-amp-layout=\"responsive\"\/><\/figure><figure class=\"tiled-gallery__item\"><img decoding=\"async\" srcset=\"https:\/\/i1.wp.com\/biancamachado.com.br\/blog\/wp-content\/uploads\/2013\/08\/Screenshot_225.png?strip=info&#038;w=460&#038;ssl=1 460w\" alt=\"Fotografias de Ambientes\" data-height=\"301\" data-id=\"1054\" data-link=\"https:\/\/biancamachado.com.br\/blog\/fotografias-de-ambientes\/screenshot_225\/\" data-url=\"https:\/\/biancamachado.com.br\/blog\/wp-content\/uploads\/2013\/08\/Screenshot_225.png\" data-width=\"460\" src=\"https:\/\/i1.wp.com\/biancamachado.com.br\/blog\/wp-content\/uploads\/2013\/08\/Screenshot_225.png?ssl=1\" data-amp-layout=\"responsive\"\/><\/figure><\/div><\/div><div class=\"tiled-gallery__row\"><div class=\"tiled-gallery__col\" style=\"flex-basis:100.00000%\"><figure class=\"tiled-gallery__item\"><img decoding=\"async\" srcset=\"https:\/\/i2.wp.com\/biancamachado.com.br\/blog\/wp-content\/uploads\/2021\/03\/001-2-1024x683.jpg?strip=info&#038;w=600&#038;ssl=1 600w,https:\/\/i2.wp.com\/biancamachado.com.br\/blog\/wp-content\/uploads\/2021\/03\/001-2-1024x683.jpg?strip=info&#038;w=900&#038;ssl=1 900w,https:\/\/i2.wp.com\/biancamachado.com.br\/blog\/wp-content\/uploads\/2021\/03\/001-2-1024x683.jpg?strip=info&#038;w=1200&#038;ssl=1 1200w,https:\/\/i2.wp.com\/biancamachado.com.br\/blog\/wp-content\/uploads\/2021\/03\/001-2-1024x683.jpg?strip=info&#038;w=1500&#038;ssl=1 1500w,https:\/\/i2.wp.com\/biancamachado.com.br\/blog\/wp-content\/uploads\/2021\/03\/001-2-1024x683.jpg?strip=info&#038;w=1800&#038;ssl=1 1800w,https:\/\/i2.wp.com\/biancamachado.com.br\/blog\/wp-content\/uploads\/2021\/03\/001-2-1024x683.jpg?strip=info&#038;w=2000&#038;ssl=1 2000w\" alt=\"fotografos profissionais ambientes\" data-height=\"1707\" data-id=\"1892\" data-link=\"https:\/\/biancamachado.com.br\/blog\/001-3\/\" data-url=\"https:\/\/biancamachado.com.br\/blog\/wp-content\/uploads\/2021\/03\/001-2-1024x683.jpg\" data-width=\"2560\" src=\"https:\/\/i2.wp.com\/biancamachado.com.br\/blog\/wp-content\/uploads\/2021\/03\/001-2-1024x683.jpg?ssl=1\" data-amp-layout=\"responsive\"\/><\/figure><\/div><\/div><\/div><\/div>\n\n\n\n<p>Se voc\u00ea est\u00e1 procurando por um servi\u00e7o de fotografia de qualidade, precisa entender melhor como funciona o processo de or\u00e7amento e agendamento da equipe da Bianca Machado Fotografia. Abaixo, listamos as principais informa\u00e7\u00f5es que voc\u00ea precisa saber antes de contratar nossos servi\u00e7os.<\/p>\n\n\n\n<ol class=\"wp-block-list\">\n<li>Or\u00e7amento: Para que possamos montar um or\u00e7amento, precisamos do endere\u00e7o da empresa, metragem aproximada com a quantidade de salas e ambientes e detalhes do projeto, como o ramo de atua\u00e7\u00e3o.<\/li>\n\n\n\n<li>Agendamento: O ideal \u00e9 agendar com pelo menos 2 semanas de anteced\u00eancia para garantir a reserva na data preferida. A confirma\u00e7\u00e3o da disponibilidade da agenda antes da compra pode ser feita preferencialmente pelo whatsapp (97107-1018) ou email (<a href=\"mailto:contato@biancamachado.com.br\">contato@biancamachado.com.br<\/a>).<\/li>\n\n\n\n<li>Equipe de fot\u00f3grafos: Temos uma equipe de fot\u00f3grafos e, dependendo do porte do evento, estaremos sugerindo a quantidade de fot\u00f3grafos ideal.<\/li>\n\n\n\n<li>Taxa de dist\u00e2ncia: Atendemos a grande SP e Sorocaba e regi\u00e3o. Consulte pelo whatsapp se a sua regi\u00e3o possui taxa de dist\u00e2ncia.<\/li>\n\n\n\n<li>Hor\u00e1rio de funcionamento: Estamos abertos para atendimento e agendamento todos os dias, preferencialmente atrav\u00e9s do whatsapp (11) 97107-1018 e (15) 99663-1663. Retornamos as mensagens sempre que poss\u00edvel no intervalo das sess\u00f5es.<\/li>\n\n\n\n<li>Fotos da equipe: Sim, \u00e9 poss\u00edvel fazer as fotos da equipe no mesmo dia. Trabalhamos com est\u00fadio port\u00e1til para fotografar o time, basta informar no or\u00e7amento.<\/li>\n\n\n\n<li>Forma de pagamento: Para compras no site, \u00e9 poss\u00edvel parcelar em 3x sem juros nos cart\u00f5es de cr\u00e9dito e, em alguns casos, \u00e9 poss\u00edvel fazer o pagamento durante o ensaio atrav\u00e9s da m\u00e1quina de cart\u00e3o.<\/li>\n<\/ol>\n\n\n\n<p>Esperamos que essas informa\u00e7\u00f5es tenham sido \u00fateis e que voc\u00ea considere a Bianca Machado Fotografia para as suas necessidades de fotografia. Fique \u00e0 vontade para entrar em contato conosco para mais informa\u00e7\u00f5es ou para agendar um or\u00e7amento. Estamos ansiosos para trabalhar com voc\u00ea!<\/p>\nVisite tamb\u00e9m nosso site: www.biancamachado.com.br\r\n(11) 97107-1018\r\n\r\nAtendemos as regi\u00f5es de S\u00e3o Paulo, Sorocaba, Ibi\u00fana, Piedade, Votorantim, Cotia, Itupeva, Jundia\u00ed, It\u00fa e Campinas","protected":false},"excerpt":{"rendered":"<p>A fotografia profissional de ambientes<\/p>\n","protected":false},"author":1,"featured_media":0,"parent":0,"menu_order":0,"comment_status":"closed","ping_status":"closed","template":"","meta":{"_monsterinsights_skip_tracking":false,"_monsterinsights_sitenote_active":false,"_monsterinsights_sitenote_note":"","_monsterinsights_sitenote_category":0,"jetpack_post_was_ever_published":false,"_joinchat":[],"footnotes":""},"class_list":["post-3613","page","type-page","status-publish","hentry"],"yoast_head":"<!-- This site is optimized with the Yoast SEO plugin v27.4 - https:\/\/yoast.com\/product\/yoast-seo-wordpress\/ -->\n<title>Fotografia profissional de ambientes: como otimizar espa\u00e7os com lentes grande angulares - STUDIO BIANCA MACHADO<\/title>\n<meta name=\"description\" content=\"A fotografia profissional de ambientes \u00e9 uma estrat\u00e9gia crucial para o sucesso do marketing digital de uma empresa. Especialmente quando se trata de venda ou loca\u00e7\u00e3o de im\u00f3veis, os detalhes das imagens podem ser determinantes para a tomada de decis\u00e3o do cliente. Nesse sentido, a utiliza\u00e7\u00e3o de lentes grande angulares se torna um recurso valioso para otimiza\u00e7\u00e3o de espa\u00e7os e apresenta\u00e7\u00e3o de uma vis\u00e3o ampla e abrangente do ambiente.\" \/>\n<meta name=\"robots\" content=\"index, follow, max-snippet:-1, max-image-preview:large, max-video-preview:-1\" \/>\n<link rel=\"canonical\" href=\"https:\/\/biancamachado.com.br\/blog\/fotografia-de-ambientes\/\" \/>\n<meta property=\"og:locale\" content=\"pt_BR\" \/>\n<meta property=\"og:type\" content=\"article\" \/>\n<meta property=\"og:title\" content=\"Fotografia profissional de ambientes: como otimizar espa\u00e7os com lentes grande angulares - STUDIO BIANCA MACHADO\" \/>\n<meta property=\"og:description\" content=\"A fotografia profissional de ambientes \u00e9 uma estrat\u00e9gia crucial para o sucesso do marketing digital de uma empresa. Especialmente quando se trata de venda ou loca\u00e7\u00e3o de im\u00f3veis, os detalhes das imagens podem ser determinantes para a tomada de decis\u00e3o do cliente. Nesse sentido, a utiliza\u00e7\u00e3o de lentes grande angulares se torna um recurso valioso para otimiza\u00e7\u00e3o de espa\u00e7os e apresenta\u00e7\u00e3o de uma vis\u00e3o ampla e abrangente do ambiente.\" \/>\n<meta property=\"og:url\" content=\"https:\/\/biancamachado.com.br\/blog\/fotografia-de-ambientes\/\" \/>\n<meta property=\"og:site_name\" content=\"STUDIO BIANCA MACHADO\" \/>\n<meta property=\"article:publisher\" content=\"https:\/\/www.facebook.com\/Studiobiancamachado\/\" \/>\n<meta property=\"article:modified_time\" content=\"2023-02-16T17:10:41+00:00\" \/>\n<meta property=\"og:image\" content=\"https:\/\/i1.wp.com\/biancamachado.com.br\/blog\/wp-content\/uploads\/2021\/03\/022-1024x683.jpg?ssl=1\" \/>\n<meta name=\"twitter:card\" content=\"summary_large_image\" \/>\n<meta name=\"twitter:label1\" content=\"Est. tempo de leitura\" \/>\n\t<meta name=\"twitter:data1\" content=\"4 minutos\" \/>\n<script type=\"application\/ld+json\" class=\"yoast-schema-graph\">{\"@context\":\"https:\\\/\\\/schema.org\",\"@graph\":[{\"@type\":\"WebPage\",\"@id\":\"https:\\\/\\\/biancamachado.com.br\\\/blog\\\/fotografia-de-ambientes\\\/\",\"url\":\"https:\\\/\\\/biancamachado.com.br\\\/blog\\\/fotografia-de-ambientes\\\/\",\"name\":\"Fotografia profissional de ambientes: como otimizar espa\u00e7os com lentes grande angulares - STUDIO BIANCA MACHADO\",\"isPartOf\":{\"@id\":\"https:\\\/\\\/biancamachado.com.br\\\/blog\\\/#website\"},\"primaryImageOfPage\":{\"@id\":\"https:\\\/\\\/biancamachado.com.br\\\/blog\\\/fotografia-de-ambientes\\\/#primaryimage\"},\"image\":{\"@id\":\"https:\\\/\\\/biancamachado.com.br\\\/blog\\\/fotografia-de-ambientes\\\/#primaryimage\"},\"thumbnailUrl\":\"https:\\\/\\\/i1.wp.com\\\/biancamachado.com.br\\\/blog\\\/wp-content\\\/uploads\\\/2021\\\/03\\\/022-1024x683.jpg?ssl=1\",\"datePublished\":\"2023-02-16T17:10:32+00:00\",\"dateModified\":\"2023-02-16T17:10:41+00:00\",\"description\":\"A fotografia profissional de ambientes \u00e9 uma estrat\u00e9gia crucial para o sucesso do marketing digital de uma empresa. Especialmente quando se trata de venda ou loca\u00e7\u00e3o de im\u00f3veis, os detalhes das imagens podem ser determinantes para a tomada de decis\u00e3o do cliente. Nesse sentido, a utiliza\u00e7\u00e3o de lentes grande angulares se torna um recurso valioso para otimiza\u00e7\u00e3o de espa\u00e7os e apresenta\u00e7\u00e3o de uma vis\u00e3o ampla e abrangente do ambiente.\",\"breadcrumb\":{\"@id\":\"https:\\\/\\\/biancamachado.com.br\\\/blog\\\/fotografia-de-ambientes\\\/#breadcrumb\"},\"inLanguage\":\"pt-BR\",\"potentialAction\":[{\"@type\":\"ReadAction\",\"target\":[\"https:\\\/\\\/biancamachado.com.br\\\/blog\\\/fotografia-de-ambientes\\\/\"]}]},{\"@type\":\"ImageObject\",\"inLanguage\":\"pt-BR\",\"@id\":\"https:\\\/\\\/biancamachado.com.br\\\/blog\\\/fotografia-de-ambientes\\\/#primaryimage\",\"url\":\"https:\\\/\\\/i1.wp.com\\\/biancamachado.com.br\\\/blog\\\/wp-content\\\/uploads\\\/2021\\\/03\\\/022-1024x683.jpg?ssl=1\",\"contentUrl\":\"https:\\\/\\\/i1.wp.com\\\/biancamachado.com.br\\\/blog\\\/wp-content\\\/uploads\\\/2021\\\/03\\\/022-1024x683.jpg?ssl=1\"},{\"@type\":\"BreadcrumbList\",\"@id\":\"https:\\\/\\\/biancamachado.com.br\\\/blog\\\/fotografia-de-ambientes\\\/#breadcrumb\",\"itemListElement\":[{\"@type\":\"ListItem\",\"position\":1,\"name\":\"In\u00edcio\",\"item\":\"https:\\\/\\\/biancamachado.com.br\\\/blog\\\/\"},{\"@type\":\"ListItem\",\"position\":2,\"name\":\"Fotografia profissional de ambientes: como otimizar espa\u00e7os com lentes grande angulares\"}]},{\"@type\":\"WebSite\",\"@id\":\"https:\\\/\\\/biancamachado.com.br\\\/blog\\\/#website\",\"url\":\"https:\\\/\\\/biancamachado.com.br\\\/blog\\\/\",\"name\":\"STUDIO BIANCA MACHADO\",\"description\":\"Estudio Fotografico, Ensaios e Books de foto profissional\",\"publisher\":{\"@id\":\"https:\\\/\\\/biancamachado.com.br\\\/blog\\\/#organization\"},\"potentialAction\":[{\"@type\":\"SearchAction\",\"target\":{\"@type\":\"EntryPoint\",\"urlTemplate\":\"https:\\\/\\\/biancamachado.com.br\\\/blog\\\/?s={search_term_string}\"},\"query-input\":{\"@type\":\"PropertyValueSpecification\",\"valueRequired\":true,\"valueName\":\"search_term_string\"}}],\"inLanguage\":\"pt-BR\"},{\"@type\":\"Organization\",\"@id\":\"https:\\\/\\\/biancamachado.com.br\\\/blog\\\/#organization\",\"name\":\"STUDIO BIANCA MACHADO\",\"url\":\"https:\\\/\\\/biancamachado.com.br\\\/blog\\\/\",\"logo\":{\"@type\":\"ImageObject\",\"inLanguage\":\"pt-BR\",\"@id\":\"https:\\\/\\\/biancamachado.com.br\\\/blog\\\/#\\\/schema\\\/logo\\\/image\\\/\",\"url\":\"https:\\\/\\\/i0.wp.com\\\/biancamachado.com.br\\\/blog\\\/wp-content\\\/uploads\\\/2021\\\/02\\\/cropped-logo-ml.jpg?fit=278%2C100&ssl=1\",\"contentUrl\":\"https:\\\/\\\/i0.wp.com\\\/biancamachado.com.br\\\/blog\\\/wp-content\\\/uploads\\\/2021\\\/02\\\/cropped-logo-ml.jpg?fit=278%2C100&ssl=1\",\"width\":278,\"height\":100,\"caption\":\"STUDIO BIANCA MACHADO\"},\"image\":{\"@id\":\"https:\\\/\\\/biancamachado.com.br\\\/blog\\\/#\\\/schema\\\/logo\\\/image\\\/\"},\"sameAs\":[\"https:\\\/\\\/www.facebook.com\\\/Studiobiancamachado\\\/\",\"https:\\\/\\\/www.instagram.com\\\/Studiobiancamachado\\\/\"]}]}<\/script>\n<!-- \/ Yoast SEO plugin. -->","yoast_head_json":{"title":"Fotografia profissional de ambientes: como otimizar espa\u00e7os com lentes grande angulares - STUDIO BIANCA MACHADO","description":"A fotografia profissional de ambientes \u00e9 uma estrat\u00e9gia crucial para o sucesso do marketing digital de uma empresa. Especialmente quando se trata de venda ou loca\u00e7\u00e3o de im\u00f3veis, os detalhes das imagens podem ser determinantes para a tomada de decis\u00e3o do cliente. Nesse sentido, a utiliza\u00e7\u00e3o de lentes grande angulares se torna um recurso valioso para otimiza\u00e7\u00e3o de espa\u00e7os e apresenta\u00e7\u00e3o de uma vis\u00e3o ampla e abrangente do ambiente.","robots":{"index":"index","follow":"follow","max-snippet":"max-snippet:-1","max-image-preview":"max-image-preview:large","max-video-preview":"max-video-preview:-1"},"canonical":"https:\/\/biancamachado.com.br\/blog\/fotografia-de-ambientes\/","og_locale":"pt_BR","og_type":"article","og_title":"Fotografia profissional de ambientes: como otimizar espa\u00e7os com lentes grande angulares - STUDIO BIANCA MACHADO","og_description":"A fotografia profissional de ambientes \u00e9 uma estrat\u00e9gia crucial para o sucesso do marketing digital de uma empresa. Especialmente quando se trata de venda ou loca\u00e7\u00e3o de im\u00f3veis, os detalhes das imagens podem ser determinantes para a tomada de decis\u00e3o do cliente. Nesse sentido, a utiliza\u00e7\u00e3o de lentes grande angulares se torna um recurso valioso para otimiza\u00e7\u00e3o de espa\u00e7os e apresenta\u00e7\u00e3o de uma vis\u00e3o ampla e abrangente do ambiente.","og_url":"https:\/\/biancamachado.com.br\/blog\/fotografia-de-ambientes\/","og_site_name":"STUDIO BIANCA MACHADO","article_publisher":"https:\/\/www.facebook.com\/Studiobiancamachado\/","article_modified_time":"2023-02-16T17:10:41+00:00","og_image":[{"url":"https:\/\/i1.wp.com\/biancamachado.com.br\/blog\/wp-content\/uploads\/2021\/03\/022-1024x683.jpg?ssl=1","type":"","width":"","height":""}],"twitter_card":"summary_large_image","twitter_misc":{"Est. tempo de leitura":"4 minutos"},"schema":{"@context":"https:\/\/schema.org","@graph":[{"@type":"WebPage","@id":"https:\/\/biancamachado.com.br\/blog\/fotografia-de-ambientes\/","url":"https:\/\/biancamachado.com.br\/blog\/fotografia-de-ambientes\/","name":"Fotografia profissional de ambientes: como otimizar espa\u00e7os com lentes grande angulares - STUDIO BIANCA MACHADO","isPartOf":{"@id":"https:\/\/biancamachado.com.br\/blog\/#website"},"primaryImageOfPage":{"@id":"https:\/\/biancamachado.com.br\/blog\/fotografia-de-ambientes\/#primaryimage"},"image":{"@id":"https:\/\/biancamachado.com.br\/blog\/fotografia-de-ambientes\/#primaryimage"},"thumbnailUrl":"https:\/\/i1.wp.com\/biancamachado.com.br\/blog\/wp-content\/uploads\/2021\/03\/022-1024x683.jpg?ssl=1","datePublished":"2023-02-16T17:10:32+00:00","dateModified":"2023-02-16T17:10:41+00:00","description":"A fotografia profissional de ambientes \u00e9 uma estrat\u00e9gia crucial para o sucesso do marketing digital de uma empresa. Especialmente quando se trata de venda ou loca\u00e7\u00e3o de im\u00f3veis, os detalhes das imagens podem ser determinantes para a tomada de decis\u00e3o do cliente. Nesse sentido, a utiliza\u00e7\u00e3o de lentes grande angulares se torna um recurso valioso para otimiza\u00e7\u00e3o de espa\u00e7os e apresenta\u00e7\u00e3o de uma vis\u00e3o ampla e abrangente do ambiente.","breadcrumb":{"@id":"https:\/\/biancamachado.com.br\/blog\/fotografia-de-ambientes\/#breadcrumb"},"inLanguage":"pt-BR","potentialAction":[{"@type":"ReadAction","target":["https:\/\/biancamachado.com.br\/blog\/fotografia-de-ambientes\/"]}]},{"@type":"ImageObject","inLanguage":"pt-BR","@id":"https:\/\/biancamachado.com.br\/blog\/fotografia-de-ambientes\/#primaryimage","url":"https:\/\/i1.wp.com\/biancamachado.com.br\/blog\/wp-content\/uploads\/2021\/03\/022-1024x683.jpg?ssl=1","contentUrl":"https:\/\/i1.wp.com\/biancamachado.com.br\/blog\/wp-content\/uploads\/2021\/03\/022-1024x683.jpg?ssl=1"},{"@type":"BreadcrumbList","@id":"https:\/\/biancamachado.com.br\/blog\/fotografia-de-ambientes\/#breadcrumb","itemListElement":[{"@type":"ListItem","position":1,"name":"In\u00edcio","item":"https:\/\/biancamachado.com.br\/blog\/"},{"@type":"ListItem","position":2,"name":"Fotografia profissional de ambientes: como otimizar espa\u00e7os com lentes grande angulares"}]},{"@type":"WebSite","@id":"https:\/\/biancamachado.com.br\/blog\/#website","url":"https:\/\/biancamachado.com.br\/blog\/","name":"STUDIO BIANCA MACHADO","description":"Estudio Fotografico, Ensaios e Books de foto profissional","publisher":{"@id":"https:\/\/biancamachado.com.br\/blog\/#organization"},"potentialAction":[{"@type":"SearchAction","target":{"@type":"EntryPoint","urlTemplate":"https:\/\/biancamachado.com.br\/blog\/?s={search_term_string}"},"query-input":{"@type":"PropertyValueSpecification","valueRequired":true,"valueName":"search_term_string"}}],"inLanguage":"pt-BR"},{"@type":"Organization","@id":"https:\/\/biancamachado.com.br\/blog\/#organization","name":"STUDIO BIANCA MACHADO","url":"https:\/\/biancamachado.com.br\/blog\/","logo":{"@type":"ImageObject","inLanguage":"pt-BR","@id":"https:\/\/biancamachado.com.br\/blog\/#\/schema\/logo\/image\/","url":"https:\/\/i0.wp.com\/biancamachado.com.br\/blog\/wp-content\/uploads\/2021\/02\/cropped-logo-ml.jpg?fit=278%2C100&ssl=1","contentUrl":"https:\/\/i0.wp.com\/biancamachado.com.br\/blog\/wp-content\/uploads\/2021\/02\/cropped-logo-ml.jpg?fit=278%2C100&ssl=1","width":278,"height":100,"caption":"STUDIO BIANCA MACHADO"},"image":{"@id":"https:\/\/biancamachado.com.br\/blog\/#\/schema\/logo\/image\/"},"sameAs":["https:\/\/www.facebook.com\/Studiobiancamachado\/","https:\/\/www.instagram.com\/Studiobiancamachado\/"]}]}},"jetpack-related-posts":[],"jetpack_sharing_enabled":true,"_links":{"self":[{"href":"https:\/\/biancamachado.com.br\/blog\/wp-json\/wp\/v2\/pages\/3613","targetHints":{"allow":["GET"]}}],"collection":[{"href":"https:\/\/biancamachado.com.br\/blog\/wp-json\/wp\/v2\/pages"}],"about":[{"href":"https:\/\/biancamachado.com.br\/blog\/wp-json\/wp\/v2\/types\/page"}],"author":[{"embeddable":true,"href":"https:\/\/biancamachado.com.br\/blog\/wp-json\/wp\/v2\/users\/1"}],"replies":[{"embeddable":true,"href":"https:\/\/biancamachado.com.br\/blog\/wp-json\/wp\/v2\/comments?post=3613"}],"version-history":[{"count":1,"href":"https:\/\/biancamachado.com.br\/blog\/wp-json\/wp\/v2\/pages\/3613\/revisions"}],"predecessor-version":[{"id":3615,"href":"https:\/\/biancamachado.com.br\/blog\/wp-json\/wp\/v2\/pages\/3613\/revisions\/3615"}],"wp:attachment":[{"href":"https:\/\/biancamachado.com.br\/blog\/wp-json\/wp\/v2\/media?parent=3613"}],"curies":[{"name":"wp","href":"https:\/\/api.w.org\/{rel}","templated":true}]}}