{"id":3602,"date":"2023-02-16T13:56:54","date_gmt":"2023-02-16T16:56:54","guid":{"rendered":"https:\/\/biancamachado.com.br\/blog\/?page_id=3602"},"modified":"2023-02-16T13:57:06","modified_gmt":"2023-02-16T16:57:06","slug":"fotografia-eventos","status":"publish","type":"page","link":"https:\/\/biancamachado.com.br\/blog\/fotografia-eventos\/","title":{"rendered":"Equipe completa de fot\u00f3grafos para o seu evento corporativo"},"content":{"rendered":"\n<p>Se voc\u00ea est\u00e1 procurando por um servi\u00e7o de fotografia corporativa para cobrir um evento, saiba que \u00e9 f\u00e1cil e simples agendar com a equipe do Studio Bianca Machado. Para obter um or\u00e7amento, basta fornecer algumas informa\u00e7\u00f5es importantes, incluindo o tipo de evento (inaugura\u00e7\u00e3o, confraterniza\u00e7\u00e3o, palestras, reuni\u00f5es, conven\u00e7\u00f5es, etc.), o local do evento com o bairro (para termos refer\u00eancia da dist\u00e2ncia), a quantidade de participantes e colaboradores e a quantidade de horas necess\u00e1rias para a cobertura fotogr\u00e1fica.<\/p>\n\n\n\n<div class=\"wp-block-jetpack-tiled-gallery aligncenter is-style-rectangular\"><div class=\"tiled-gallery__gallery\"><div class=\"tiled-gallery__row\"><div class=\"tiled-gallery__col\" style=\"flex-basis:66.78742%\"><figure class=\"tiled-gallery__item\"><img decoding=\"async\" srcset=\"https:\/\/i1.wp.com\/biancamachado.com.br\/blog\/wp-content\/uploads\/2023\/02\/002-10-1024x683.jpg?strip=info&#038;w=600&#038;ssl=1 600w,https:\/\/i1.wp.com\/biancamachado.com.br\/blog\/wp-content\/uploads\/2023\/02\/002-10-1024x683.jpg?strip=info&#038;w=900&#038;ssl=1 900w,https:\/\/i1.wp.com\/biancamachado.com.br\/blog\/wp-content\/uploads\/2023\/02\/002-10-1024x683.jpg?strip=info&#038;w=1200&#038;ssl=1 1200w,https:\/\/i1.wp.com\/biancamachado.com.br\/blog\/wp-content\/uploads\/2023\/02\/002-10-1024x683.jpg?strip=info&#038;w=1500&#038;ssl=1 1500w,https:\/\/i1.wp.com\/biancamachado.com.br\/blog\/wp-content\/uploads\/2023\/02\/002-10-1024x683.jpg?strip=info&#038;w=1800&#038;ssl=1 1800w,https:\/\/i1.wp.com\/biancamachado.com.br\/blog\/wp-content\/uploads\/2023\/02\/002-10-1024x683.jpg?strip=info&#038;w=2000&#038;ssl=1 2000w\" alt=\"fotografia profissional eventos\" data-height=\"1707\" data-id=\"3604\" data-link=\"https:\/\/biancamachado.com.br\/blog\/?attachment_id=3604\" data-url=\"https:\/\/biancamachado.com.br\/blog\/wp-content\/uploads\/2023\/02\/002-10-1024x683.jpg\" data-width=\"2560\" src=\"https:\/\/i1.wp.com\/biancamachado.com.br\/blog\/wp-content\/uploads\/2023\/02\/002-10-1024x683.jpg?ssl=1\" data-amp-layout=\"responsive\"\/><\/figure><\/div><div class=\"tiled-gallery__col\" style=\"flex-basis:33.21258%\"><figure class=\"tiled-gallery__item\"><img decoding=\"async\" srcset=\"https:\/\/i2.wp.com\/biancamachado.com.br\/blog\/wp-content\/uploads\/2023\/02\/005-4-1024x683.jpg?strip=info&#038;w=600&#038;ssl=1 600w,https:\/\/i2.wp.com\/biancamachado.com.br\/blog\/wp-content\/uploads\/2023\/02\/005-4-1024x683.jpg?strip=info&#038;w=900&#038;ssl=1 900w,https:\/\/i2.wp.com\/biancamachado.com.br\/blog\/wp-content\/uploads\/2023\/02\/005-4-1024x683.jpg?strip=info&#038;w=1200&#038;ssl=1 1200w,https:\/\/i2.wp.com\/biancamachado.com.br\/blog\/wp-content\/uploads\/2023\/02\/005-4-1024x683.jpg?strip=info&#038;w=1500&#038;ssl=1 1500w,https:\/\/i2.wp.com\/biancamachado.com.br\/blog\/wp-content\/uploads\/2023\/02\/005-4-1024x683.jpg?strip=info&#038;w=1800&#038;ssl=1 1800w,https:\/\/i2.wp.com\/biancamachado.com.br\/blog\/wp-content\/uploads\/2023\/02\/005-4-1024x683.jpg?strip=info&#038;w=2000&#038;ssl=1 2000w\" alt=\"fotografos profissionais de eventos\" data-height=\"1707\" data-id=\"3605\" data-link=\"https:\/\/biancamachado.com.br\/blog\/?attachment_id=3605\" data-url=\"https:\/\/biancamachado.com.br\/blog\/wp-content\/uploads\/2023\/02\/005-4-1024x683.jpg\" data-width=\"2560\" src=\"https:\/\/i2.wp.com\/biancamachado.com.br\/blog\/wp-content\/uploads\/2023\/02\/005-4-1024x683.jpg?ssl=1\" data-amp-layout=\"responsive\"\/><\/figure><figure class=\"tiled-gallery__item\"><img decoding=\"async\" srcset=\"https:\/\/i1.wp.com\/biancamachado.com.br\/blog\/wp-content\/uploads\/2023\/02\/008-6-1024x683.jpg?strip=info&#038;w=600&#038;ssl=1 600w,https:\/\/i1.wp.com\/biancamachado.com.br\/blog\/wp-content\/uploads\/2023\/02\/008-6-1024x683.jpg?strip=info&#038;w=900&#038;ssl=1 900w,https:\/\/i1.wp.com\/biancamachado.com.br\/blog\/wp-content\/uploads\/2023\/02\/008-6-1024x683.jpg?strip=info&#038;w=1200&#038;ssl=1 1200w,https:\/\/i1.wp.com\/biancamachado.com.br\/blog\/wp-content\/uploads\/2023\/02\/008-6-1024x683.jpg?strip=info&#038;w=1500&#038;ssl=1 1500w,https:\/\/i1.wp.com\/biancamachado.com.br\/blog\/wp-content\/uploads\/2023\/02\/008-6-1024x683.jpg?strip=info&#038;w=1800&#038;ssl=1 1800w,https:\/\/i1.wp.com\/biancamachado.com.br\/blog\/wp-content\/uploads\/2023\/02\/008-6-1024x683.jpg?strip=info&#038;w=2000&#038;ssl=1 2000w\" alt=\"fotografia para empresas\" data-height=\"1707\" data-id=\"3606\" data-link=\"https:\/\/biancamachado.com.br\/blog\/?attachment_id=3606\" data-url=\"https:\/\/biancamachado.com.br\/blog\/wp-content\/uploads\/2023\/02\/008-6-1024x683.jpg\" data-width=\"2560\" src=\"https:\/\/i1.wp.com\/biancamachado.com.br\/blog\/wp-content\/uploads\/2023\/02\/008-6-1024x683.jpg?ssl=1\" data-amp-layout=\"responsive\"\/><\/figure><\/div><\/div><div class=\"tiled-gallery__row\"><div class=\"tiled-gallery__col\" style=\"flex-basis:50.00000%\"><figure class=\"tiled-gallery__item\"><img decoding=\"async\" srcset=\"https:\/\/i1.wp.com\/biancamachado.com.br\/blog\/wp-content\/uploads\/2023\/02\/057-2-1024x683.jpg?strip=info&#038;w=600&#038;ssl=1 600w,https:\/\/i1.wp.com\/biancamachado.com.br\/blog\/wp-content\/uploads\/2023\/02\/057-2-1024x683.jpg?strip=info&#038;w=900&#038;ssl=1 900w,https:\/\/i1.wp.com\/biancamachado.com.br\/blog\/wp-content\/uploads\/2023\/02\/057-2-1024x683.jpg?strip=info&#038;w=1200&#038;ssl=1 1200w,https:\/\/i1.wp.com\/biancamachado.com.br\/blog\/wp-content\/uploads\/2023\/02\/057-2-1024x683.jpg?strip=info&#038;w=1500&#038;ssl=1 1500w,https:\/\/i1.wp.com\/biancamachado.com.br\/blog\/wp-content\/uploads\/2023\/02\/057-2-1024x683.jpg?strip=info&#038;w=1800&#038;ssl=1 1800w,https:\/\/i1.wp.com\/biancamachado.com.br\/blog\/wp-content\/uploads\/2023\/02\/057-2-1024x683.jpg?strip=info&#038;w=2000&#038;ssl=1 2000w\" alt=\"foto institucional\" data-height=\"1707\" data-id=\"3607\" data-link=\"https:\/\/biancamachado.com.br\/blog\/?attachment_id=3607\" data-url=\"https:\/\/biancamachado.com.br\/blog\/wp-content\/uploads\/2023\/02\/057-2-1024x683.jpg\" data-width=\"2560\" src=\"https:\/\/i1.wp.com\/biancamachado.com.br\/blog\/wp-content\/uploads\/2023\/02\/057-2-1024x683.jpg?ssl=1\" data-amp-layout=\"responsive\"\/><\/figure><\/div><div class=\"tiled-gallery__col\" style=\"flex-basis:50.00000%\"><figure class=\"tiled-gallery__item\"><img decoding=\"async\" srcset=\"https:\/\/i2.wp.com\/biancamachado.com.br\/blog\/wp-content\/uploads\/2023\/02\/083-1024x683.jpg?strip=info&#038;w=600&#038;ssl=1 600w,https:\/\/i2.wp.com\/biancamachado.com.br\/blog\/wp-content\/uploads\/2023\/02\/083-1024x683.jpg?strip=info&#038;w=900&#038;ssl=1 900w,https:\/\/i2.wp.com\/biancamachado.com.br\/blog\/wp-content\/uploads\/2023\/02\/083-1024x683.jpg?strip=info&#038;w=1200&#038;ssl=1 1200w,https:\/\/i2.wp.com\/biancamachado.com.br\/blog\/wp-content\/uploads\/2023\/02\/083-1024x683.jpg?strip=info&#038;w=1500&#038;ssl=1 1500w,https:\/\/i2.wp.com\/biancamachado.com.br\/blog\/wp-content\/uploads\/2023\/02\/083-1024x683.jpg?strip=info&#038;w=1800&#038;ssl=1 1800w,https:\/\/i2.wp.com\/biancamachado.com.br\/blog\/wp-content\/uploads\/2023\/02\/083-1024x683.jpg?strip=info&#038;w=2000&#038;ssl=1 2000w\" alt=\"fotos eventos\" data-height=\"1707\" data-id=\"3608\" data-link=\"https:\/\/biancamachado.com.br\/blog\/?attachment_id=3608\" data-url=\"https:\/\/biancamachado.com.br\/blog\/wp-content\/uploads\/2023\/02\/083-1024x683.jpg\" data-width=\"2560\" src=\"https:\/\/i2.wp.com\/biancamachado.com.br\/blog\/wp-content\/uploads\/2023\/02\/083-1024x683.jpg?ssl=1\" data-amp-layout=\"responsive\"\/><\/figure><\/div><\/div><\/div><\/div>\n\n\n\n<p>Se voc\u00ea estiver interessado em agendar uma sess\u00e3o de fotos corporativas, \u00e9 recomend\u00e1vel fazer o agendamento com pelo menos 2 semanas de anteced\u00eancia para garantir a reserva na data preferida. Voc\u00ea pode entrar em contato com a equipe pelo telefone (97107-1018), e-mail (<a href=\"mailto:contato@biancamachado.com.br\">contato@biancamachado.com.br<\/a>) ou WhatsApp para confirmar a disponibilidade da agenda antes da compra. Lembre-se de que a confirma\u00e7\u00e3o do agendamento \u00e9 feita somente ap\u00f3s a confirma\u00e7\u00e3o do pagamento.<\/p>\n\n\n\n<p>Se voc\u00ea precisa de mais de um fot\u00f3grafo para o seu evento, a equipe do Studio pode fornecer uma equipe completa de fot\u00f3grafos, dependendo do porte do evento.<\/p>\n\n\n\n<p><\/p>\nVisite tamb\u00e9m nosso site: www.biancamachado.com.br\r\n(11) 97107-1018\r\n\r\nAtendemos as regi\u00f5es de S\u00e3o Paulo, Sorocaba, Ibi\u00fana, Piedade, Votorantim, Cotia, Itupeva, Jundia\u00ed, It\u00fa e Campinas","protected":false},"excerpt":{"rendered":"<p>Se voc\u00ea est\u00e1 procurando por<\/p>\n","protected":false},"author":1,"featured_media":0,"parent":0,"menu_order":0,"comment_status":"closed","ping_status":"closed","template":"","meta":{"_monsterinsights_skip_tracking":false,"_monsterinsights_sitenote_active":false,"_monsterinsights_sitenote_note":"","_monsterinsights_sitenote_category":0,"jetpack_post_was_ever_published":false,"_joinchat":[],"footnotes":""},"class_list":["post-3602","page","type-page","status-publish","hentry"],"yoast_head":"<!-- This site is optimized with the Yoast SEO plugin v27.3 - https:\/\/yoast.com\/product\/yoast-seo-wordpress\/ -->\n<title>Equipe completa de fot\u00f3grafos para o seu evento corporativo - STUDIO BIANCA MACHADO<\/title>\n<meta name=\"description\" content=\"Se voc\u00ea est\u00e1 procurando por um servi\u00e7o de fotografia corporativa para cobrir um evento, saiba que \u00e9 f\u00e1cil e simples agendar com a equipe do Studio Bianca Machado. Para obter um or\u00e7amento, basta fornecer algumas informa\u00e7\u00f5es importantes, incluindo o tipo de evento (inaugura\u00e7\u00e3o, confraterniza\u00e7\u00e3o, palestras, reuni\u00f5es, conven\u00e7\u00f5es, etc.), o local do evento com o bairro (para termos refer\u00eancia da dist\u00e2ncia), a quantidade de participantes e colaboradores e a quantidade de horas necess\u00e1rias para a cobertura fotogr\u00e1fica.\" \/>\n<meta name=\"robots\" content=\"index, follow, max-snippet:-1, max-image-preview:large, max-video-preview:-1\" \/>\n<link rel=\"canonical\" href=\"https:\/\/biancamachado.com.br\/blog\/fotografia-eventos\/\" \/>\n<meta property=\"og:locale\" content=\"pt_BR\" \/>\n<meta property=\"og:type\" content=\"article\" \/>\n<meta property=\"og:title\" content=\"Equipe completa de fot\u00f3grafos para o seu evento corporativo - STUDIO BIANCA MACHADO\" \/>\n<meta property=\"og:description\" content=\"Se voc\u00ea est\u00e1 procurando por um servi\u00e7o de fotografia corporativa para cobrir um evento, saiba que \u00e9 f\u00e1cil e simples agendar com a equipe do Studio Bianca Machado. Para obter um or\u00e7amento, basta fornecer algumas informa\u00e7\u00f5es importantes, incluindo o tipo de evento (inaugura\u00e7\u00e3o, confraterniza\u00e7\u00e3o, palestras, reuni\u00f5es, conven\u00e7\u00f5es, etc.), o local do evento com o bairro (para termos refer\u00eancia da dist\u00e2ncia), a quantidade de participantes e colaboradores e a quantidade de horas necess\u00e1rias para a cobertura fotogr\u00e1fica.\" \/>\n<meta property=\"og:url\" content=\"https:\/\/biancamachado.com.br\/blog\/fotografia-eventos\/\" \/>\n<meta property=\"og:site_name\" content=\"STUDIO BIANCA MACHADO\" \/>\n<meta property=\"article:publisher\" content=\"https:\/\/www.facebook.com\/Studiobiancamachado\/\" \/>\n<meta property=\"article:modified_time\" content=\"2023-02-16T16:57:06+00:00\" \/>\n<meta property=\"og:image\" content=\"https:\/\/i1.wp.com\/biancamachado.com.br\/blog\/wp-content\/uploads\/2023\/02\/002-10-1024x683.jpg?ssl=1\" \/>\n<meta name=\"twitter:card\" content=\"summary_large_image\" \/>\n<meta name=\"twitter:label1\" content=\"Est. tempo de leitura\" \/>\n\t<meta name=\"twitter:data1\" content=\"2 minutos\" \/>\n<script type=\"application\/ld+json\" class=\"yoast-schema-graph\">{\"@context\":\"https:\\\/\\\/schema.org\",\"@graph\":[{\"@type\":\"WebPage\",\"@id\":\"https:\\\/\\\/biancamachado.com.br\\\/blog\\\/fotografia-eventos\\\/\",\"url\":\"https:\\\/\\\/biancamachado.com.br\\\/blog\\\/fotografia-eventos\\\/\",\"name\":\"Equipe completa de fot\u00f3grafos para o seu evento corporativo - STUDIO BIANCA MACHADO\",\"isPartOf\":{\"@id\":\"https:\\\/\\\/biancamachado.com.br\\\/blog\\\/#website\"},\"primaryImageOfPage\":{\"@id\":\"https:\\\/\\\/biancamachado.com.br\\\/blog\\\/fotografia-eventos\\\/#primaryimage\"},\"image\":{\"@id\":\"https:\\\/\\\/biancamachado.com.br\\\/blog\\\/fotografia-eventos\\\/#primaryimage\"},\"thumbnailUrl\":\"https:\\\/\\\/i1.wp.com\\\/biancamachado.com.br\\\/blog\\\/wp-content\\\/uploads\\\/2023\\\/02\\\/002-10-1024x683.jpg?ssl=1\",\"datePublished\":\"2023-02-16T16:56:54+00:00\",\"dateModified\":\"2023-02-16T16:57:06+00:00\",\"description\":\"Se voc\u00ea est\u00e1 procurando por um servi\u00e7o de fotografia corporativa para cobrir um evento, saiba que \u00e9 f\u00e1cil e simples agendar com a equipe do Studio Bianca Machado. Para obter um or\u00e7amento, basta fornecer algumas informa\u00e7\u00f5es importantes, incluindo o tipo de evento (inaugura\u00e7\u00e3o, confraterniza\u00e7\u00e3o, palestras, reuni\u00f5es, conven\u00e7\u00f5es, etc.), o local do evento com o bairro (para termos refer\u00eancia da dist\u00e2ncia), a quantidade de participantes e colaboradores e a quantidade de horas necess\u00e1rias para a cobertura fotogr\u00e1fica.\",\"breadcrumb\":{\"@id\":\"https:\\\/\\\/biancamachado.com.br\\\/blog\\\/fotografia-eventos\\\/#breadcrumb\"},\"inLanguage\":\"pt-BR\",\"potentialAction\":[{\"@type\":\"ReadAction\",\"target\":[\"https:\\\/\\\/biancamachado.com.br\\\/blog\\\/fotografia-eventos\\\/\"]}]},{\"@type\":\"ImageObject\",\"inLanguage\":\"pt-BR\",\"@id\":\"https:\\\/\\\/biancamachado.com.br\\\/blog\\\/fotografia-eventos\\\/#primaryimage\",\"url\":\"https:\\\/\\\/i1.wp.com\\\/biancamachado.com.br\\\/blog\\\/wp-content\\\/uploads\\\/2023\\\/02\\\/002-10-1024x683.jpg?ssl=1\",\"contentUrl\":\"https:\\\/\\\/i1.wp.com\\\/biancamachado.com.br\\\/blog\\\/wp-content\\\/uploads\\\/2023\\\/02\\\/002-10-1024x683.jpg?ssl=1\"},{\"@type\":\"BreadcrumbList\",\"@id\":\"https:\\\/\\\/biancamachado.com.br\\\/blog\\\/fotografia-eventos\\\/#breadcrumb\",\"itemListElement\":[{\"@type\":\"ListItem\",\"position\":1,\"name\":\"In\u00edcio\",\"item\":\"https:\\\/\\\/biancamachado.com.br\\\/blog\\\/\"},{\"@type\":\"ListItem\",\"position\":2,\"name\":\"Equipe completa de fot\u00f3grafos para o seu evento corporativo\"}]},{\"@type\":\"WebSite\",\"@id\":\"https:\\\/\\\/biancamachado.com.br\\\/blog\\\/#website\",\"url\":\"https:\\\/\\\/biancamachado.com.br\\\/blog\\\/\",\"name\":\"STUDIO BIANCA MACHADO\",\"description\":\"Estudio Fotografico, Ensaios e Books de foto profissional\",\"publisher\":{\"@id\":\"https:\\\/\\\/biancamachado.com.br\\\/blog\\\/#organization\"},\"potentialAction\":[{\"@type\":\"SearchAction\",\"target\":{\"@type\":\"EntryPoint\",\"urlTemplate\":\"https:\\\/\\\/biancamachado.com.br\\\/blog\\\/?s={search_term_string}\"},\"query-input\":{\"@type\":\"PropertyValueSpecification\",\"valueRequired\":true,\"valueName\":\"search_term_string\"}}],\"inLanguage\":\"pt-BR\"},{\"@type\":\"Organization\",\"@id\":\"https:\\\/\\\/biancamachado.com.br\\\/blog\\\/#organization\",\"name\":\"STUDIO BIANCA MACHADO\",\"url\":\"https:\\\/\\\/biancamachado.com.br\\\/blog\\\/\",\"logo\":{\"@type\":\"ImageObject\",\"inLanguage\":\"pt-BR\",\"@id\":\"https:\\\/\\\/biancamachado.com.br\\\/blog\\\/#\\\/schema\\\/logo\\\/image\\\/\",\"url\":\"https:\\\/\\\/i0.wp.com\\\/biancamachado.com.br\\\/blog\\\/wp-content\\\/uploads\\\/2021\\\/02\\\/cropped-logo-ml.jpg?fit=278%2C100&ssl=1\",\"contentUrl\":\"https:\\\/\\\/i0.wp.com\\\/biancamachado.com.br\\\/blog\\\/wp-content\\\/uploads\\\/2021\\\/02\\\/cropped-logo-ml.jpg?fit=278%2C100&ssl=1\",\"width\":278,\"height\":100,\"caption\":\"STUDIO BIANCA MACHADO\"},\"image\":{\"@id\":\"https:\\\/\\\/biancamachado.com.br\\\/blog\\\/#\\\/schema\\\/logo\\\/image\\\/\"},\"sameAs\":[\"https:\\\/\\\/www.facebook.com\\\/Studiobiancamachado\\\/\",\"https:\\\/\\\/www.instagram.com\\\/Studiobiancamachado\\\/\"]}]}<\/script>\n<!-- \/ Yoast SEO plugin. -->","yoast_head_json":{"title":"Equipe completa de fot\u00f3grafos para o seu evento corporativo - STUDIO BIANCA MACHADO","description":"Se voc\u00ea est\u00e1 procurando por um servi\u00e7o de fotografia corporativa para cobrir um evento, saiba que \u00e9 f\u00e1cil e simples agendar com a equipe do Studio Bianca Machado. Para obter um or\u00e7amento, basta fornecer algumas informa\u00e7\u00f5es importantes, incluindo o tipo de evento (inaugura\u00e7\u00e3o, confraterniza\u00e7\u00e3o, palestras, reuni\u00f5es, conven\u00e7\u00f5es, etc.), o local do evento com o bairro (para termos refer\u00eancia da dist\u00e2ncia), a quantidade de participantes e colaboradores e a quantidade de horas necess\u00e1rias para a cobertura fotogr\u00e1fica.","robots":{"index":"index","follow":"follow","max-snippet":"max-snippet:-1","max-image-preview":"max-image-preview:large","max-video-preview":"max-video-preview:-1"},"canonical":"https:\/\/biancamachado.com.br\/blog\/fotografia-eventos\/","og_locale":"pt_BR","og_type":"article","og_title":"Equipe completa de fot\u00f3grafos para o seu evento corporativo - STUDIO BIANCA MACHADO","og_description":"Se voc\u00ea est\u00e1 procurando por um servi\u00e7o de fotografia corporativa para cobrir um evento, saiba que \u00e9 f\u00e1cil e simples agendar com a equipe do Studio Bianca Machado. Para obter um or\u00e7amento, basta fornecer algumas informa\u00e7\u00f5es importantes, incluindo o tipo de evento (inaugura\u00e7\u00e3o, confraterniza\u00e7\u00e3o, palestras, reuni\u00f5es, conven\u00e7\u00f5es, etc.), o local do evento com o bairro (para termos refer\u00eancia da dist\u00e2ncia), a quantidade de participantes e colaboradores e a quantidade de horas necess\u00e1rias para a cobertura fotogr\u00e1fica.","og_url":"https:\/\/biancamachado.com.br\/blog\/fotografia-eventos\/","og_site_name":"STUDIO BIANCA MACHADO","article_publisher":"https:\/\/www.facebook.com\/Studiobiancamachado\/","article_modified_time":"2023-02-16T16:57:06+00:00","og_image":[{"url":"https:\/\/i1.wp.com\/biancamachado.com.br\/blog\/wp-content\/uploads\/2023\/02\/002-10-1024x683.jpg?ssl=1","type":"","width":"","height":""}],"twitter_card":"summary_large_image","twitter_misc":{"Est. tempo de leitura":"2 minutos"},"schema":{"@context":"https:\/\/schema.org","@graph":[{"@type":"WebPage","@id":"https:\/\/biancamachado.com.br\/blog\/fotografia-eventos\/","url":"https:\/\/biancamachado.com.br\/blog\/fotografia-eventos\/","name":"Equipe completa de fot\u00f3grafos para o seu evento corporativo - STUDIO BIANCA MACHADO","isPartOf":{"@id":"https:\/\/biancamachado.com.br\/blog\/#website"},"primaryImageOfPage":{"@id":"https:\/\/biancamachado.com.br\/blog\/fotografia-eventos\/#primaryimage"},"image":{"@id":"https:\/\/biancamachado.com.br\/blog\/fotografia-eventos\/#primaryimage"},"thumbnailUrl":"https:\/\/i1.wp.com\/biancamachado.com.br\/blog\/wp-content\/uploads\/2023\/02\/002-10-1024x683.jpg?ssl=1","datePublished":"2023-02-16T16:56:54+00:00","dateModified":"2023-02-16T16:57:06+00:00","description":"Se voc\u00ea est\u00e1 procurando por um servi\u00e7o de fotografia corporativa para cobrir um evento, saiba que \u00e9 f\u00e1cil e simples agendar com a equipe do Studio Bianca Machado. Para obter um or\u00e7amento, basta fornecer algumas informa\u00e7\u00f5es importantes, incluindo o tipo de evento (inaugura\u00e7\u00e3o, confraterniza\u00e7\u00e3o, palestras, reuni\u00f5es, conven\u00e7\u00f5es, etc.), o local do evento com o bairro (para termos refer\u00eancia da dist\u00e2ncia), a quantidade de participantes e colaboradores e a quantidade de horas necess\u00e1rias para a cobertura fotogr\u00e1fica.","breadcrumb":{"@id":"https:\/\/biancamachado.com.br\/blog\/fotografia-eventos\/#breadcrumb"},"inLanguage":"pt-BR","potentialAction":[{"@type":"ReadAction","target":["https:\/\/biancamachado.com.br\/blog\/fotografia-eventos\/"]}]},{"@type":"ImageObject","inLanguage":"pt-BR","@id":"https:\/\/biancamachado.com.br\/blog\/fotografia-eventos\/#primaryimage","url":"https:\/\/i1.wp.com\/biancamachado.com.br\/blog\/wp-content\/uploads\/2023\/02\/002-10-1024x683.jpg?ssl=1","contentUrl":"https:\/\/i1.wp.com\/biancamachado.com.br\/blog\/wp-content\/uploads\/2023\/02\/002-10-1024x683.jpg?ssl=1"},{"@type":"BreadcrumbList","@id":"https:\/\/biancamachado.com.br\/blog\/fotografia-eventos\/#breadcrumb","itemListElement":[{"@type":"ListItem","position":1,"name":"In\u00edcio","item":"https:\/\/biancamachado.com.br\/blog\/"},{"@type":"ListItem","position":2,"name":"Equipe completa de fot\u00f3grafos para o seu evento corporativo"}]},{"@type":"WebSite","@id":"https:\/\/biancamachado.com.br\/blog\/#website","url":"https:\/\/biancamachado.com.br\/blog\/","name":"STUDIO BIANCA MACHADO","description":"Estudio Fotografico, Ensaios e Books de foto profissional","publisher":{"@id":"https:\/\/biancamachado.com.br\/blog\/#organization"},"potentialAction":[{"@type":"SearchAction","target":{"@type":"EntryPoint","urlTemplate":"https:\/\/biancamachado.com.br\/blog\/?s={search_term_string}"},"query-input":{"@type":"PropertyValueSpecification","valueRequired":true,"valueName":"search_term_string"}}],"inLanguage":"pt-BR"},{"@type":"Organization","@id":"https:\/\/biancamachado.com.br\/blog\/#organization","name":"STUDIO BIANCA MACHADO","url":"https:\/\/biancamachado.com.br\/blog\/","logo":{"@type":"ImageObject","inLanguage":"pt-BR","@id":"https:\/\/biancamachado.com.br\/blog\/#\/schema\/logo\/image\/","url":"https:\/\/i0.wp.com\/biancamachado.com.br\/blog\/wp-content\/uploads\/2021\/02\/cropped-logo-ml.jpg?fit=278%2C100&ssl=1","contentUrl":"https:\/\/i0.wp.com\/biancamachado.com.br\/blog\/wp-content\/uploads\/2021\/02\/cropped-logo-ml.jpg?fit=278%2C100&ssl=1","width":278,"height":100,"caption":"STUDIO BIANCA MACHADO"},"image":{"@id":"https:\/\/biancamachado.com.br\/blog\/#\/schema\/logo\/image\/"},"sameAs":["https:\/\/www.facebook.com\/Studiobiancamachado\/","https:\/\/www.instagram.com\/Studiobiancamachado\/"]}]}},"jetpack-related-posts":[],"jetpack_sharing_enabled":true,"_links":{"self":[{"href":"https:\/\/biancamachado.com.br\/blog\/wp-json\/wp\/v2\/pages\/3602","targetHints":{"allow":["GET"]}}],"collection":[{"href":"https:\/\/biancamachado.com.br\/blog\/wp-json\/wp\/v2\/pages"}],"about":[{"href":"https:\/\/biancamachado.com.br\/blog\/wp-json\/wp\/v2\/types\/page"}],"author":[{"embeddable":true,"href":"https:\/\/biancamachado.com.br\/blog\/wp-json\/wp\/v2\/users\/1"}],"replies":[{"embeddable":true,"href":"https:\/\/biancamachado.com.br\/blog\/wp-json\/wp\/v2\/comments?post=3602"}],"version-history":[{"count":1,"href":"https:\/\/biancamachado.com.br\/blog\/wp-json\/wp\/v2\/pages\/3602\/revisions"}],"predecessor-version":[{"id":3609,"href":"https:\/\/biancamachado.com.br\/blog\/wp-json\/wp\/v2\/pages\/3602\/revisions\/3609"}],"wp:attachment":[{"href":"https:\/\/biancamachado.com.br\/blog\/wp-json\/wp\/v2\/media?parent=3602"}],"curies":[{"name":"wp","href":"https:\/\/api.w.org\/{rel}","templated":true}]}}