{"id":3574,"date":"2023-02-16T13:14:59","date_gmt":"2023-02-16T16:14:59","guid":{"rendered":"https:\/\/biancamachado.com.br\/blog\/?page_id=3574"},"modified":"2023-02-16T13:15:16","modified_gmt":"2023-02-16T16:15:16","slug":"cha-de-bebe-cha-revelacao","status":"publish","type":"page","link":"https:\/\/biancamachado.com.br\/blog\/cha-de-bebe-cha-revelacao\/","title":{"rendered":"Eternize o seu ch\u00e1 de beb\u00ea com fotos inesquec\u00edveis"},"content":{"rendered":"\n<p>As fotos do seu ch\u00e1 de beb\u00ea ou ch\u00e1 revela\u00e7\u00e3o s\u00e3o uma forma de eternizar esse momento t\u00e3o especial e significativo na vida de uma fam\u00edlia. Al\u00e9m de registrar a decora\u00e7\u00e3o, as roupas e os detalhes da festa, essas fotos tamb\u00e9m capturam as emo\u00e7\u00f5es e os sorrisos dos convidados e, claro, do beb\u00ea. \u00c9 uma forma de guardar para sempre a mem\u00f3ria dessa fase t\u00e3o importante.<\/p>\n\n\n\n<p>Por isso, escolher um profissional de confian\u00e7a para fotografar o seu ch\u00e1 de beb\u00ea ou ch\u00e1 revela\u00e7\u00e3o \u00e9 essencial. Al\u00e9m de garantir que as fotos sejam de alta qualidade, voc\u00ea tamb\u00e9m pode ter a certeza de que essas mem\u00f3rias ser\u00e3o registradas com carinho e sensibilidade. Com uma equipe de fot\u00f3grafos experientes, a Bianca Machado oferece um servi\u00e7o completo e personalizado para garantir que as suas fotos sejam t\u00e3o especiais quanto o seu ch\u00e1 de beb\u00ea ou ch\u00e1 revela\u00e7\u00e3o.<\/p>\n\n\n\n<p>Convidamos voc\u00ea a clicar no link da nossa <a href=\"https:\/\/www.biancamachado.com.br\/chadebebeprecos.html\">loja virtual<\/a> para conhecer nossos pacotes e <a href=\"https:\/\/www.biancamachado.com.br\/chadebebeprecos.html\">pre\u00e7os<\/a>. Garanta j\u00e1 as fotos inesquec\u00edveis do seu ch\u00e1 de beb\u00ea ou ch\u00e1 revela\u00e7\u00e3o com o Studio Bianca Machado.<\/p>\n\n\n\n<div class=\"wp-block-jetpack-tiled-gallery aligncenter is-style-rectangular\"><div class=\"tiled-gallery__gallery\"><div class=\"tiled-gallery__row\"><div class=\"tiled-gallery__col\" style=\"flex-basis:100.00000%\"><figure class=\"tiled-gallery__item\"><img decoding=\"async\" srcset=\"https:\/\/i1.wp.com\/biancamachado.com.br\/blog\/wp-content\/uploads\/2021\/04\/Cha-Revelacao-Daniela-Ternes-23-01-2021-22-1024x683.jpg?strip=info&#038;w=600&#038;ssl=1 600w,https:\/\/i1.wp.com\/biancamachado.com.br\/blog\/wp-content\/uploads\/2021\/04\/Cha-Revelacao-Daniela-Ternes-23-01-2021-22-1024x683.jpg?strip=info&#038;w=900&#038;ssl=1 900w,https:\/\/i1.wp.com\/biancamachado.com.br\/blog\/wp-content\/uploads\/2021\/04\/Cha-Revelacao-Daniela-Ternes-23-01-2021-22-1024x683.jpg?strip=info&#038;w=1200&#038;ssl=1 1200w,https:\/\/i1.wp.com\/biancamachado.com.br\/blog\/wp-content\/uploads\/2021\/04\/Cha-Revelacao-Daniela-Ternes-23-01-2021-22-1024x683.jpg?strip=info&#038;w=1500&#038;ssl=1 1500w,https:\/\/i1.wp.com\/biancamachado.com.br\/blog\/wp-content\/uploads\/2021\/04\/Cha-Revelacao-Daniela-Ternes-23-01-2021-22-1024x683.jpg?strip=info&#038;w=1800&#038;ssl=1 1800w,https:\/\/i1.wp.com\/biancamachado.com.br\/blog\/wp-content\/uploads\/2021\/04\/Cha-Revelacao-Daniela-Ternes-23-01-2021-22-1024x683.jpg?strip=info&#038;w=2000&#038;ssl=1 2000w\" alt=\"fotografos na pandemia\" data-height=\"1707\" data-id=\"2457\" data-link=\"https:\/\/biancamachado.com.br\/blog\/cha-revelacao-daniela-ternes-23-01-2021-22\/\" data-url=\"https:\/\/biancamachado.com.br\/blog\/wp-content\/uploads\/2021\/04\/Cha-Revelacao-Daniela-Ternes-23-01-2021-22-1024x683.jpg\" data-width=\"2560\" src=\"https:\/\/i1.wp.com\/biancamachado.com.br\/blog\/wp-content\/uploads\/2021\/04\/Cha-Revelacao-Daniela-Ternes-23-01-2021-22-1024x683.jpg?ssl=1\" data-amp-layout=\"responsive\"\/><\/figure><\/div><\/div><\/div><\/div>\n\n\n\n<p>Com muito carinho e dedica\u00e7\u00e3o, apresentamos nossos servi\u00e7os para o seu ch\u00e1 de beb\u00ea ou ch\u00e1 revela\u00e7\u00e3o. Aqui no Studio Bianca Machado, oferecemos a voc\u00ea op\u00e7\u00f5es de fotografia e fotolivro para registrar esse momento t\u00e3o especial e inesquec\u00edvel.<\/p>\n\n\n\n<p>Agendar suas fotos \u00e9 simples e f\u00e1cil. Voc\u00ea pode realizar sua compra na nossa loja virtual e agendar atrav\u00e9s do nosso Whatsapp (011) 97107-1018 ou (015) 99663-1663 ou pelo email <a href=\"mailto:contato@biancamachado.com.br\">contato@biancamachado.com.br<\/a>.<\/p>\n\n\n\n<p>Nossa op\u00e7\u00e3o de fotografia DIGITAL inclui fotos em alta resolu\u00e7\u00e3o em formato digital, disponibilizadas para download. As fotos podem ser impressas com qualidade em qualquer laborat\u00f3rio fotogr\u00e1fico a pre\u00e7o de custo. Caso deseje, \u00e9 poss\u00edvel adquirir o fotolivro posteriormente, basta acertar a diferen\u00e7a de valor entre os pacotes.<\/p>\n\n\n\n<p>Um fot\u00f3grafo estar\u00e1 presente na sua festa, capturando todos os detalhes e emo\u00e7\u00f5es dessa ocasi\u00e3o \u00fanica. O tempo de cobertura varia de 2 a 3 horas, dependendo do pacote contratado.<\/p>\n\n\n\n<p>Atendemos a regi\u00e3o de S\u00e3o Paulo e Grande SP, bem como Sorocaba e regi\u00e3o. Em casos de localidades fora desses lugares, pode ser cobrada uma taxa de dist\u00e2ncia adicional. N\u00e3o h\u00e1 custo adicional para festas com mais de um filho.<\/p>\n\n\n\n<p>Nossas fotos s\u00e3o captadas com estilo fotojornal\u00edstico, registrando sorrisos e emo\u00e7\u00f5es, e n\u00e3o apenas fotos posadas e pedidas. Portanto, n\u00e3o \u00e9 poss\u00edvel adquirir fotos avulsas.<\/p>\n\n\n\n<p>O pagamento pode ser feito no site, parcelado em 3x sem juros no cart\u00e3o de cr\u00e9dito, ou em alguns casos durante a festa atrav\u00e9s de m\u00e1quina de cart\u00e3o.<\/p>\n\n\n\n<p>Ap\u00f3s a festa, voc\u00ea receber\u00e1 um nome de usu\u00e1rio e senha para escolher as fotos para o fotolivro. Em at\u00e9 10 dias \u00fateis, voc\u00ea receber\u00e1 o lay-out das montagens das p\u00e1ginas e capa para aprova\u00e7\u00e3o. Ap\u00f3s a aprova\u00e7\u00e3o, o fotolivro ser\u00e1 encadernado e estar\u00e1 dispon\u00edvel para retirada em at\u00e9 22 dias \u00fateis no est\u00fadio.<\/p>\n\n\n\n<p>Nosso est\u00fadio est\u00e1 aberto para atendimento e agendamento todos os dias, preferencialmente atrav\u00e9s do Whatsapp (11) 97107-1018 e (15) 99663-1663. Retornaremos as <\/p>\n\n\n\n<p>mensagens sempre que poss\u00edvel durante o intervalo das sess\u00f5es.<\/p>\n\n\n\n<p>As op\u00e7\u00f5es de fotolivro incluem o Fotolivro B\u00e1sico, Econ\u00f4mico e Completo. O Fotolivro B\u00e1sico possui apenas a capa personalizada e fotos em p\u00e1gina inteira. J\u00e1 as op\u00e7\u00f5es Econ\u00f4mica e Completa possuem montagens criativas nas p\u00e1ginas, com diferen\u00e7as quanto ao tamanho, quantidade de fotos e p\u00e1ginas.<\/p>\n\n\n\n<p>Em resumo, na Bianca Machado, oferecemos uma experi\u00eancia completa e personalizada para registrar o seu ch\u00e1 de beb\u00ea ou ch\u00e1 revela\u00e7\u00e3o. Agende j\u00e1 sua sess\u00e3o e n\u00e3o perca a oportunidade de guardar para sempre essas mem\u00f3rias inesquec\u00edveis.<\/p>\nVisite tamb\u00e9m nosso site: www.biancamachado.com.br\r\n(11) 97107-1018\r\n\r\nAtendemos as regi\u00f5es de S\u00e3o Paulo, Sorocaba, Ibi\u00fana, Piedade, Votorantim, Cotia, Itupeva, Jundia\u00ed, It\u00fa e Campinas","protected":false},"excerpt":{"rendered":"<p>As fotos do seu ch\u00e1<\/p>\n","protected":false},"author":1,"featured_media":0,"parent":0,"menu_order":0,"comment_status":"closed","ping_status":"closed","template":"","meta":{"_monsterinsights_skip_tracking":false,"_monsterinsights_sitenote_active":false,"_monsterinsights_sitenote_note":"","_monsterinsights_sitenote_category":0,"_joinchat":[],"footnotes":""},"class_list":["post-3574","page","type-page","status-publish","hentry"],"yoast_head":"<!-- This site is optimized with the Yoast SEO plugin v27.5 - https:\/\/yoast.com\/product\/yoast-seo-wordpress\/ -->\n<title>Eternize o seu ch\u00e1 de beb\u00ea com fotos inesquec\u00edveis - STUDIO BIANCA MACHADO<\/title>\n<meta name=\"description\" content=\"As fotos do seu ch\u00e1 de beb\u00ea ou ch\u00e1 revela\u00e7\u00e3o s\u00e3o uma forma de eternizar esse momento t\u00e3o especial e significativo na vida de uma fam\u00edlia. Al\u00e9m de registrar a decora\u00e7\u00e3o, as roupas e os detalhes da festa, essas fotos tamb\u00e9m capturam as emo\u00e7\u00f5es e os sorrisos dos convidados e, claro, do beb\u00ea. \u00c9 uma forma de guardar para sempre a mem\u00f3ria dessa fase t\u00e3o importante.\" \/>\n<meta name=\"robots\" content=\"index, follow, max-snippet:-1, max-image-preview:large, max-video-preview:-1\" \/>\n<link rel=\"canonical\" href=\"https:\/\/biancamachado.com.br\/blog\/cha-de-bebe-cha-revelacao\/\" \/>\n<meta property=\"og:locale\" content=\"pt_BR\" \/>\n<meta property=\"og:type\" content=\"article\" \/>\n<meta property=\"og:title\" content=\"Eternize o seu ch\u00e1 de beb\u00ea com fotos inesquec\u00edveis - STUDIO BIANCA MACHADO\" \/>\n<meta property=\"og:description\" content=\"As fotos do seu ch\u00e1 de beb\u00ea ou ch\u00e1 revela\u00e7\u00e3o s\u00e3o uma forma de eternizar esse momento t\u00e3o especial e significativo na vida de uma fam\u00edlia. Al\u00e9m de registrar a decora\u00e7\u00e3o, as roupas e os detalhes da festa, essas fotos tamb\u00e9m capturam as emo\u00e7\u00f5es e os sorrisos dos convidados e, claro, do beb\u00ea. \u00c9 uma forma de guardar para sempre a mem\u00f3ria dessa fase t\u00e3o importante.\" \/>\n<meta property=\"og:url\" content=\"https:\/\/biancamachado.com.br\/blog\/cha-de-bebe-cha-revelacao\/\" \/>\n<meta property=\"og:site_name\" content=\"STUDIO BIANCA MACHADO\" \/>\n<meta property=\"article:publisher\" content=\"https:\/\/www.facebook.com\/Studiobiancamachado\/\" \/>\n<meta property=\"article:modified_time\" content=\"2023-02-16T16:15:16+00:00\" \/>\n<meta property=\"og:image\" content=\"https:\/\/i1.wp.com\/biancamachado.com.br\/blog\/wp-content\/uploads\/2021\/04\/Cha-Revelacao-Daniela-Ternes-23-01-2021-22-1024x683.jpg?ssl=1\" \/>\n<meta name=\"twitter:card\" content=\"summary_large_image\" \/>\n<meta name=\"twitter:label1\" content=\"Est. tempo de leitura\" \/>\n\t<meta name=\"twitter:data1\" content=\"4 minutos\" \/>\n<script type=\"application\/ld+json\" class=\"yoast-schema-graph\">{\"@context\":\"https:\\\/\\\/schema.org\",\"@graph\":[{\"@type\":\"WebPage\",\"@id\":\"https:\\\/\\\/biancamachado.com.br\\\/blog\\\/cha-de-bebe-cha-revelacao\\\/\",\"url\":\"https:\\\/\\\/biancamachado.com.br\\\/blog\\\/cha-de-bebe-cha-revelacao\\\/\",\"name\":\"Eternize o seu ch\u00e1 de beb\u00ea com fotos inesquec\u00edveis - STUDIO BIANCA MACHADO\",\"isPartOf\":{\"@id\":\"https:\\\/\\\/biancamachado.com.br\\\/blog\\\/#website\"},\"primaryImageOfPage\":{\"@id\":\"https:\\\/\\\/biancamachado.com.br\\\/blog\\\/cha-de-bebe-cha-revelacao\\\/#primaryimage\"},\"image\":{\"@id\":\"https:\\\/\\\/biancamachado.com.br\\\/blog\\\/cha-de-bebe-cha-revelacao\\\/#primaryimage\"},\"thumbnailUrl\":\"https:\\\/\\\/i1.wp.com\\\/biancamachado.com.br\\\/blog\\\/wp-content\\\/uploads\\\/2021\\\/04\\\/Cha-Revelacao-Daniela-Ternes-23-01-2021-22-1024x683.jpg?ssl=1\",\"datePublished\":\"2023-02-16T16:14:59+00:00\",\"dateModified\":\"2023-02-16T16:15:16+00:00\",\"description\":\"As fotos do seu ch\u00e1 de beb\u00ea ou ch\u00e1 revela\u00e7\u00e3o s\u00e3o uma forma de eternizar esse momento t\u00e3o especial e significativo na vida de uma fam\u00edlia. Al\u00e9m de registrar a decora\u00e7\u00e3o, as roupas e os detalhes da festa, essas fotos tamb\u00e9m capturam as emo\u00e7\u00f5es e os sorrisos dos convidados e, claro, do beb\u00ea. \u00c9 uma forma de guardar para sempre a mem\u00f3ria dessa fase t\u00e3o importante.\",\"breadcrumb\":{\"@id\":\"https:\\\/\\\/biancamachado.com.br\\\/blog\\\/cha-de-bebe-cha-revelacao\\\/#breadcrumb\"},\"inLanguage\":\"pt-BR\",\"potentialAction\":[{\"@type\":\"ReadAction\",\"target\":[\"https:\\\/\\\/biancamachado.com.br\\\/blog\\\/cha-de-bebe-cha-revelacao\\\/\"]}]},{\"@type\":\"ImageObject\",\"inLanguage\":\"pt-BR\",\"@id\":\"https:\\\/\\\/biancamachado.com.br\\\/blog\\\/cha-de-bebe-cha-revelacao\\\/#primaryimage\",\"url\":\"https:\\\/\\\/i1.wp.com\\\/biancamachado.com.br\\\/blog\\\/wp-content\\\/uploads\\\/2021\\\/04\\\/Cha-Revelacao-Daniela-Ternes-23-01-2021-22-1024x683.jpg?ssl=1\",\"contentUrl\":\"https:\\\/\\\/i1.wp.com\\\/biancamachado.com.br\\\/blog\\\/wp-content\\\/uploads\\\/2021\\\/04\\\/Cha-Revelacao-Daniela-Ternes-23-01-2021-22-1024x683.jpg?ssl=1\"},{\"@type\":\"BreadcrumbList\",\"@id\":\"https:\\\/\\\/biancamachado.com.br\\\/blog\\\/cha-de-bebe-cha-revelacao\\\/#breadcrumb\",\"itemListElement\":[{\"@type\":\"ListItem\",\"position\":1,\"name\":\"In\u00edcio\",\"item\":\"https:\\\/\\\/biancamachado.com.br\\\/blog\\\/\"},{\"@type\":\"ListItem\",\"position\":2,\"name\":\"Eternize o seu ch\u00e1 de beb\u00ea com fotos inesquec\u00edveis\"}]},{\"@type\":\"WebSite\",\"@id\":\"https:\\\/\\\/biancamachado.com.br\\\/blog\\\/#website\",\"url\":\"https:\\\/\\\/biancamachado.com.br\\\/blog\\\/\",\"name\":\"STUDIO BIANCA MACHADO\",\"description\":\"Estudio Fotografico, Ensaios e Books de foto profissional\",\"publisher\":{\"@id\":\"https:\\\/\\\/biancamachado.com.br\\\/blog\\\/#organization\"},\"potentialAction\":[{\"@type\":\"SearchAction\",\"target\":{\"@type\":\"EntryPoint\",\"urlTemplate\":\"https:\\\/\\\/biancamachado.com.br\\\/blog\\\/?s={search_term_string}\"},\"query-input\":{\"@type\":\"PropertyValueSpecification\",\"valueRequired\":true,\"valueName\":\"search_term_string\"}}],\"inLanguage\":\"pt-BR\"},{\"@type\":\"Organization\",\"@id\":\"https:\\\/\\\/biancamachado.com.br\\\/blog\\\/#organization\",\"name\":\"STUDIO BIANCA MACHADO\",\"url\":\"https:\\\/\\\/biancamachado.com.br\\\/blog\\\/\",\"logo\":{\"@type\":\"ImageObject\",\"inLanguage\":\"pt-BR\",\"@id\":\"https:\\\/\\\/biancamachado.com.br\\\/blog\\\/#\\\/schema\\\/logo\\\/image\\\/\",\"url\":\"https:\\\/\\\/i0.wp.com\\\/biancamachado.com.br\\\/blog\\\/wp-content\\\/uploads\\\/2021\\\/02\\\/cropped-logo-ml.jpg?fit=278%2C100&ssl=1\",\"contentUrl\":\"https:\\\/\\\/i0.wp.com\\\/biancamachado.com.br\\\/blog\\\/wp-content\\\/uploads\\\/2021\\\/02\\\/cropped-logo-ml.jpg?fit=278%2C100&ssl=1\",\"width\":278,\"height\":100,\"caption\":\"STUDIO BIANCA MACHADO\"},\"image\":{\"@id\":\"https:\\\/\\\/biancamachado.com.br\\\/blog\\\/#\\\/schema\\\/logo\\\/image\\\/\"},\"sameAs\":[\"https:\\\/\\\/www.facebook.com\\\/Studiobiancamachado\\\/\",\"https:\\\/\\\/www.instagram.com\\\/Studiobiancamachado\\\/\"]}]}<\/script>\n<!-- \/ Yoast SEO plugin. -->","yoast_head_json":{"title":"Eternize o seu ch\u00e1 de beb\u00ea com fotos inesquec\u00edveis - STUDIO BIANCA MACHADO","description":"As fotos do seu ch\u00e1 de beb\u00ea ou ch\u00e1 revela\u00e7\u00e3o s\u00e3o uma forma de eternizar esse momento t\u00e3o especial e significativo na vida de uma fam\u00edlia. Al\u00e9m de registrar a decora\u00e7\u00e3o, as roupas e os detalhes da festa, essas fotos tamb\u00e9m capturam as emo\u00e7\u00f5es e os sorrisos dos convidados e, claro, do beb\u00ea. \u00c9 uma forma de guardar para sempre a mem\u00f3ria dessa fase t\u00e3o importante.","robots":{"index":"index","follow":"follow","max-snippet":"max-snippet:-1","max-image-preview":"max-image-preview:large","max-video-preview":"max-video-preview:-1"},"canonical":"https:\/\/biancamachado.com.br\/blog\/cha-de-bebe-cha-revelacao\/","og_locale":"pt_BR","og_type":"article","og_title":"Eternize o seu ch\u00e1 de beb\u00ea com fotos inesquec\u00edveis - STUDIO BIANCA MACHADO","og_description":"As fotos do seu ch\u00e1 de beb\u00ea ou ch\u00e1 revela\u00e7\u00e3o s\u00e3o uma forma de eternizar esse momento t\u00e3o especial e significativo na vida de uma fam\u00edlia. Al\u00e9m de registrar a decora\u00e7\u00e3o, as roupas e os detalhes da festa, essas fotos tamb\u00e9m capturam as emo\u00e7\u00f5es e os sorrisos dos convidados e, claro, do beb\u00ea. \u00c9 uma forma de guardar para sempre a mem\u00f3ria dessa fase t\u00e3o importante.","og_url":"https:\/\/biancamachado.com.br\/blog\/cha-de-bebe-cha-revelacao\/","og_site_name":"STUDIO BIANCA MACHADO","article_publisher":"https:\/\/www.facebook.com\/Studiobiancamachado\/","article_modified_time":"2023-02-16T16:15:16+00:00","og_image":[{"url":"https:\/\/i1.wp.com\/biancamachado.com.br\/blog\/wp-content\/uploads\/2021\/04\/Cha-Revelacao-Daniela-Ternes-23-01-2021-22-1024x683.jpg?ssl=1","type":"","width":"","height":""}],"twitter_card":"summary_large_image","twitter_misc":{"Est. tempo de leitura":"4 minutos"},"schema":{"@context":"https:\/\/schema.org","@graph":[{"@type":"WebPage","@id":"https:\/\/biancamachado.com.br\/blog\/cha-de-bebe-cha-revelacao\/","url":"https:\/\/biancamachado.com.br\/blog\/cha-de-bebe-cha-revelacao\/","name":"Eternize o seu ch\u00e1 de beb\u00ea com fotos inesquec\u00edveis - STUDIO BIANCA MACHADO","isPartOf":{"@id":"https:\/\/biancamachado.com.br\/blog\/#website"},"primaryImageOfPage":{"@id":"https:\/\/biancamachado.com.br\/blog\/cha-de-bebe-cha-revelacao\/#primaryimage"},"image":{"@id":"https:\/\/biancamachado.com.br\/blog\/cha-de-bebe-cha-revelacao\/#primaryimage"},"thumbnailUrl":"https:\/\/i1.wp.com\/biancamachado.com.br\/blog\/wp-content\/uploads\/2021\/04\/Cha-Revelacao-Daniela-Ternes-23-01-2021-22-1024x683.jpg?ssl=1","datePublished":"2023-02-16T16:14:59+00:00","dateModified":"2023-02-16T16:15:16+00:00","description":"As fotos do seu ch\u00e1 de beb\u00ea ou ch\u00e1 revela\u00e7\u00e3o s\u00e3o uma forma de eternizar esse momento t\u00e3o especial e significativo na vida de uma fam\u00edlia. Al\u00e9m de registrar a decora\u00e7\u00e3o, as roupas e os detalhes da festa, essas fotos tamb\u00e9m capturam as emo\u00e7\u00f5es e os sorrisos dos convidados e, claro, do beb\u00ea. \u00c9 uma forma de guardar para sempre a mem\u00f3ria dessa fase t\u00e3o importante.","breadcrumb":{"@id":"https:\/\/biancamachado.com.br\/blog\/cha-de-bebe-cha-revelacao\/#breadcrumb"},"inLanguage":"pt-BR","potentialAction":[{"@type":"ReadAction","target":["https:\/\/biancamachado.com.br\/blog\/cha-de-bebe-cha-revelacao\/"]}]},{"@type":"ImageObject","inLanguage":"pt-BR","@id":"https:\/\/biancamachado.com.br\/blog\/cha-de-bebe-cha-revelacao\/#primaryimage","url":"https:\/\/i1.wp.com\/biancamachado.com.br\/blog\/wp-content\/uploads\/2021\/04\/Cha-Revelacao-Daniela-Ternes-23-01-2021-22-1024x683.jpg?ssl=1","contentUrl":"https:\/\/i1.wp.com\/biancamachado.com.br\/blog\/wp-content\/uploads\/2021\/04\/Cha-Revelacao-Daniela-Ternes-23-01-2021-22-1024x683.jpg?ssl=1"},{"@type":"BreadcrumbList","@id":"https:\/\/biancamachado.com.br\/blog\/cha-de-bebe-cha-revelacao\/#breadcrumb","itemListElement":[{"@type":"ListItem","position":1,"name":"In\u00edcio","item":"https:\/\/biancamachado.com.br\/blog\/"},{"@type":"ListItem","position":2,"name":"Eternize o seu ch\u00e1 de beb\u00ea com fotos inesquec\u00edveis"}]},{"@type":"WebSite","@id":"https:\/\/biancamachado.com.br\/blog\/#website","url":"https:\/\/biancamachado.com.br\/blog\/","name":"STUDIO BIANCA MACHADO","description":"Estudio Fotografico, Ensaios e Books de foto profissional","publisher":{"@id":"https:\/\/biancamachado.com.br\/blog\/#organization"},"potentialAction":[{"@type":"SearchAction","target":{"@type":"EntryPoint","urlTemplate":"https:\/\/biancamachado.com.br\/blog\/?s={search_term_string}"},"query-input":{"@type":"PropertyValueSpecification","valueRequired":true,"valueName":"search_term_string"}}],"inLanguage":"pt-BR"},{"@type":"Organization","@id":"https:\/\/biancamachado.com.br\/blog\/#organization","name":"STUDIO BIANCA MACHADO","url":"https:\/\/biancamachado.com.br\/blog\/","logo":{"@type":"ImageObject","inLanguage":"pt-BR","@id":"https:\/\/biancamachado.com.br\/blog\/#\/schema\/logo\/image\/","url":"https:\/\/i0.wp.com\/biancamachado.com.br\/blog\/wp-content\/uploads\/2021\/02\/cropped-logo-ml.jpg?fit=278%2C100&ssl=1","contentUrl":"https:\/\/i0.wp.com\/biancamachado.com.br\/blog\/wp-content\/uploads\/2021\/02\/cropped-logo-ml.jpg?fit=278%2C100&ssl=1","width":278,"height":100,"caption":"STUDIO BIANCA MACHADO"},"image":{"@id":"https:\/\/biancamachado.com.br\/blog\/#\/schema\/logo\/image\/"},"sameAs":["https:\/\/www.facebook.com\/Studiobiancamachado\/","https:\/\/www.instagram.com\/Studiobiancamachado\/"]}]}},"jetpack-related-posts":[],"jetpack_sharing_enabled":true,"_links":{"self":[{"href":"https:\/\/biancamachado.com.br\/blog\/wp-json\/wp\/v2\/pages\/3574","targetHints":{"allow":["GET"]}}],"collection":[{"href":"https:\/\/biancamachado.com.br\/blog\/wp-json\/wp\/v2\/pages"}],"about":[{"href":"https:\/\/biancamachado.com.br\/blog\/wp-json\/wp\/v2\/types\/page"}],"author":[{"embeddable":true,"href":"https:\/\/biancamachado.com.br\/blog\/wp-json\/wp\/v2\/users\/1"}],"replies":[{"embeddable":true,"href":"https:\/\/biancamachado.com.br\/blog\/wp-json\/wp\/v2\/comments?post=3574"}],"version-history":[{"count":1,"href":"https:\/\/biancamachado.com.br\/blog\/wp-json\/wp\/v2\/pages\/3574\/revisions"}],"predecessor-version":[{"id":3576,"href":"https:\/\/biancamachado.com.br\/blog\/wp-json\/wp\/v2\/pages\/3574\/revisions\/3576"}],"wp:attachment":[{"href":"https:\/\/biancamachado.com.br\/blog\/wp-json\/wp\/v2\/media?parent=3574"}],"curies":[{"name":"wp","href":"https:\/\/api.w.org\/{rel}","templated":true}]}}