{"id":3565,"date":"2023-02-16T12:55:18","date_gmt":"2023-02-16T15:55:18","guid":{"rendered":"https:\/\/biancamachado.com.br\/blog\/?page_id=3565"},"modified":"2023-02-16T12:55:28","modified_gmt":"2023-02-16T15:55:28","slug":"book-terceira-idade","status":"publish","type":"page","link":"https:\/\/biancamachado.com.br\/blog\/book-terceira-idade\/","title":{"rendered":"Capturando a ess\u00eancia da terceira idade: Book fotogr\u00e1fico profissional"},"content":{"rendered":"\n<p>O book para terceira idade \u00e9 uma forma incr\u00edvel de capturar a ess\u00eancia e personalidade dos clientes mais experientes. Muitas pessoas mais velhas desejam registrar momentos especiais de suas vidas, como a aposentadoria, bodas de ouro ou anivers\u00e1rios, e o book \u00e9 uma \u00f3tima maneira de eternizar esses momentos de uma forma profissional e elegante. Al\u00e9m disso, \u00e9 uma excelente oportunidade para se divertir e se sentir renovado com uma sess\u00e3o de fotos que valorize a beleza interior e exterior de cada pessoa.<\/p>\n\n\n\n<p>Com o book de terceira idade, \u00e9 poss\u00edvel criar um registro que conte uma hist\u00f3ria visual da vida do cliente, e que permita a ele e a sua fam\u00edlia apreciar essas mem\u00f3rias para sempre. As sess\u00f5es de fotos tamb\u00e9m ajudam a melhorar a autoestima e autoconfian\u00e7a, proporcionando um momento de destaque e celebra\u00e7\u00e3o. Seja um presente para si mesmo ou para um ente querido, um book de terceira idade \u00e9 um investimento emocional e financeiro que vale a pena. Com um fot\u00f3grafo experiente e talentoso, o book de terceira idade \u00e9 um momento inesquec\u00edvel que pode ser aproveitado por muitos anos.<\/p>\n\n\n\n<p>N\u00e3o perca mais tempo procurando! Clique no link do nosso site e encontre as informa\u00e7\u00f5es de <a href=\"https:\/\/www.biancamachado.com.br\/bookterceiraidadeprecos.html\">pre\u00e7os<\/a> que voc\u00ea precisa para agendar o seu book fotogr\u00e1fico profissional. N\u00e3o deixe de conferir nossas op\u00e7\u00f5es personalizadas para cada tipo de sess\u00e3o, que v\u00e3o desde a sess\u00e3o de fotos para aposentados at\u00e9 as celebra\u00e7\u00f5es de bodas de ouro. Acesse agora mesmo e descubra como eternizar momentos especiais com a melhor qualidade de imagem!<\/p>\n\n\n\n<div class=\"wp-block-jetpack-tiled-gallery aligncenter is-style-rectangular\"><div class=\"tiled-gallery__gallery\"><div class=\"tiled-gallery__row\"><div class=\"tiled-gallery__col\" style=\"flex-basis:100.00000%\"><figure class=\"tiled-gallery__item\"><img decoding=\"async\" srcset=\"https:\/\/i2.wp.com\/biancamachado.com.br\/blog\/wp-content\/uploads\/2018\/02\/fotos-para-terceira-idade-1024x576.jpg?strip=info&#038;w=600&#038;ssl=1 600w,https:\/\/i2.wp.com\/biancamachado.com.br\/blog\/wp-content\/uploads\/2018\/02\/fotos-para-terceira-idade-1024x576.jpg?strip=info&#038;w=900&#038;ssl=1 900w,https:\/\/i2.wp.com\/biancamachado.com.br\/blog\/wp-content\/uploads\/2018\/02\/fotos-para-terceira-idade-1024x576.jpg?strip=info&#038;w=1200&#038;ssl=1 1200w,https:\/\/i2.wp.com\/biancamachado.com.br\/blog\/wp-content\/uploads\/2018\/02\/fotos-para-terceira-idade-1024x576.jpg?strip=info&#038;w=1280&#038;ssl=1 1280w\" alt=\"Fotos de Terceira Idade \" data-height=\"720\" data-id=\"794\" data-link=\"https:\/\/biancamachado.com.br\/blog\/fotos-de-terceira-idade-ensaios-divertidos-a-partir-de-r-18000\/fotos-para-terceira-idade\/\" data-url=\"https:\/\/biancamachado.com.br\/blog\/wp-content\/uploads\/2018\/02\/fotos-para-terceira-idade-1024x576.jpg\" data-width=\"1280\" src=\"https:\/\/i2.wp.com\/biancamachado.com.br\/blog\/wp-content\/uploads\/2018\/02\/fotos-para-terceira-idade-1024x576.jpg?ssl=1\" data-amp-layout=\"responsive\"\/><\/figure><\/div><\/div><\/div><\/div>\n\n\n\n<p>Se voc\u00ea est\u00e1 em busca de um book fotogr\u00e1fico profissional para terceira idade, aqui est\u00e3o algumas informa\u00e7\u00f5es importantes para ajud\u00e1-lo a agendar sua sess\u00e3o de fotos com a fot\u00f3grafa Bianca Machado:<\/p>\n\n\n\n<p>O agendamento do seu book pode ser feito atrav\u00e9s da loja virtual da Bianca Machado ou pelo Whatsapp ou email. A fot\u00f3grafa e sua equipe s\u00e3o respons\u00e1veis pela sess\u00e3o de fotos, que pode ser realizada em um espa\u00e7o de 1,5&#215;5,0 metros na sua pr\u00f3pria casa ou no sal\u00e3o de festas do seu condom\u00ednio.<\/p>\n\n\n\n<p>As roupas para a sess\u00e3o de fotos devem ser providenciadas pelo cliente, pois fica invi\u00e1vel manter um portf\u00f3lio de roupas em v\u00e1rios tamanhos devidamente higienizados para cada sess\u00e3o de fotos. Para o Book Pessoal, \u00e9 ideal trazer roupas que representem a sua ess\u00eancia, bem como acess\u00f3rios que ilustrem a sess\u00e3o de fotos de forma divertida. Para o Book Ag\u00eancia, \u00e9 recomendado n\u00e3o trazer roupas com marcas estampadas e explorar produ\u00e7\u00f5es distintas.<\/p>\n\n\n\n<p>O pre\u00e7o da sess\u00e3o de fotos varia de acordo com o pacote escolhido. \u00c9 poss\u00edvel levar um acompanhante, mas h\u00e1 uma taxa adicional de R$ 30,00 por pessoa extra. As fotos s\u00e3o entregues em alta resolu\u00e7\u00e3o por download, com um tratamento do Photoshop que otimiza 60% da pele.<\/p>\n\n\n\n<p>O est\u00fadio da Bianca Machado n\u00e3o \u00e9 uma ag\u00eancia de modelos, mas eles t\u00eam uma base de dados para atender a necessidade de clientes corporativos. O hor\u00e1rio de funcionamento do est\u00fadio \u00e9 flex\u00edvel e os pagamentos podem ser feitos parcelados em at\u00e9 tr\u00eas vezes sem juros nos cart\u00f5es de cr\u00e9dito.<\/p>\n\n\n\n<p>O prazo para entrega das fotos \u00e9 de 12 dias \u00fateis, mas \u00e9 poss\u00edvel contratar a taxa de urg\u00eancia para entrega do material em 48 horas \u00fateis. Algumas fotos da sess\u00e3o ser\u00e3o em preto e branco, e o fotolivro \u00e9 uma recorda\u00e7\u00e3o impressa \u00e0 parte da sess\u00e3o de book, indicado para recorda\u00e7\u00e3o pessoal.<\/p>\nVisite tamb\u00e9m nosso site: www.biancamachado.com.br\r\n(11) 97107-1018\r\n\r\nAtendemos as regi\u00f5es de S\u00e3o Paulo, Sorocaba, Ibi\u00fana, Piedade, Votorantim, Cotia, Itupeva, Jundia\u00ed, It\u00fa e Campinas","protected":false},"excerpt":{"rendered":"<p>O book para terceira idade<\/p>\n","protected":false},"author":1,"featured_media":0,"parent":0,"menu_order":0,"comment_status":"closed","ping_status":"closed","template":"","meta":{"_monsterinsights_skip_tracking":false,"_monsterinsights_sitenote_active":false,"_monsterinsights_sitenote_note":"","_monsterinsights_sitenote_category":0,"jetpack_post_was_ever_published":false,"_joinchat":[],"footnotes":""},"class_list":["post-3565","page","type-page","status-publish","hentry"],"yoast_head":"<!-- This site is optimized with the Yoast SEO plugin v27.4 - https:\/\/yoast.com\/product\/yoast-seo-wordpress\/ -->\n<title>Capturando a ess\u00eancia da terceira idade: Book fotogr\u00e1fico profissional - STUDIO BIANCA MACHADO<\/title>\n<meta name=\"description\" content=\"O book para terceira idade \u00e9 uma forma incr\u00edvel de capturar a ess\u00eancia e personalidade dos clientes mais experientes. Muitas pessoas mais velhas desejam registrar momentos especiais de suas vidas, como a aposentadoria, bodas de ouro ou anivers\u00e1rios, e o book \u00e9 uma \u00f3tima maneira de eternizar esses momentos de uma forma profissional e elegante. Al\u00e9m disso, \u00e9 uma excelente oportunidade para se divertir e se sentir renovado com uma sess\u00e3o de fotos que valorize a beleza interior e exterior de cada pessoa.\" \/>\n<meta name=\"robots\" content=\"index, follow, max-snippet:-1, max-image-preview:large, max-video-preview:-1\" \/>\n<link rel=\"canonical\" href=\"https:\/\/biancamachado.com.br\/blog\/book-terceira-idade\/\" \/>\n<meta property=\"og:locale\" content=\"pt_BR\" \/>\n<meta property=\"og:type\" content=\"article\" \/>\n<meta property=\"og:title\" content=\"Capturando a ess\u00eancia da terceira idade: Book fotogr\u00e1fico profissional - STUDIO BIANCA MACHADO\" \/>\n<meta property=\"og:description\" content=\"O book para terceira idade \u00e9 uma forma incr\u00edvel de capturar a ess\u00eancia e personalidade dos clientes mais experientes. Muitas pessoas mais velhas desejam registrar momentos especiais de suas vidas, como a aposentadoria, bodas de ouro ou anivers\u00e1rios, e o book \u00e9 uma \u00f3tima maneira de eternizar esses momentos de uma forma profissional e elegante. Al\u00e9m disso, \u00e9 uma excelente oportunidade para se divertir e se sentir renovado com uma sess\u00e3o de fotos que valorize a beleza interior e exterior de cada pessoa.\" \/>\n<meta property=\"og:url\" content=\"https:\/\/biancamachado.com.br\/blog\/book-terceira-idade\/\" \/>\n<meta property=\"og:site_name\" content=\"STUDIO BIANCA MACHADO\" \/>\n<meta property=\"article:publisher\" content=\"https:\/\/www.facebook.com\/Studiobiancamachado\/\" \/>\n<meta property=\"article:modified_time\" content=\"2023-02-16T15:55:28+00:00\" \/>\n<meta property=\"og:image\" content=\"https:\/\/i2.wp.com\/biancamachado.com.br\/blog\/wp-content\/uploads\/2018\/02\/fotos-para-terceira-idade-1024x576.jpg?ssl=1\" \/>\n<meta name=\"twitter:card\" content=\"summary_large_image\" \/>\n<meta name=\"twitter:label1\" content=\"Est. tempo de leitura\" \/>\n\t<meta name=\"twitter:data1\" content=\"4 minutos\" \/>\n<script type=\"application\/ld+json\" class=\"yoast-schema-graph\">{\"@context\":\"https:\\\/\\\/schema.org\",\"@graph\":[{\"@type\":\"WebPage\",\"@id\":\"https:\\\/\\\/biancamachado.com.br\\\/blog\\\/book-terceira-idade\\\/\",\"url\":\"https:\\\/\\\/biancamachado.com.br\\\/blog\\\/book-terceira-idade\\\/\",\"name\":\"Capturando a ess\u00eancia da terceira idade: Book fotogr\u00e1fico profissional - STUDIO BIANCA MACHADO\",\"isPartOf\":{\"@id\":\"https:\\\/\\\/biancamachado.com.br\\\/blog\\\/#website\"},\"primaryImageOfPage\":{\"@id\":\"https:\\\/\\\/biancamachado.com.br\\\/blog\\\/book-terceira-idade\\\/#primaryimage\"},\"image\":{\"@id\":\"https:\\\/\\\/biancamachado.com.br\\\/blog\\\/book-terceira-idade\\\/#primaryimage\"},\"thumbnailUrl\":\"https:\\\/\\\/i2.wp.com\\\/biancamachado.com.br\\\/blog\\\/wp-content\\\/uploads\\\/2018\\\/02\\\/fotos-para-terceira-idade-1024x576.jpg?ssl=1\",\"datePublished\":\"2023-02-16T15:55:18+00:00\",\"dateModified\":\"2023-02-16T15:55:28+00:00\",\"description\":\"O book para terceira idade \u00e9 uma forma incr\u00edvel de capturar a ess\u00eancia e personalidade dos clientes mais experientes. Muitas pessoas mais velhas desejam registrar momentos especiais de suas vidas, como a aposentadoria, bodas de ouro ou anivers\u00e1rios, e o book \u00e9 uma \u00f3tima maneira de eternizar esses momentos de uma forma profissional e elegante. Al\u00e9m disso, \u00e9 uma excelente oportunidade para se divertir e se sentir renovado com uma sess\u00e3o de fotos que valorize a beleza interior e exterior de cada pessoa.\",\"breadcrumb\":{\"@id\":\"https:\\\/\\\/biancamachado.com.br\\\/blog\\\/book-terceira-idade\\\/#breadcrumb\"},\"inLanguage\":\"pt-BR\",\"potentialAction\":[{\"@type\":\"ReadAction\",\"target\":[\"https:\\\/\\\/biancamachado.com.br\\\/blog\\\/book-terceira-idade\\\/\"]}]},{\"@type\":\"ImageObject\",\"inLanguage\":\"pt-BR\",\"@id\":\"https:\\\/\\\/biancamachado.com.br\\\/blog\\\/book-terceira-idade\\\/#primaryimage\",\"url\":\"https:\\\/\\\/i2.wp.com\\\/biancamachado.com.br\\\/blog\\\/wp-content\\\/uploads\\\/2018\\\/02\\\/fotos-para-terceira-idade-1024x576.jpg?ssl=1\",\"contentUrl\":\"https:\\\/\\\/i2.wp.com\\\/biancamachado.com.br\\\/blog\\\/wp-content\\\/uploads\\\/2018\\\/02\\\/fotos-para-terceira-idade-1024x576.jpg?ssl=1\"},{\"@type\":\"BreadcrumbList\",\"@id\":\"https:\\\/\\\/biancamachado.com.br\\\/blog\\\/book-terceira-idade\\\/#breadcrumb\",\"itemListElement\":[{\"@type\":\"ListItem\",\"position\":1,\"name\":\"In\u00edcio\",\"item\":\"https:\\\/\\\/biancamachado.com.br\\\/blog\\\/\"},{\"@type\":\"ListItem\",\"position\":2,\"name\":\"Capturando a ess\u00eancia da terceira idade: Book fotogr\u00e1fico profissional\"}]},{\"@type\":\"WebSite\",\"@id\":\"https:\\\/\\\/biancamachado.com.br\\\/blog\\\/#website\",\"url\":\"https:\\\/\\\/biancamachado.com.br\\\/blog\\\/\",\"name\":\"STUDIO BIANCA MACHADO\",\"description\":\"Estudio Fotografico, Ensaios e Books de foto profissional\",\"publisher\":{\"@id\":\"https:\\\/\\\/biancamachado.com.br\\\/blog\\\/#organization\"},\"potentialAction\":[{\"@type\":\"SearchAction\",\"target\":{\"@type\":\"EntryPoint\",\"urlTemplate\":\"https:\\\/\\\/biancamachado.com.br\\\/blog\\\/?s={search_term_string}\"},\"query-input\":{\"@type\":\"PropertyValueSpecification\",\"valueRequired\":true,\"valueName\":\"search_term_string\"}}],\"inLanguage\":\"pt-BR\"},{\"@type\":\"Organization\",\"@id\":\"https:\\\/\\\/biancamachado.com.br\\\/blog\\\/#organization\",\"name\":\"STUDIO BIANCA MACHADO\",\"url\":\"https:\\\/\\\/biancamachado.com.br\\\/blog\\\/\",\"logo\":{\"@type\":\"ImageObject\",\"inLanguage\":\"pt-BR\",\"@id\":\"https:\\\/\\\/biancamachado.com.br\\\/blog\\\/#\\\/schema\\\/logo\\\/image\\\/\",\"url\":\"https:\\\/\\\/i0.wp.com\\\/biancamachado.com.br\\\/blog\\\/wp-content\\\/uploads\\\/2021\\\/02\\\/cropped-logo-ml.jpg?fit=278%2C100&ssl=1\",\"contentUrl\":\"https:\\\/\\\/i0.wp.com\\\/biancamachado.com.br\\\/blog\\\/wp-content\\\/uploads\\\/2021\\\/02\\\/cropped-logo-ml.jpg?fit=278%2C100&ssl=1\",\"width\":278,\"height\":100,\"caption\":\"STUDIO BIANCA MACHADO\"},\"image\":{\"@id\":\"https:\\\/\\\/biancamachado.com.br\\\/blog\\\/#\\\/schema\\\/logo\\\/image\\\/\"},\"sameAs\":[\"https:\\\/\\\/www.facebook.com\\\/Studiobiancamachado\\\/\",\"https:\\\/\\\/www.instagram.com\\\/Studiobiancamachado\\\/\"]}]}<\/script>\n<!-- \/ Yoast SEO plugin. -->","yoast_head_json":{"title":"Capturando a ess\u00eancia da terceira idade: Book fotogr\u00e1fico profissional - STUDIO BIANCA MACHADO","description":"O book para terceira idade \u00e9 uma forma incr\u00edvel de capturar a ess\u00eancia e personalidade dos clientes mais experientes. Muitas pessoas mais velhas desejam registrar momentos especiais de suas vidas, como a aposentadoria, bodas de ouro ou anivers\u00e1rios, e o book \u00e9 uma \u00f3tima maneira de eternizar esses momentos de uma forma profissional e elegante. Al\u00e9m disso, \u00e9 uma excelente oportunidade para se divertir e se sentir renovado com uma sess\u00e3o de fotos que valorize a beleza interior e exterior de cada pessoa.","robots":{"index":"index","follow":"follow","max-snippet":"max-snippet:-1","max-image-preview":"max-image-preview:large","max-video-preview":"max-video-preview:-1"},"canonical":"https:\/\/biancamachado.com.br\/blog\/book-terceira-idade\/","og_locale":"pt_BR","og_type":"article","og_title":"Capturando a ess\u00eancia da terceira idade: Book fotogr\u00e1fico profissional - STUDIO BIANCA MACHADO","og_description":"O book para terceira idade \u00e9 uma forma incr\u00edvel de capturar a ess\u00eancia e personalidade dos clientes mais experientes. Muitas pessoas mais velhas desejam registrar momentos especiais de suas vidas, como a aposentadoria, bodas de ouro ou anivers\u00e1rios, e o book \u00e9 uma \u00f3tima maneira de eternizar esses momentos de uma forma profissional e elegante. Al\u00e9m disso, \u00e9 uma excelente oportunidade para se divertir e se sentir renovado com uma sess\u00e3o de fotos que valorize a beleza interior e exterior de cada pessoa.","og_url":"https:\/\/biancamachado.com.br\/blog\/book-terceira-idade\/","og_site_name":"STUDIO BIANCA MACHADO","article_publisher":"https:\/\/www.facebook.com\/Studiobiancamachado\/","article_modified_time":"2023-02-16T15:55:28+00:00","og_image":[{"url":"https:\/\/i2.wp.com\/biancamachado.com.br\/blog\/wp-content\/uploads\/2018\/02\/fotos-para-terceira-idade-1024x576.jpg?ssl=1","type":"","width":"","height":""}],"twitter_card":"summary_large_image","twitter_misc":{"Est. tempo de leitura":"4 minutos"},"schema":{"@context":"https:\/\/schema.org","@graph":[{"@type":"WebPage","@id":"https:\/\/biancamachado.com.br\/blog\/book-terceira-idade\/","url":"https:\/\/biancamachado.com.br\/blog\/book-terceira-idade\/","name":"Capturando a ess\u00eancia da terceira idade: Book fotogr\u00e1fico profissional - STUDIO BIANCA MACHADO","isPartOf":{"@id":"https:\/\/biancamachado.com.br\/blog\/#website"},"primaryImageOfPage":{"@id":"https:\/\/biancamachado.com.br\/blog\/book-terceira-idade\/#primaryimage"},"image":{"@id":"https:\/\/biancamachado.com.br\/blog\/book-terceira-idade\/#primaryimage"},"thumbnailUrl":"https:\/\/i2.wp.com\/biancamachado.com.br\/blog\/wp-content\/uploads\/2018\/02\/fotos-para-terceira-idade-1024x576.jpg?ssl=1","datePublished":"2023-02-16T15:55:18+00:00","dateModified":"2023-02-16T15:55:28+00:00","description":"O book para terceira idade \u00e9 uma forma incr\u00edvel de capturar a ess\u00eancia e personalidade dos clientes mais experientes. Muitas pessoas mais velhas desejam registrar momentos especiais de suas vidas, como a aposentadoria, bodas de ouro ou anivers\u00e1rios, e o book \u00e9 uma \u00f3tima maneira de eternizar esses momentos de uma forma profissional e elegante. Al\u00e9m disso, \u00e9 uma excelente oportunidade para se divertir e se sentir renovado com uma sess\u00e3o de fotos que valorize a beleza interior e exterior de cada pessoa.","breadcrumb":{"@id":"https:\/\/biancamachado.com.br\/blog\/book-terceira-idade\/#breadcrumb"},"inLanguage":"pt-BR","potentialAction":[{"@type":"ReadAction","target":["https:\/\/biancamachado.com.br\/blog\/book-terceira-idade\/"]}]},{"@type":"ImageObject","inLanguage":"pt-BR","@id":"https:\/\/biancamachado.com.br\/blog\/book-terceira-idade\/#primaryimage","url":"https:\/\/i2.wp.com\/biancamachado.com.br\/blog\/wp-content\/uploads\/2018\/02\/fotos-para-terceira-idade-1024x576.jpg?ssl=1","contentUrl":"https:\/\/i2.wp.com\/biancamachado.com.br\/blog\/wp-content\/uploads\/2018\/02\/fotos-para-terceira-idade-1024x576.jpg?ssl=1"},{"@type":"BreadcrumbList","@id":"https:\/\/biancamachado.com.br\/blog\/book-terceira-idade\/#breadcrumb","itemListElement":[{"@type":"ListItem","position":1,"name":"In\u00edcio","item":"https:\/\/biancamachado.com.br\/blog\/"},{"@type":"ListItem","position":2,"name":"Capturando a ess\u00eancia da terceira idade: Book fotogr\u00e1fico profissional"}]},{"@type":"WebSite","@id":"https:\/\/biancamachado.com.br\/blog\/#website","url":"https:\/\/biancamachado.com.br\/blog\/","name":"STUDIO BIANCA MACHADO","description":"Estudio Fotografico, Ensaios e Books de foto profissional","publisher":{"@id":"https:\/\/biancamachado.com.br\/blog\/#organization"},"potentialAction":[{"@type":"SearchAction","target":{"@type":"EntryPoint","urlTemplate":"https:\/\/biancamachado.com.br\/blog\/?s={search_term_string}"},"query-input":{"@type":"PropertyValueSpecification","valueRequired":true,"valueName":"search_term_string"}}],"inLanguage":"pt-BR"},{"@type":"Organization","@id":"https:\/\/biancamachado.com.br\/blog\/#organization","name":"STUDIO BIANCA MACHADO","url":"https:\/\/biancamachado.com.br\/blog\/","logo":{"@type":"ImageObject","inLanguage":"pt-BR","@id":"https:\/\/biancamachado.com.br\/blog\/#\/schema\/logo\/image\/","url":"https:\/\/i0.wp.com\/biancamachado.com.br\/blog\/wp-content\/uploads\/2021\/02\/cropped-logo-ml.jpg?fit=278%2C100&ssl=1","contentUrl":"https:\/\/i0.wp.com\/biancamachado.com.br\/blog\/wp-content\/uploads\/2021\/02\/cropped-logo-ml.jpg?fit=278%2C100&ssl=1","width":278,"height":100,"caption":"STUDIO BIANCA MACHADO"},"image":{"@id":"https:\/\/biancamachado.com.br\/blog\/#\/schema\/logo\/image\/"},"sameAs":["https:\/\/www.facebook.com\/Studiobiancamachado\/","https:\/\/www.instagram.com\/Studiobiancamachado\/"]}]}},"jetpack-related-posts":[],"jetpack_sharing_enabled":true,"_links":{"self":[{"href":"https:\/\/biancamachado.com.br\/blog\/wp-json\/wp\/v2\/pages\/3565","targetHints":{"allow":["GET"]}}],"collection":[{"href":"https:\/\/biancamachado.com.br\/blog\/wp-json\/wp\/v2\/pages"}],"about":[{"href":"https:\/\/biancamachado.com.br\/blog\/wp-json\/wp\/v2\/types\/page"}],"author":[{"embeddable":true,"href":"https:\/\/biancamachado.com.br\/blog\/wp-json\/wp\/v2\/users\/1"}],"replies":[{"embeddable":true,"href":"https:\/\/biancamachado.com.br\/blog\/wp-json\/wp\/v2\/comments?post=3565"}],"version-history":[{"count":1,"href":"https:\/\/biancamachado.com.br\/blog\/wp-json\/wp\/v2\/pages\/3565\/revisions"}],"predecessor-version":[{"id":3567,"href":"https:\/\/biancamachado.com.br\/blog\/wp-json\/wp\/v2\/pages\/3565\/revisions\/3567"}],"wp:attachment":[{"href":"https:\/\/biancamachado.com.br\/blog\/wp-json\/wp\/v2\/media?parent=3565"}],"curies":[{"name":"wp","href":"https:\/\/api.w.org\/{rel}","templated":true}]}}