{"id":3562,"date":"2023-02-16T12:36:36","date_gmt":"2023-02-16T15:36:36","guid":{"rendered":"https:\/\/biancamachado.com.br\/blog\/?page_id=3562"},"modified":"2023-02-16T12:36:45","modified_gmt":"2023-02-16T15:36:45","slug":"book-namorados","status":"publish","type":"page","link":"https:\/\/biancamachado.com.br\/blog\/book-namorados\/","title":{"rendered":"Imortalize sua hist\u00f3ria de amor com um Book Fotogr\u00e1fico de Namorados"},"content":{"rendered":"\n<p>Se voc\u00ea est\u00e1 procurando uma maneira especial de registrar a hist\u00f3ria de amor do casal, um book de namorados \u00e9 a escolha perfeita! As fotos de um book de namorados capturam os momentos mais significativos da rela\u00e7\u00e3o, desde os momentos divertidos e espont\u00e2neos at\u00e9 os mais rom\u00e2nticos e emocionantes.<\/p>\n\n\n\n<p>No Studio Bianca Machado, oferecemos uma sess\u00e3o de fotos personalizada, que retrata a ess\u00eancia do casal e seus gostos e personalidades individuais. \u00c9 poss\u00edvel trazer roupas e acess\u00f3rios que representem o estilo e a hist\u00f3ria de amor do casal, e a sess\u00e3o pode ser realizada em locais especiais, como a praia, o parque ou at\u00e9 mesmo em casa. Com nossas fotos profissionais, o casal ter\u00e1 uma lembran\u00e7a eterna de sua hist\u00f3ria de amor, para ser compartilhada com amigos e familiares por muitos anos.<\/p>\n\n\n\n<p>Venha conferir nossos <a href=\"https:\/\/www.biancamachado.com.br\/booknamoradosprecosbookdigital.html\">pre\u00e7os<\/a> incr\u00edveis para Book Fotogr\u00e1fico! <a href=\"https:\/\/www.biancamachado.com.br\/booknamoradosprecosbookdigital.html\">Clique agora<\/a> mesmo em nosso link do site e descubra como realizar uma sess\u00e3o de fotos profissional e com excelente custo-benef\u00edcio. N\u00e3o perca mais tempo e agende agora mesmo sua sess\u00e3o fotogr\u00e1fica conosco!<\/p>\n\n\n\n<div class=\"wp-block-jetpack-tiled-gallery aligncenter is-style-rectangular\"><div class=\"tiled-gallery__gallery\"><div class=\"tiled-gallery__row\"><div class=\"tiled-gallery__col\" style=\"flex-basis:27.41461%\"><figure class=\"tiled-gallery__item\"><img decoding=\"async\" srcset=\"https:\/\/i2.wp.com\/biancamachado.com.br\/blog\/wp-content\/uploads\/2012\/12\/Screenshot_339.png?strip=info&#038;w=600&#038;ssl=1 600w,https:\/\/i2.wp.com\/biancamachado.com.br\/blog\/wp-content\/uploads\/2012\/12\/Screenshot_339.png?strip=info&#038;w=628&#038;ssl=1 628w\" alt=\"Promo\u00e7\u00e3o Fotos Namorados\" data-height=\"409\" data-id=\"1216\" data-link=\"https:\/\/biancamachado.com.br\/blog\/promocao-fotos-namorados\/screenshot_339\/\" data-url=\"https:\/\/biancamachado.com.br\/blog\/wp-content\/uploads\/2012\/12\/Screenshot_339.png\" data-width=\"628\" src=\"https:\/\/i2.wp.com\/biancamachado.com.br\/blog\/wp-content\/uploads\/2012\/12\/Screenshot_339.png?ssl=1\" data-amp-layout=\"responsive\"\/><\/figure><\/div><div class=\"tiled-gallery__col\" style=\"flex-basis:34.98439%\"><figure class=\"tiled-gallery__item\"><img decoding=\"async\" srcset=\"https:\/\/i1.wp.com\/biancamachado.com.br\/blog\/wp-content\/uploads\/2012\/10\/Screenshot_373.png?strip=info&#038;w=583&#038;ssl=1 583w\" alt=\"Fotos de Namorados \u2013 Book em Estudio\" data-height=\"297\" data-id=\"1250\" data-link=\"https:\/\/biancamachado.com.br\/blog\/fotos-de-namorados-book-em-estudio\/screenshot_373\/\" data-url=\"https:\/\/biancamachado.com.br\/blog\/wp-content\/uploads\/2012\/10\/Screenshot_373.png\" data-width=\"583\" src=\"https:\/\/i1.wp.com\/biancamachado.com.br\/blog\/wp-content\/uploads\/2012\/10\/Screenshot_373.png?ssl=1\" data-amp-layout=\"responsive\"\/><\/figure><\/div><div class=\"tiled-gallery__col\" style=\"flex-basis:37.60100%\"><figure class=\"tiled-gallery__item\"><img decoding=\"async\" srcset=\"https:\/\/i1.wp.com\/biancamachado.com.br\/blog\/wp-content\/uploads\/2011\/12\/Screenshot_506.png?strip=info&#038;w=600&#038;ssl=1 600w,https:\/\/i1.wp.com\/biancamachado.com.br\/blog\/wp-content\/uploads\/2011\/12\/Screenshot_506.png?strip=info&#038;w=629&#038;ssl=1 629w\" alt=\"Book Namorados\" data-height=\"298\" data-id=\"1389\" data-link=\"https:\/\/biancamachado.com.br\/blog\/book-namorados\/screenshot_506\/\" data-url=\"https:\/\/biancamachado.com.br\/blog\/wp-content\/uploads\/2011\/12\/Screenshot_506.png\" data-width=\"629\" src=\"https:\/\/i1.wp.com\/biancamachado.com.br\/blog\/wp-content\/uploads\/2011\/12\/Screenshot_506.png?ssl=1\" data-amp-layout=\"responsive\"\/><\/figure><\/div><\/div><\/div><\/div>\n\n\n\n<p>Para agendar o seu book, basta acessar nossa loja virtual e escolher a op\u00e7\u00e3o de sua prefer\u00eancia. No formul\u00e1rio, informe o dia e hor\u00e1rio que melhor se encaixam em sua agenda, e aguarde nossa confirma\u00e7\u00e3o em at\u00e9 24 horas \u00fateis. Se preferir, tamb\u00e9m \u00e9 poss\u00edvel realizar uma pr\u00e9-reserva por telefone, email ou whatsapp.<\/p>\n\n\n\n<p>Caso precise reagendar a sess\u00e3o, pedimos que nos avise com pelo menos 72 horas de anteced\u00eancia. Caso contr\u00e1rio, ser\u00e1 cobrada uma taxa de 20% sobre o valor do servi\u00e7o no pr\u00f3ximo agendamento.<\/p>\n\n\n\n<p>Todas as nossas sess\u00f5es s\u00e3o fotografadas pela pr\u00f3pria Bianca Machado, para garantir a excel\u00eancia em cada detalhe. \u00c9 importante lembrar que as trocas de roupa n\u00e3o est\u00e3o inclusas no servi\u00e7o, sendo necess\u00e1rio trazer suas pr\u00f3prias roupas e acess\u00f3rios que representem sua personalidade e estilo.<\/p>\n\n\n\n<p>Se quiser levar um acompanhante na sess\u00e3o de fotos, ser\u00e1 cobrada uma taxa adicional de R$30 por pessoa extra. J\u00e1 a quantidade de fotos entregues ser\u00e1 a mesma contratada, e todas ser\u00e3o disponibilizadas em alta resolu\u00e7\u00e3o por download.<\/p>\n\n\n\n<p>Nossas fotos recebem um tratamento especial, com um toque aveludado que otimiza a pele em 60%. Al\u00e9m disso, algumas fotos poder\u00e3o ser em preto e branco para completar o resultado final art\u00edstico.<\/p>\n\n\n\n<p>Nosso est\u00fadio funciona de segunda a s\u00e1bado, das 10h \u00e0s 17h, mas \u00e9 necess\u00e1rio realizar o agendamento pr\u00e9vio para visitas e sess\u00f5es. O pagamento pode ser feito em at\u00e9 3x sem juros nos cart\u00f5es de cr\u00e9dito, e as fotos s\u00e3o entregues em at\u00e9 12 dias \u00fateis. Caso precise de urg\u00eancia na entrega, \u00e9 poss\u00edvel contratar uma taxa adicional para receber em at\u00e9 48 horas \u00fateis.<\/p>\n\n\n\n<p>Por fim, recomendamos que venha com o cabelo solto e maquiagem leve do dia a dia para melhor aproveitamento das sess\u00f5es fotogr\u00e1ficas. Para mais informa\u00e7\u00f5es, entre em contato conosco pelo whatsapp ou email. Estamos ansiosos para lhe oferecer um servi\u00e7o de qualidade e experi\u00eancia \u00fanica!<\/p>\nVisite tamb\u00e9m nosso site: www.biancamachado.com.br\r\n(11) 97107-1018\r\n\r\nAtendemos as regi\u00f5es de S\u00e3o Paulo, Sorocaba, Ibi\u00fana, Piedade, Votorantim, Cotia, Itupeva, Jundia\u00ed, It\u00fa e Campinas","protected":false},"excerpt":{"rendered":"<p>Se voc\u00ea est\u00e1 procurando uma<\/p>\n","protected":false},"author":1,"featured_media":0,"parent":0,"menu_order":0,"comment_status":"closed","ping_status":"closed","template":"","meta":{"_monsterinsights_skip_tracking":false,"_monsterinsights_sitenote_active":false,"_monsterinsights_sitenote_note":"","_monsterinsights_sitenote_category":0,"jetpack_post_was_ever_published":false,"_joinchat":[],"footnotes":""},"class_list":["post-3562","page","type-page","status-publish","hentry"],"yoast_head":"<!-- This site is optimized with the Yoast SEO plugin v27.4 - https:\/\/yoast.com\/product\/yoast-seo-wordpress\/ -->\n<title>Imortalize sua hist\u00f3ria de amor com um Book Fotogr\u00e1fico de Namorados - STUDIO BIANCA MACHADO<\/title>\n<meta name=\"description\" content=\"Se voc\u00ea est\u00e1 procurando uma maneira especial de registrar a hist\u00f3ria de amor do casal, um book de namorados \u00e9 a escolha perfeita! As fotos de um book de namorados capturam os momentos mais significativos da rela\u00e7\u00e3o, desde os momentos divertidos e espont\u00e2neos at\u00e9 os mais rom\u00e2nticos e emocionantes.\" \/>\n<meta name=\"robots\" content=\"index, follow, max-snippet:-1, max-image-preview:large, max-video-preview:-1\" \/>\n<link rel=\"canonical\" href=\"https:\/\/biancamachado.com.br\/blog\/book-namorados\/\" \/>\n<meta property=\"og:locale\" content=\"pt_BR\" \/>\n<meta property=\"og:type\" content=\"article\" \/>\n<meta property=\"og:title\" content=\"Imortalize sua hist\u00f3ria de amor com um Book Fotogr\u00e1fico de Namorados - STUDIO BIANCA MACHADO\" \/>\n<meta property=\"og:description\" content=\"Se voc\u00ea est\u00e1 procurando uma maneira especial de registrar a hist\u00f3ria de amor do casal, um book de namorados \u00e9 a escolha perfeita! As fotos de um book de namorados capturam os momentos mais significativos da rela\u00e7\u00e3o, desde os momentos divertidos e espont\u00e2neos at\u00e9 os mais rom\u00e2nticos e emocionantes.\" \/>\n<meta property=\"og:url\" content=\"https:\/\/biancamachado.com.br\/blog\/book-namorados\/\" \/>\n<meta property=\"og:site_name\" content=\"STUDIO BIANCA MACHADO\" \/>\n<meta property=\"article:publisher\" content=\"https:\/\/www.facebook.com\/Studiobiancamachado\/\" \/>\n<meta property=\"article:modified_time\" content=\"2023-02-16T15:36:45+00:00\" \/>\n<meta property=\"og:image\" content=\"https:\/\/i2.wp.com\/biancamachado.com.br\/blog\/wp-content\/uploads\/2012\/12\/Screenshot_339.png?ssl=1\" \/>\n<meta name=\"twitter:card\" content=\"summary_large_image\" \/>\n<meta name=\"twitter:label1\" content=\"Est. tempo de leitura\" \/>\n\t<meta name=\"twitter:data1\" content=\"4 minutos\" \/>\n<script type=\"application\/ld+json\" class=\"yoast-schema-graph\">{\"@context\":\"https:\\\/\\\/schema.org\",\"@graph\":[{\"@type\":\"WebPage\",\"@id\":\"https:\\\/\\\/biancamachado.com.br\\\/blog\\\/book-namorados\\\/\",\"url\":\"https:\\\/\\\/biancamachado.com.br\\\/blog\\\/book-namorados\\\/\",\"name\":\"Imortalize sua hist\u00f3ria de amor com um Book Fotogr\u00e1fico de Namorados - STUDIO BIANCA MACHADO\",\"isPartOf\":{\"@id\":\"https:\\\/\\\/biancamachado.com.br\\\/blog\\\/#website\"},\"primaryImageOfPage\":{\"@id\":\"https:\\\/\\\/biancamachado.com.br\\\/blog\\\/book-namorados\\\/#primaryimage\"},\"image\":{\"@id\":\"https:\\\/\\\/biancamachado.com.br\\\/blog\\\/book-namorados\\\/#primaryimage\"},\"thumbnailUrl\":\"https:\\\/\\\/i2.wp.com\\\/biancamachado.com.br\\\/blog\\\/wp-content\\\/uploads\\\/2012\\\/12\\\/Screenshot_339.png?ssl=1\",\"datePublished\":\"2023-02-16T15:36:36+00:00\",\"dateModified\":\"2023-02-16T15:36:45+00:00\",\"description\":\"Se voc\u00ea est\u00e1 procurando uma maneira especial de registrar a hist\u00f3ria de amor do casal, um book de namorados \u00e9 a escolha perfeita! As fotos de um book de namorados capturam os momentos mais significativos da rela\u00e7\u00e3o, desde os momentos divertidos e espont\u00e2neos at\u00e9 os mais rom\u00e2nticos e emocionantes.\",\"breadcrumb\":{\"@id\":\"https:\\\/\\\/biancamachado.com.br\\\/blog\\\/book-namorados\\\/#breadcrumb\"},\"inLanguage\":\"pt-BR\",\"potentialAction\":[{\"@type\":\"ReadAction\",\"target\":[\"https:\\\/\\\/biancamachado.com.br\\\/blog\\\/book-namorados\\\/\"]}]},{\"@type\":\"ImageObject\",\"inLanguage\":\"pt-BR\",\"@id\":\"https:\\\/\\\/biancamachado.com.br\\\/blog\\\/book-namorados\\\/#primaryimage\",\"url\":\"https:\\\/\\\/i2.wp.com\\\/biancamachado.com.br\\\/blog\\\/wp-content\\\/uploads\\\/2012\\\/12\\\/Screenshot_339.png?ssl=1\",\"contentUrl\":\"https:\\\/\\\/i2.wp.com\\\/biancamachado.com.br\\\/blog\\\/wp-content\\\/uploads\\\/2012\\\/12\\\/Screenshot_339.png?ssl=1\"},{\"@type\":\"BreadcrumbList\",\"@id\":\"https:\\\/\\\/biancamachado.com.br\\\/blog\\\/book-namorados\\\/#breadcrumb\",\"itemListElement\":[{\"@type\":\"ListItem\",\"position\":1,\"name\":\"In\u00edcio\",\"item\":\"https:\\\/\\\/biancamachado.com.br\\\/blog\\\/\"},{\"@type\":\"ListItem\",\"position\":2,\"name\":\"Imortalize sua hist\u00f3ria de amor com um Book Fotogr\u00e1fico de Namorados\"}]},{\"@type\":\"WebSite\",\"@id\":\"https:\\\/\\\/biancamachado.com.br\\\/blog\\\/#website\",\"url\":\"https:\\\/\\\/biancamachado.com.br\\\/blog\\\/\",\"name\":\"STUDIO BIANCA MACHADO\",\"description\":\"Estudio Fotografico, Ensaios e Books de foto profissional\",\"publisher\":{\"@id\":\"https:\\\/\\\/biancamachado.com.br\\\/blog\\\/#organization\"},\"potentialAction\":[{\"@type\":\"SearchAction\",\"target\":{\"@type\":\"EntryPoint\",\"urlTemplate\":\"https:\\\/\\\/biancamachado.com.br\\\/blog\\\/?s={search_term_string}\"},\"query-input\":{\"@type\":\"PropertyValueSpecification\",\"valueRequired\":true,\"valueName\":\"search_term_string\"}}],\"inLanguage\":\"pt-BR\"},{\"@type\":\"Organization\",\"@id\":\"https:\\\/\\\/biancamachado.com.br\\\/blog\\\/#organization\",\"name\":\"STUDIO BIANCA MACHADO\",\"url\":\"https:\\\/\\\/biancamachado.com.br\\\/blog\\\/\",\"logo\":{\"@type\":\"ImageObject\",\"inLanguage\":\"pt-BR\",\"@id\":\"https:\\\/\\\/biancamachado.com.br\\\/blog\\\/#\\\/schema\\\/logo\\\/image\\\/\",\"url\":\"https:\\\/\\\/i0.wp.com\\\/biancamachado.com.br\\\/blog\\\/wp-content\\\/uploads\\\/2021\\\/02\\\/cropped-logo-ml.jpg?fit=278%2C100&ssl=1\",\"contentUrl\":\"https:\\\/\\\/i0.wp.com\\\/biancamachado.com.br\\\/blog\\\/wp-content\\\/uploads\\\/2021\\\/02\\\/cropped-logo-ml.jpg?fit=278%2C100&ssl=1\",\"width\":278,\"height\":100,\"caption\":\"STUDIO BIANCA MACHADO\"},\"image\":{\"@id\":\"https:\\\/\\\/biancamachado.com.br\\\/blog\\\/#\\\/schema\\\/logo\\\/image\\\/\"},\"sameAs\":[\"https:\\\/\\\/www.facebook.com\\\/Studiobiancamachado\\\/\",\"https:\\\/\\\/www.instagram.com\\\/Studiobiancamachado\\\/\"]}]}<\/script>\n<!-- \/ Yoast SEO plugin. -->","yoast_head_json":{"title":"Imortalize sua hist\u00f3ria de amor com um Book Fotogr\u00e1fico de Namorados - STUDIO BIANCA MACHADO","description":"Se voc\u00ea est\u00e1 procurando uma maneira especial de registrar a hist\u00f3ria de amor do casal, um book de namorados \u00e9 a escolha perfeita! As fotos de um book de namorados capturam os momentos mais significativos da rela\u00e7\u00e3o, desde os momentos divertidos e espont\u00e2neos at\u00e9 os mais rom\u00e2nticos e emocionantes.","robots":{"index":"index","follow":"follow","max-snippet":"max-snippet:-1","max-image-preview":"max-image-preview:large","max-video-preview":"max-video-preview:-1"},"canonical":"https:\/\/biancamachado.com.br\/blog\/book-namorados\/","og_locale":"pt_BR","og_type":"article","og_title":"Imortalize sua hist\u00f3ria de amor com um Book Fotogr\u00e1fico de Namorados - STUDIO BIANCA MACHADO","og_description":"Se voc\u00ea est\u00e1 procurando uma maneira especial de registrar a hist\u00f3ria de amor do casal, um book de namorados \u00e9 a escolha perfeita! As fotos de um book de namorados capturam os momentos mais significativos da rela\u00e7\u00e3o, desde os momentos divertidos e espont\u00e2neos at\u00e9 os mais rom\u00e2nticos e emocionantes.","og_url":"https:\/\/biancamachado.com.br\/blog\/book-namorados\/","og_site_name":"STUDIO BIANCA MACHADO","article_publisher":"https:\/\/www.facebook.com\/Studiobiancamachado\/","article_modified_time":"2023-02-16T15:36:45+00:00","og_image":[{"url":"https:\/\/i2.wp.com\/biancamachado.com.br\/blog\/wp-content\/uploads\/2012\/12\/Screenshot_339.png?ssl=1","type":"","width":"","height":""}],"twitter_card":"summary_large_image","twitter_misc":{"Est. tempo de leitura":"4 minutos"},"schema":{"@context":"https:\/\/schema.org","@graph":[{"@type":"WebPage","@id":"https:\/\/biancamachado.com.br\/blog\/book-namorados\/","url":"https:\/\/biancamachado.com.br\/blog\/book-namorados\/","name":"Imortalize sua hist\u00f3ria de amor com um Book Fotogr\u00e1fico de Namorados - STUDIO BIANCA MACHADO","isPartOf":{"@id":"https:\/\/biancamachado.com.br\/blog\/#website"},"primaryImageOfPage":{"@id":"https:\/\/biancamachado.com.br\/blog\/book-namorados\/#primaryimage"},"image":{"@id":"https:\/\/biancamachado.com.br\/blog\/book-namorados\/#primaryimage"},"thumbnailUrl":"https:\/\/i2.wp.com\/biancamachado.com.br\/blog\/wp-content\/uploads\/2012\/12\/Screenshot_339.png?ssl=1","datePublished":"2023-02-16T15:36:36+00:00","dateModified":"2023-02-16T15:36:45+00:00","description":"Se voc\u00ea est\u00e1 procurando uma maneira especial de registrar a hist\u00f3ria de amor do casal, um book de namorados \u00e9 a escolha perfeita! As fotos de um book de namorados capturam os momentos mais significativos da rela\u00e7\u00e3o, desde os momentos divertidos e espont\u00e2neos at\u00e9 os mais rom\u00e2nticos e emocionantes.","breadcrumb":{"@id":"https:\/\/biancamachado.com.br\/blog\/book-namorados\/#breadcrumb"},"inLanguage":"pt-BR","potentialAction":[{"@type":"ReadAction","target":["https:\/\/biancamachado.com.br\/blog\/book-namorados\/"]}]},{"@type":"ImageObject","inLanguage":"pt-BR","@id":"https:\/\/biancamachado.com.br\/blog\/book-namorados\/#primaryimage","url":"https:\/\/i2.wp.com\/biancamachado.com.br\/blog\/wp-content\/uploads\/2012\/12\/Screenshot_339.png?ssl=1","contentUrl":"https:\/\/i2.wp.com\/biancamachado.com.br\/blog\/wp-content\/uploads\/2012\/12\/Screenshot_339.png?ssl=1"},{"@type":"BreadcrumbList","@id":"https:\/\/biancamachado.com.br\/blog\/book-namorados\/#breadcrumb","itemListElement":[{"@type":"ListItem","position":1,"name":"In\u00edcio","item":"https:\/\/biancamachado.com.br\/blog\/"},{"@type":"ListItem","position":2,"name":"Imortalize sua hist\u00f3ria de amor com um Book Fotogr\u00e1fico de Namorados"}]},{"@type":"WebSite","@id":"https:\/\/biancamachado.com.br\/blog\/#website","url":"https:\/\/biancamachado.com.br\/blog\/","name":"STUDIO BIANCA MACHADO","description":"Estudio Fotografico, Ensaios e Books de foto profissional","publisher":{"@id":"https:\/\/biancamachado.com.br\/blog\/#organization"},"potentialAction":[{"@type":"SearchAction","target":{"@type":"EntryPoint","urlTemplate":"https:\/\/biancamachado.com.br\/blog\/?s={search_term_string}"},"query-input":{"@type":"PropertyValueSpecification","valueRequired":true,"valueName":"search_term_string"}}],"inLanguage":"pt-BR"},{"@type":"Organization","@id":"https:\/\/biancamachado.com.br\/blog\/#organization","name":"STUDIO BIANCA MACHADO","url":"https:\/\/biancamachado.com.br\/blog\/","logo":{"@type":"ImageObject","inLanguage":"pt-BR","@id":"https:\/\/biancamachado.com.br\/blog\/#\/schema\/logo\/image\/","url":"https:\/\/i0.wp.com\/biancamachado.com.br\/blog\/wp-content\/uploads\/2021\/02\/cropped-logo-ml.jpg?fit=278%2C100&ssl=1","contentUrl":"https:\/\/i0.wp.com\/biancamachado.com.br\/blog\/wp-content\/uploads\/2021\/02\/cropped-logo-ml.jpg?fit=278%2C100&ssl=1","width":278,"height":100,"caption":"STUDIO BIANCA MACHADO"},"image":{"@id":"https:\/\/biancamachado.com.br\/blog\/#\/schema\/logo\/image\/"},"sameAs":["https:\/\/www.facebook.com\/Studiobiancamachado\/","https:\/\/www.instagram.com\/Studiobiancamachado\/"]}]}},"jetpack-related-posts":[],"jetpack_sharing_enabled":true,"_links":{"self":[{"href":"https:\/\/biancamachado.com.br\/blog\/wp-json\/wp\/v2\/pages\/3562","targetHints":{"allow":["GET"]}}],"collection":[{"href":"https:\/\/biancamachado.com.br\/blog\/wp-json\/wp\/v2\/pages"}],"about":[{"href":"https:\/\/biancamachado.com.br\/blog\/wp-json\/wp\/v2\/types\/page"}],"author":[{"embeddable":true,"href":"https:\/\/biancamachado.com.br\/blog\/wp-json\/wp\/v2\/users\/1"}],"replies":[{"embeddable":true,"href":"https:\/\/biancamachado.com.br\/blog\/wp-json\/wp\/v2\/comments?post=3562"}],"version-history":[{"count":1,"href":"https:\/\/biancamachado.com.br\/blog\/wp-json\/wp\/v2\/pages\/3562\/revisions"}],"predecessor-version":[{"id":3564,"href":"https:\/\/biancamachado.com.br\/blog\/wp-json\/wp\/v2\/pages\/3562\/revisions\/3564"}],"wp:attachment":[{"href":"https:\/\/biancamachado.com.br\/blog\/wp-json\/wp\/v2\/media?parent=3562"}],"curies":[{"name":"wp","href":"https:\/\/api.w.org\/{rel}","templated":true}]}}