{"id":3551,"date":"2023-02-16T12:02:11","date_gmt":"2023-02-16T15:02:11","guid":{"rendered":"https:\/\/biancamachado.com.br\/blog\/?page_id=3551"},"modified":"2023-02-16T12:02:21","modified_gmt":"2023-02-16T15:02:21","slug":"book-masculino-externo-2","status":"publish","type":"page","link":"https:\/\/biancamachado.com.br\/blog\/book-masculino-externo-2\/","title":{"rendered":"Parques Naturais: A Escolha Perfeita para um Ensaio Masculino Descontra\u00eddo"},"content":{"rendered":"\n<p>Fazer um book masculino em parques externos pode ser uma \u00f3tima op\u00e7\u00e3o para quem deseja um ensaio fotogr\u00e1fico natural e descontra\u00eddo. Esse tipo de ambiente traz diversas possibilidades para a cria\u00e7\u00e3o de composi\u00e7\u00f5es visuais \u00fanicas, al\u00e9m de permitir uma maior intera\u00e7\u00e3o do modelo com a natureza.<\/p>\n\n\n\n<p>Durante a sess\u00e3o de fotos, o fot\u00f3grafo pode explorar as paisagens do parque, assim como as diferentes \u00e1reas dispon\u00edveis para as fotos. Desde \u00e1reas verdes com \u00e1rvores e flores, at\u00e9 locais com arquitetura mais moderna, tudo pode ser utilizado para criar fotos incr\u00edveis. O resultado final \u00e9 um book masculino que apresenta um visual mais natural e aut\u00eantico, al\u00e9m de proporcionar uma experi\u00eancia divertida e descontra\u00edda ao modelo.<\/p>\n\n\n\n<p>Convidamos voc\u00ea a clicar no link do nosso site para conferir nossos <a href=\"https:\/\/www.biancamachado.com.br\/bookmasculinoexternoprecos.html\">pre\u00e7os<\/a> e pacotes. Temos op\u00e7\u00f5es para todos os gostos e or\u00e7amentos. N\u00e3o perca a oportunidade de investir em um servi\u00e7o de qualidade com pre\u00e7os justos. <a href=\"https:\/\/www.biancamachado.com.br\/bookmasculinoexternoprecos.html\">Clique no link<\/a> e confira agora mesmo!<\/p>\n\n\n\n<div class=\"wp-block-jetpack-tiled-gallery aligncenter is-style-rectangular\"><div class=\"tiled-gallery__gallery\"><div class=\"tiled-gallery__row\"><div class=\"tiled-gallery__col\" style=\"flex-basis:66.78742%\"><figure class=\"tiled-gallery__item\"><img decoding=\"async\" srcset=\"https:\/\/i2.wp.com\/biancamachado.com.br\/blog\/wp-content\/uploads\/2023\/02\/003-1024x683.jpg?strip=info&#038;w=600&#038;ssl=1 600w,https:\/\/i2.wp.com\/biancamachado.com.br\/blog\/wp-content\/uploads\/2023\/02\/003-1024x683.jpg?strip=info&#038;w=900&#038;ssl=1 900w,https:\/\/i2.wp.com\/biancamachado.com.br\/blog\/wp-content\/uploads\/2023\/02\/003-1024x683.jpg?strip=info&#038;w=1200&#038;ssl=1 1200w,https:\/\/i2.wp.com\/biancamachado.com.br\/blog\/wp-content\/uploads\/2023\/02\/003-1024x683.jpg?strip=info&#038;w=1500&#038;ssl=1 1500w,https:\/\/i2.wp.com\/biancamachado.com.br\/blog\/wp-content\/uploads\/2023\/02\/003-1024x683.jpg?strip=info&#038;w=1800&#038;ssl=1 1800w,https:\/\/i2.wp.com\/biancamachado.com.br\/blog\/wp-content\/uploads\/2023\/02\/003-1024x683.jpg?strip=info&#038;w=2000&#038;ssl=1 2000w\" alt=\"book fotogr\u00e1fico masculino\" data-height=\"1707\" data-id=\"2980\" data-link=\"https:\/\/biancamachado.com.br\/blog\/capturando-a-paixao-dos-musicos-no-parque-do-povo-ensaio-de-fotos-masculino-com-fotografa-profissional\/003-48\/\" data-url=\"https:\/\/biancamachado.com.br\/blog\/wp-content\/uploads\/2023\/02\/003-1024x683.jpg\" data-width=\"2560\" src=\"https:\/\/i2.wp.com\/biancamachado.com.br\/blog\/wp-content\/uploads\/2023\/02\/003-1024x683.jpg?ssl=1\" data-amp-layout=\"responsive\"\/><\/figure><\/div><div class=\"tiled-gallery__col\" style=\"flex-basis:33.21258%\"><figure class=\"tiled-gallery__item\"><img decoding=\"async\" srcset=\"https:\/\/i0.wp.com\/biancamachado.com.br\/blog\/wp-content\/uploads\/2023\/02\/002-1-1024x683.jpg?strip=info&#038;w=600&#038;ssl=1 600w,https:\/\/i0.wp.com\/biancamachado.com.br\/blog\/wp-content\/uploads\/2023\/02\/002-1-1024x683.jpg?strip=info&#038;w=900&#038;ssl=1 900w,https:\/\/i0.wp.com\/biancamachado.com.br\/blog\/wp-content\/uploads\/2023\/02\/002-1-1024x683.jpg?strip=info&#038;w=1200&#038;ssl=1 1200w,https:\/\/i0.wp.com\/biancamachado.com.br\/blog\/wp-content\/uploads\/2023\/02\/002-1-1024x683.jpg?strip=info&#038;w=1500&#038;ssl=1 1500w,https:\/\/i0.wp.com\/biancamachado.com.br\/blog\/wp-content\/uploads\/2023\/02\/002-1-1024x683.jpg?strip=info&#038;w=1800&#038;ssl=1 1800w,https:\/\/i0.wp.com\/biancamachado.com.br\/blog\/wp-content\/uploads\/2023\/02\/002-1-1024x683.jpg?strip=info&#038;w=2000&#038;ssl=1 2000w\" alt=\"ensaio masculino externo\" data-height=\"1707\" data-id=\"2979\" data-link=\"https:\/\/biancamachado.com.br\/blog\/capturando-a-paixao-dos-musicos-no-parque-do-povo-ensaio-de-fotos-masculino-com-fotografa-profissional\/002-48\/\" data-url=\"https:\/\/biancamachado.com.br\/blog\/wp-content\/uploads\/2023\/02\/002-1-1024x683.jpg\" data-width=\"2560\" src=\"https:\/\/i0.wp.com\/biancamachado.com.br\/blog\/wp-content\/uploads\/2023\/02\/002-1-1024x683.jpg?ssl=1\" data-amp-layout=\"responsive\"\/><\/figure><figure class=\"tiled-gallery__item\"><img decoding=\"async\" srcset=\"https:\/\/i2.wp.com\/biancamachado.com.br\/blog\/wp-content\/uploads\/2021\/04\/001bookmasculinoexternoguilherme19032020-1024x683.jpg?strip=info&#038;w=600&#038;ssl=1 600w,https:\/\/i2.wp.com\/biancamachado.com.br\/blog\/wp-content\/uploads\/2021\/04\/001bookmasculinoexternoguilherme19032020-1024x683.jpg?strip=info&#038;w=900&#038;ssl=1 900w,https:\/\/i2.wp.com\/biancamachado.com.br\/blog\/wp-content\/uploads\/2021\/04\/001bookmasculinoexternoguilherme19032020-1024x683.jpg?strip=info&#038;w=1200&#038;ssl=1 1200w,https:\/\/i2.wp.com\/biancamachado.com.br\/blog\/wp-content\/uploads\/2021\/04\/001bookmasculinoexternoguilherme19032020-1024x683.jpg?strip=info&#038;w=1500&#038;ssl=1 1500w,https:\/\/i2.wp.com\/biancamachado.com.br\/blog\/wp-content\/uploads\/2021\/04\/001bookmasculinoexternoguilherme19032020-1024x683.jpg?strip=info&#038;w=1800&#038;ssl=1 1800w,https:\/\/i2.wp.com\/biancamachado.com.br\/blog\/wp-content\/uploads\/2021\/04\/001bookmasculinoexternoguilherme19032020-1024x683.jpg?strip=info&#038;w=2000&#038;ssl=1 2000w\" alt=\"\" data-height=\"1707\" data-id=\"2122\" data-link=\"https:\/\/biancamachado.com.br\/blog\/001bookmasculinoexternoguilherme19032020\/\" data-url=\"https:\/\/biancamachado.com.br\/blog\/wp-content\/uploads\/2021\/04\/001bookmasculinoexternoguilherme19032020-1024x683.jpg\" data-width=\"2560\" src=\"https:\/\/i2.wp.com\/biancamachado.com.br\/blog\/wp-content\/uploads\/2021\/04\/001bookmasculinoexternoguilherme19032020-1024x683.jpg?ssl=1\" data-amp-layout=\"responsive\"\/><\/figure><\/div><\/div><\/div><\/div>\n\n\n\n<p>Se voc\u00ea est\u00e1 procurando por um Book fotogr\u00e1fico, com certeza tem muitas d\u00favidas sobre como funciona, quanto custa, como agendar e como escolher as roupas para a sess\u00e3o de fotos. A Bianca Machado Fotografia, est\u00fadio localizado em S\u00e3o Paulo, pode te ajudar a esclarecer todas essas d\u00favidas.<\/p>\n\n\n\n<p>Para agendar o seu Book, voc\u00ea pode comprar o pacote escolhido na loja virtual da fot\u00f3grafa e entrar em contato por whatsapp ou e-mail para escolher a data e hor\u00e1rio. O agendamento \u00e9 feito diretamente com a equipe da fot\u00f3grafa Bianca Machado.<\/p>\n\n\n\n<p>Caso precise reagendar, \u00e9 importante avisar com pelo menos 72 horas de anteced\u00eancia. Se n\u00e3o for poss\u00edvel comparecer na data, ser\u00e1 cobrada a diferen\u00e7a de 20% do valor no pr\u00f3ximo agendamento.<\/p>\n\n\n\n<p>As sess\u00f5es de Book s\u00e3o realizadas pela fot\u00f3grafa Bianca Machado e equipe. \u00c9 importante lembrar que as roupas para a sess\u00e3o devem ser trazidas pelo cliente, uma vez que o est\u00fadio n\u00e3o possui um portf\u00f3lio de roupas em v\u00e1rios tamanhos para cada sess\u00e3o de fotos.<\/p>\n\n\n\n<p>Existem duas op\u00e7\u00f5es de Book fotogr\u00e1fico: o Book Pessoal e o Book Ag\u00eancia. O primeiro \u00e9 mais descontra\u00eddo e informal, levando em conta a personalidade e ess\u00eancia da modelo, e \u00e9 ideal para recorda\u00e7\u00e3o pessoal. J\u00e1 o Book Ag\u00eancia \u00e9 feito com finalidade de portf\u00f3lio para trabalhos comerciais. Os pacotes descritos na loja virtual do site valem para ambos.<\/p>\n\n\n\n<p>Para o Book Pessoal, indicamos trazer roupas que representem a sua ess\u00eancia e acess\u00f3rios que possam ilustrar a sess\u00e3o de fotos de forma divertida. J\u00e1 para o Book Ag\u00eancia, \u00e9 indicado n\u00e3o trazer roupas com marcas em evid\u00eancia e explorar produ\u00e7\u00f5es mais distintas.<\/p>\n\n\n\n<p>O est\u00fadio permite que o cliente leve um acompanhante na sess\u00e3o de fotos mediante taxa adicional de R$ 30,00 por pessoa extra. Caso a sess\u00e3o seja dividida para duas pessoas, as caracter\u00edsticas do pacote ser\u00e3o divididas tamb\u00e9m.<\/p>\n\n\n\n<p>Ao final da sess\u00e3o, todas as fotos em alta resolu\u00e7\u00e3o ser\u00e3o entregues por download. As fotos recebem um tratamento de Photoshop que otimiza 60% dos detalhes na pele. O prazo para entrega da galeria de fotos \u00e9 de 12 dias \u00fateis, mas \u00e9 poss\u00edvel contratar a taxa de urg\u00eancia para entrega em 48 horas \u00fateis.<\/p>\n\n\n\n<p>O est\u00fadio n\u00e3o \u00e9 uma ag\u00eancia de modelos, mas possui uma base de dados cadastrada em seu site para atender clientes corporativos. O fot\u00f3grafo e a equipe tamb\u00e9m oferecem orienta\u00e7\u00f5es sobre cabelo e maquiagem, indicando cabelo solto e uma maquiagem leve e natural.<\/p>\n\n\n\n<p>Se voc\u00ea deseja uma recorda\u00e7\u00e3o impressa \u00e0 parte da sess\u00e3o de Book, o est\u00fadio oferece o Fotolivro, um livro personalizado com capa dura e p\u00e1ginas panor\u00e2micas. Vale ressaltar que ele n\u00e3o \u00e9 indicado para ser entregue em ag\u00eancias, sendo mais recomendado para uso pessoal.<\/p>\n\n\n\n<p>Esperamos ter esclarecido as suas d\u00favidas sobre o Book fotogr\u00e1fico com a Bianca Machado Fotografia. N\u00e3o deixe de entrar em contato para agendar o seu ensaio.<\/p>\nVisite tamb\u00e9m nosso site: www.biancamachado.com.br\r\n(11) 97107-1018\r\n\r\nAtendemos as regi\u00f5es de S\u00e3o Paulo, Sorocaba, Ibi\u00fana, Piedade, Votorantim, Cotia, Itupeva, Jundia\u00ed, It\u00fa e Campinas","protected":false},"excerpt":{"rendered":"<p>Fazer um book masculino em<\/p>\n","protected":false},"author":1,"featured_media":0,"parent":0,"menu_order":0,"comment_status":"closed","ping_status":"closed","template":"","meta":{"_monsterinsights_skip_tracking":false,"_monsterinsights_sitenote_active":false,"_monsterinsights_sitenote_note":"","_monsterinsights_sitenote_category":0,"jetpack_post_was_ever_published":false,"_joinchat":[],"footnotes":""},"class_list":["post-3551","page","type-page","status-publish","hentry"],"yoast_head":"<!-- This site is optimized with the Yoast SEO plugin v27.4 - https:\/\/yoast.com\/product\/yoast-seo-wordpress\/ -->\n<title>Parques Naturais: A Escolha Perfeita para um Ensaio Masculino Descontra\u00eddo - STUDIO BIANCA MACHADO<\/title>\n<meta name=\"description\" content=\"Fazer um book masculino em parques externos pode ser uma \u00f3tima op\u00e7\u00e3o para quem deseja um ensaio fotogr\u00e1fico natural e descontra\u00eddo. Esse tipo de ambiente traz diversas possibilidades para a cria\u00e7\u00e3o de composi\u00e7\u00f5es visuais \u00fanicas, al\u00e9m de permitir uma maior intera\u00e7\u00e3o do modelo com a natureza.\" \/>\n<meta name=\"robots\" content=\"index, follow, max-snippet:-1, max-image-preview:large, max-video-preview:-1\" \/>\n<link rel=\"canonical\" href=\"https:\/\/biancamachado.com.br\/blog\/book-masculino-externo-2\/\" \/>\n<meta property=\"og:locale\" content=\"pt_BR\" \/>\n<meta property=\"og:type\" content=\"article\" \/>\n<meta property=\"og:title\" content=\"Parques Naturais: A Escolha Perfeita para um Ensaio Masculino Descontra\u00eddo - STUDIO BIANCA MACHADO\" \/>\n<meta property=\"og:description\" content=\"Fazer um book masculino em parques externos pode ser uma \u00f3tima op\u00e7\u00e3o para quem deseja um ensaio fotogr\u00e1fico natural e descontra\u00eddo. Esse tipo de ambiente traz diversas possibilidades para a cria\u00e7\u00e3o de composi\u00e7\u00f5es visuais \u00fanicas, al\u00e9m de permitir uma maior intera\u00e7\u00e3o do modelo com a natureza.\" \/>\n<meta property=\"og:url\" content=\"https:\/\/biancamachado.com.br\/blog\/book-masculino-externo-2\/\" \/>\n<meta property=\"og:site_name\" content=\"STUDIO BIANCA MACHADO\" \/>\n<meta property=\"article:publisher\" content=\"https:\/\/www.facebook.com\/Studiobiancamachado\/\" \/>\n<meta property=\"article:modified_time\" content=\"2023-02-16T15:02:21+00:00\" \/>\n<meta property=\"og:image\" content=\"https:\/\/i2.wp.com\/biancamachado.com.br\/blog\/wp-content\/uploads\/2023\/02\/003-1024x683.jpg?ssl=1\" \/>\n<meta name=\"twitter:card\" content=\"summary_large_image\" \/>\n<meta name=\"twitter:label1\" content=\"Est. tempo de leitura\" \/>\n\t<meta name=\"twitter:data1\" content=\"5 minutos\" \/>\n<script type=\"application\/ld+json\" class=\"yoast-schema-graph\">{\"@context\":\"https:\\\/\\\/schema.org\",\"@graph\":[{\"@type\":\"WebPage\",\"@id\":\"https:\\\/\\\/biancamachado.com.br\\\/blog\\\/book-masculino-externo-2\\\/\",\"url\":\"https:\\\/\\\/biancamachado.com.br\\\/blog\\\/book-masculino-externo-2\\\/\",\"name\":\"Parques Naturais: A Escolha Perfeita para um Ensaio Masculino Descontra\u00eddo - STUDIO BIANCA MACHADO\",\"isPartOf\":{\"@id\":\"https:\\\/\\\/biancamachado.com.br\\\/blog\\\/#website\"},\"primaryImageOfPage\":{\"@id\":\"https:\\\/\\\/biancamachado.com.br\\\/blog\\\/book-masculino-externo-2\\\/#primaryimage\"},\"image\":{\"@id\":\"https:\\\/\\\/biancamachado.com.br\\\/blog\\\/book-masculino-externo-2\\\/#primaryimage\"},\"thumbnailUrl\":\"https:\\\/\\\/i2.wp.com\\\/biancamachado.com.br\\\/blog\\\/wp-content\\\/uploads\\\/2023\\\/02\\\/003-1024x683.jpg?ssl=1\",\"datePublished\":\"2023-02-16T15:02:11+00:00\",\"dateModified\":\"2023-02-16T15:02:21+00:00\",\"description\":\"Fazer um book masculino em parques externos pode ser uma \u00f3tima op\u00e7\u00e3o para quem deseja um ensaio fotogr\u00e1fico natural e descontra\u00eddo. Esse tipo de ambiente traz diversas possibilidades para a cria\u00e7\u00e3o de composi\u00e7\u00f5es visuais \u00fanicas, al\u00e9m de permitir uma maior intera\u00e7\u00e3o do modelo com a natureza.\",\"breadcrumb\":{\"@id\":\"https:\\\/\\\/biancamachado.com.br\\\/blog\\\/book-masculino-externo-2\\\/#breadcrumb\"},\"inLanguage\":\"pt-BR\",\"potentialAction\":[{\"@type\":\"ReadAction\",\"target\":[\"https:\\\/\\\/biancamachado.com.br\\\/blog\\\/book-masculino-externo-2\\\/\"]}]},{\"@type\":\"ImageObject\",\"inLanguage\":\"pt-BR\",\"@id\":\"https:\\\/\\\/biancamachado.com.br\\\/blog\\\/book-masculino-externo-2\\\/#primaryimage\",\"url\":\"https:\\\/\\\/i2.wp.com\\\/biancamachado.com.br\\\/blog\\\/wp-content\\\/uploads\\\/2023\\\/02\\\/003-1024x683.jpg?ssl=1\",\"contentUrl\":\"https:\\\/\\\/i2.wp.com\\\/biancamachado.com.br\\\/blog\\\/wp-content\\\/uploads\\\/2023\\\/02\\\/003-1024x683.jpg?ssl=1\"},{\"@type\":\"BreadcrumbList\",\"@id\":\"https:\\\/\\\/biancamachado.com.br\\\/blog\\\/book-masculino-externo-2\\\/#breadcrumb\",\"itemListElement\":[{\"@type\":\"ListItem\",\"position\":1,\"name\":\"In\u00edcio\",\"item\":\"https:\\\/\\\/biancamachado.com.br\\\/blog\\\/\"},{\"@type\":\"ListItem\",\"position\":2,\"name\":\"Parques Naturais: A Escolha Perfeita para um Ensaio Masculino Descontra\u00eddo\"}]},{\"@type\":\"WebSite\",\"@id\":\"https:\\\/\\\/biancamachado.com.br\\\/blog\\\/#website\",\"url\":\"https:\\\/\\\/biancamachado.com.br\\\/blog\\\/\",\"name\":\"STUDIO BIANCA MACHADO\",\"description\":\"Estudio Fotografico, Ensaios e Books de foto profissional\",\"publisher\":{\"@id\":\"https:\\\/\\\/biancamachado.com.br\\\/blog\\\/#organization\"},\"potentialAction\":[{\"@type\":\"SearchAction\",\"target\":{\"@type\":\"EntryPoint\",\"urlTemplate\":\"https:\\\/\\\/biancamachado.com.br\\\/blog\\\/?s={search_term_string}\"},\"query-input\":{\"@type\":\"PropertyValueSpecification\",\"valueRequired\":true,\"valueName\":\"search_term_string\"}}],\"inLanguage\":\"pt-BR\"},{\"@type\":\"Organization\",\"@id\":\"https:\\\/\\\/biancamachado.com.br\\\/blog\\\/#organization\",\"name\":\"STUDIO BIANCA MACHADO\",\"url\":\"https:\\\/\\\/biancamachado.com.br\\\/blog\\\/\",\"logo\":{\"@type\":\"ImageObject\",\"inLanguage\":\"pt-BR\",\"@id\":\"https:\\\/\\\/biancamachado.com.br\\\/blog\\\/#\\\/schema\\\/logo\\\/image\\\/\",\"url\":\"https:\\\/\\\/i0.wp.com\\\/biancamachado.com.br\\\/blog\\\/wp-content\\\/uploads\\\/2021\\\/02\\\/cropped-logo-ml.jpg?fit=278%2C100&ssl=1\",\"contentUrl\":\"https:\\\/\\\/i0.wp.com\\\/biancamachado.com.br\\\/blog\\\/wp-content\\\/uploads\\\/2021\\\/02\\\/cropped-logo-ml.jpg?fit=278%2C100&ssl=1\",\"width\":278,\"height\":100,\"caption\":\"STUDIO BIANCA MACHADO\"},\"image\":{\"@id\":\"https:\\\/\\\/biancamachado.com.br\\\/blog\\\/#\\\/schema\\\/logo\\\/image\\\/\"},\"sameAs\":[\"https:\\\/\\\/www.facebook.com\\\/Studiobiancamachado\\\/\",\"https:\\\/\\\/www.instagram.com\\\/Studiobiancamachado\\\/\"]}]}<\/script>\n<!-- \/ Yoast SEO plugin. -->","yoast_head_json":{"title":"Parques Naturais: A Escolha Perfeita para um Ensaio Masculino Descontra\u00eddo - STUDIO BIANCA MACHADO","description":"Fazer um book masculino em parques externos pode ser uma \u00f3tima op\u00e7\u00e3o para quem deseja um ensaio fotogr\u00e1fico natural e descontra\u00eddo. Esse tipo de ambiente traz diversas possibilidades para a cria\u00e7\u00e3o de composi\u00e7\u00f5es visuais \u00fanicas, al\u00e9m de permitir uma maior intera\u00e7\u00e3o do modelo com a natureza.","robots":{"index":"index","follow":"follow","max-snippet":"max-snippet:-1","max-image-preview":"max-image-preview:large","max-video-preview":"max-video-preview:-1"},"canonical":"https:\/\/biancamachado.com.br\/blog\/book-masculino-externo-2\/","og_locale":"pt_BR","og_type":"article","og_title":"Parques Naturais: A Escolha Perfeita para um Ensaio Masculino Descontra\u00eddo - STUDIO BIANCA MACHADO","og_description":"Fazer um book masculino em parques externos pode ser uma \u00f3tima op\u00e7\u00e3o para quem deseja um ensaio fotogr\u00e1fico natural e descontra\u00eddo. Esse tipo de ambiente traz diversas possibilidades para a cria\u00e7\u00e3o de composi\u00e7\u00f5es visuais \u00fanicas, al\u00e9m de permitir uma maior intera\u00e7\u00e3o do modelo com a natureza.","og_url":"https:\/\/biancamachado.com.br\/blog\/book-masculino-externo-2\/","og_site_name":"STUDIO BIANCA MACHADO","article_publisher":"https:\/\/www.facebook.com\/Studiobiancamachado\/","article_modified_time":"2023-02-16T15:02:21+00:00","og_image":[{"url":"https:\/\/i2.wp.com\/biancamachado.com.br\/blog\/wp-content\/uploads\/2023\/02\/003-1024x683.jpg?ssl=1","type":"","width":"","height":""}],"twitter_card":"summary_large_image","twitter_misc":{"Est. tempo de leitura":"5 minutos"},"schema":{"@context":"https:\/\/schema.org","@graph":[{"@type":"WebPage","@id":"https:\/\/biancamachado.com.br\/blog\/book-masculino-externo-2\/","url":"https:\/\/biancamachado.com.br\/blog\/book-masculino-externo-2\/","name":"Parques Naturais: A Escolha Perfeita para um Ensaio Masculino Descontra\u00eddo - STUDIO BIANCA MACHADO","isPartOf":{"@id":"https:\/\/biancamachado.com.br\/blog\/#website"},"primaryImageOfPage":{"@id":"https:\/\/biancamachado.com.br\/blog\/book-masculino-externo-2\/#primaryimage"},"image":{"@id":"https:\/\/biancamachado.com.br\/blog\/book-masculino-externo-2\/#primaryimage"},"thumbnailUrl":"https:\/\/i2.wp.com\/biancamachado.com.br\/blog\/wp-content\/uploads\/2023\/02\/003-1024x683.jpg?ssl=1","datePublished":"2023-02-16T15:02:11+00:00","dateModified":"2023-02-16T15:02:21+00:00","description":"Fazer um book masculino em parques externos pode ser uma \u00f3tima op\u00e7\u00e3o para quem deseja um ensaio fotogr\u00e1fico natural e descontra\u00eddo. Esse tipo de ambiente traz diversas possibilidades para a cria\u00e7\u00e3o de composi\u00e7\u00f5es visuais \u00fanicas, al\u00e9m de permitir uma maior intera\u00e7\u00e3o do modelo com a natureza.","breadcrumb":{"@id":"https:\/\/biancamachado.com.br\/blog\/book-masculino-externo-2\/#breadcrumb"},"inLanguage":"pt-BR","potentialAction":[{"@type":"ReadAction","target":["https:\/\/biancamachado.com.br\/blog\/book-masculino-externo-2\/"]}]},{"@type":"ImageObject","inLanguage":"pt-BR","@id":"https:\/\/biancamachado.com.br\/blog\/book-masculino-externo-2\/#primaryimage","url":"https:\/\/i2.wp.com\/biancamachado.com.br\/blog\/wp-content\/uploads\/2023\/02\/003-1024x683.jpg?ssl=1","contentUrl":"https:\/\/i2.wp.com\/biancamachado.com.br\/blog\/wp-content\/uploads\/2023\/02\/003-1024x683.jpg?ssl=1"},{"@type":"BreadcrumbList","@id":"https:\/\/biancamachado.com.br\/blog\/book-masculino-externo-2\/#breadcrumb","itemListElement":[{"@type":"ListItem","position":1,"name":"In\u00edcio","item":"https:\/\/biancamachado.com.br\/blog\/"},{"@type":"ListItem","position":2,"name":"Parques Naturais: A Escolha Perfeita para um Ensaio Masculino Descontra\u00eddo"}]},{"@type":"WebSite","@id":"https:\/\/biancamachado.com.br\/blog\/#website","url":"https:\/\/biancamachado.com.br\/blog\/","name":"STUDIO BIANCA MACHADO","description":"Estudio Fotografico, Ensaios e Books de foto profissional","publisher":{"@id":"https:\/\/biancamachado.com.br\/blog\/#organization"},"potentialAction":[{"@type":"SearchAction","target":{"@type":"EntryPoint","urlTemplate":"https:\/\/biancamachado.com.br\/blog\/?s={search_term_string}"},"query-input":{"@type":"PropertyValueSpecification","valueRequired":true,"valueName":"search_term_string"}}],"inLanguage":"pt-BR"},{"@type":"Organization","@id":"https:\/\/biancamachado.com.br\/blog\/#organization","name":"STUDIO BIANCA MACHADO","url":"https:\/\/biancamachado.com.br\/blog\/","logo":{"@type":"ImageObject","inLanguage":"pt-BR","@id":"https:\/\/biancamachado.com.br\/blog\/#\/schema\/logo\/image\/","url":"https:\/\/i0.wp.com\/biancamachado.com.br\/blog\/wp-content\/uploads\/2021\/02\/cropped-logo-ml.jpg?fit=278%2C100&ssl=1","contentUrl":"https:\/\/i0.wp.com\/biancamachado.com.br\/blog\/wp-content\/uploads\/2021\/02\/cropped-logo-ml.jpg?fit=278%2C100&ssl=1","width":278,"height":100,"caption":"STUDIO BIANCA MACHADO"},"image":{"@id":"https:\/\/biancamachado.com.br\/blog\/#\/schema\/logo\/image\/"},"sameAs":["https:\/\/www.facebook.com\/Studiobiancamachado\/","https:\/\/www.instagram.com\/Studiobiancamachado\/"]}]}},"jetpack-related-posts":[],"jetpack_sharing_enabled":true,"_links":{"self":[{"href":"https:\/\/biancamachado.com.br\/blog\/wp-json\/wp\/v2\/pages\/3551","targetHints":{"allow":["GET"]}}],"collection":[{"href":"https:\/\/biancamachado.com.br\/blog\/wp-json\/wp\/v2\/pages"}],"about":[{"href":"https:\/\/biancamachado.com.br\/blog\/wp-json\/wp\/v2\/types\/page"}],"author":[{"embeddable":true,"href":"https:\/\/biancamachado.com.br\/blog\/wp-json\/wp\/v2\/users\/1"}],"replies":[{"embeddable":true,"href":"https:\/\/biancamachado.com.br\/blog\/wp-json\/wp\/v2\/comments?post=3551"}],"version-history":[{"count":1,"href":"https:\/\/biancamachado.com.br\/blog\/wp-json\/wp\/v2\/pages\/3551\/revisions"}],"predecessor-version":[{"id":3553,"href":"https:\/\/biancamachado.com.br\/blog\/wp-json\/wp\/v2\/pages\/3551\/revisions\/3553"}],"wp:attachment":[{"href":"https:\/\/biancamachado.com.br\/blog\/wp-json\/wp\/v2\/media?parent=3551"}],"curies":[{"name":"wp","href":"https:\/\/api.w.org\/{rel}","templated":true}]}}