{"id":3542,"date":"2023-02-16T11:34:17","date_gmt":"2023-02-16T14:34:17","guid":{"rendered":"https:\/\/biancamachado.com.br\/blog\/?page_id=3542"},"modified":"2023-02-16T11:34:27","modified_gmt":"2023-02-16T14:34:27","slug":"book-feminino-agenciamento","status":"publish","type":"page","link":"https:\/\/biancamachado.com.br\/blog\/book-feminino-agenciamento\/","title":{"rendered":"Alcance seus sonhos com nosso book feminino para modelos comerciais"},"content":{"rendered":"\n<p>O book feminino para agenciamento de modelos comerciais \u00e9 uma parte fundamental na carreira de uma modelo. Ele \u00e9 usado para apresentar suas habilidades, apar\u00eancia e estilo para as ag\u00eancias e clientes. \u00c9 importante ter um book bem elaborado, profissional e atualizado para que voc\u00ea possa se destacar entre outras modelos e chamar a aten\u00e7\u00e3o de poss\u00edveis oportunidades de trabalho.<\/p>\n\n\n\n<p>Uma sess\u00e3o de fotos bem planejada \u00e9 crucial para o sucesso do seu book. \u00c9 importante escolher roupas e acess\u00f3rios que destaquem sua personalidade e estilo, assim como a maquiagem e o cabelo. Al\u00e9m disso, \u00e9 importante ter poses e express\u00f5es vers\u00e1teis para mostrar sua versatilidade como modelo. Ao escolher um fot\u00f3grafo para sua sess\u00e3o de fotos, certifique-se de que eles tenham experi\u00eancia em fotografia de moda e publicidade, para que voc\u00ea possa ter certeza de que suas fotos ser\u00e3o profissionais e atraentes. Com um book de qualidade, voc\u00ea estar\u00e1 preparada para enfrentar as oportunidades de trabalho no mercado de moda e publicidade.<\/p>\n\n\n\n<p>Conhe\u00e7a nossos <a href=\"https:\/\/www.biancamachado.com.br\/bookmodeloprecosbookdigital.html\">pre\u00e7os<\/a> e pacotes de book feminino para agenciamento de modelos comerciais. <a href=\"https:\/\/www.biancamachado.com.br\/bookmodeloprecosbookdigital.html\">Clique aqui<\/a> e descubra como podemos ajud\u00e1-la a alcan\u00e7ar seus objetivos na carreira de modelo. N\u00e3o perca a oportunidade de se destacar no mercado de moda e publicidade.<\/p>\n\n\n\n<div class=\"wp-block-jetpack-tiled-gallery aligncenter is-style-rectangular\"><div class=\"tiled-gallery__gallery\"><div class=\"tiled-gallery__row\"><div class=\"tiled-gallery__col\" style=\"flex-basis:52.74265%\"><figure class=\"tiled-gallery__item\"><img decoding=\"async\" srcset=\"https:\/\/i2.wp.com\/biancamachado.com.br\/blog\/wp-content\/uploads\/2021\/04\/009-8-1024x683.jpg?strip=info&#038;w=600&#038;ssl=1 600w,https:\/\/i2.wp.com\/biancamachado.com.br\/blog\/wp-content\/uploads\/2021\/04\/009-8-1024x683.jpg?strip=info&#038;w=900&#038;ssl=1 900w,https:\/\/i2.wp.com\/biancamachado.com.br\/blog\/wp-content\/uploads\/2021\/04\/009-8-1024x683.jpg?strip=info&#038;w=1200&#038;ssl=1 1200w,https:\/\/i2.wp.com\/biancamachado.com.br\/blog\/wp-content\/uploads\/2021\/04\/009-8-1024x683.jpg?strip=info&#038;w=1500&#038;ssl=1 1500w,https:\/\/i2.wp.com\/biancamachado.com.br\/blog\/wp-content\/uploads\/2021\/04\/009-8-1024x683.jpg?strip=info&#038;w=1800&#038;ssl=1 1800w,https:\/\/i2.wp.com\/biancamachado.com.br\/blog\/wp-content\/uploads\/2021\/04\/009-8-1024x683.jpg?strip=info&#038;w=2000&#038;ssl=1 2000w\" alt=\"fotografias profissionais de book\" data-height=\"1707\" data-id=\"2337\" data-link=\"https:\/\/biancamachado.com.br\/blog\/009-9\/\" data-url=\"https:\/\/biancamachado.com.br\/blog\/wp-content\/uploads\/2021\/04\/009-8-1024x683.jpg\" data-width=\"2560\" src=\"https:\/\/i2.wp.com\/biancamachado.com.br\/blog\/wp-content\/uploads\/2021\/04\/009-8-1024x683.jpg?ssl=1\" data-amp-layout=\"responsive\"\/><\/figure><figure class=\"tiled-gallery__item\"><img decoding=\"async\" srcset=\"https:\/\/i1.wp.com\/biancamachado.com.br\/blog\/wp-content\/uploads\/2021\/04\/064-1-1024x683.jpg?strip=info&#038;w=600&#038;ssl=1 600w,https:\/\/i1.wp.com\/biancamachado.com.br\/blog\/wp-content\/uploads\/2021\/04\/064-1-1024x683.jpg?strip=info&#038;w=900&#038;ssl=1 900w,https:\/\/i1.wp.com\/biancamachado.com.br\/blog\/wp-content\/uploads\/2021\/04\/064-1-1024x683.jpg?strip=info&#038;w=1200&#038;ssl=1 1200w,https:\/\/i1.wp.com\/biancamachado.com.br\/blog\/wp-content\/uploads\/2021\/04\/064-1-1024x683.jpg?strip=info&#038;w=1500&#038;ssl=1 1500w,https:\/\/i1.wp.com\/biancamachado.com.br\/blog\/wp-content\/uploads\/2021\/04\/064-1-1024x683.jpg?strip=info&#038;w=1800&#038;ssl=1 1800w,https:\/\/i1.wp.com\/biancamachado.com.br\/blog\/wp-content\/uploads\/2021\/04\/064-1-1024x683.jpg?strip=info&#038;w=2000&#038;ssl=1 2000w\" alt=\"fotos book feminino a domicilio\" data-height=\"1707\" data-id=\"2071\" data-link=\"https:\/\/biancamachado.com.br\/blog\/064-2\/\" data-url=\"https:\/\/biancamachado.com.br\/blog\/wp-content\/uploads\/2021\/04\/064-1-1024x683.jpg\" data-width=\"2560\" src=\"https:\/\/i1.wp.com\/biancamachado.com.br\/blog\/wp-content\/uploads\/2021\/04\/064-1-1024x683.jpg?ssl=1\" data-amp-layout=\"responsive\"\/><\/figure><\/div><div class=\"tiled-gallery__col\" style=\"flex-basis:47.25735%\"><figure class=\"tiled-gallery__item\"><img decoding=\"async\" srcset=\"https:\/\/i0.wp.com\/biancamachado.com.br\/blog\/wp-content\/uploads\/2021\/04\/012-4-683x1024.jpg?strip=info&#038;w=600&#038;ssl=1 600w,https:\/\/i0.wp.com\/biancamachado.com.br\/blog\/wp-content\/uploads\/2021\/04\/012-4-683x1024.jpg?strip=info&#038;w=900&#038;ssl=1 900w,https:\/\/i0.wp.com\/biancamachado.com.br\/blog\/wp-content\/uploads\/2021\/04\/012-4-683x1024.jpg?strip=info&#038;w=1200&#038;ssl=1 1200w,https:\/\/i0.wp.com\/biancamachado.com.br\/blog\/wp-content\/uploads\/2021\/04\/012-4-683x1024.jpg?strip=info&#038;w=1500&#038;ssl=1 1500w,https:\/\/i0.wp.com\/biancamachado.com.br\/blog\/wp-content\/uploads\/2021\/04\/012-4-683x1024.jpg?strip=info&#038;w=1707&#038;ssl=1 1707w\" alt=\"fotos book em casa\" data-height=\"2560\" data-id=\"2065\" data-link=\"https:\/\/biancamachado.com.br\/blog\/012-7\/\" data-url=\"https:\/\/biancamachado.com.br\/blog\/wp-content\/uploads\/2021\/04\/012-4-683x1024.jpg\" data-width=\"1707\" src=\"https:\/\/i0.wp.com\/biancamachado.com.br\/blog\/wp-content\/uploads\/2021\/04\/012-4-683x1024.jpg?ssl=1\" data-amp-layout=\"responsive\"\/><\/figure><\/div><\/div><div class=\"tiled-gallery__row\"><div class=\"tiled-gallery__col\" style=\"flex-basis:38.45926%\"><figure class=\"tiled-gallery__item\"><img decoding=\"async\" srcset=\"https:\/\/i0.wp.com\/biancamachado.com.br\/blog\/wp-content\/uploads\/2016\/07\/Screenshot_82.png?strip=info&#038;w=600&#038;ssl=1 600w,https:\/\/i0.wp.com\/biancamachado.com.br\/blog\/wp-content\/uploads\/2016\/07\/Screenshot_82.png?strip=info&#038;w=678&#038;ssl=1 678w\" alt=\"Dicas para agenciamento de modelos\" data-height=\"491\" data-id=\"880\" data-link=\"https:\/\/biancamachado.com.br\/blog\/dicas-para-agenciamento-de-modelos\/screenshot_82\/\" data-url=\"https:\/\/biancamachado.com.br\/blog\/wp-content\/uploads\/2016\/07\/Screenshot_82.png\" data-width=\"678\" src=\"https:\/\/i0.wp.com\/biancamachado.com.br\/blog\/wp-content\/uploads\/2016\/07\/Screenshot_82.png?ssl=1\" data-amp-layout=\"responsive\"\/><\/figure><\/div><div class=\"tiled-gallery__col\" style=\"flex-basis:61.54074%\"><figure class=\"tiled-gallery__item\"><img decoding=\"async\" srcset=\"https:\/\/i2.wp.com\/biancamachado.com.br\/blog\/wp-content\/uploads\/2013\/08\/Screenshot_195.png?strip=info&#038;w=600&#038;ssl=1 600w,https:\/\/i2.wp.com\/biancamachado.com.br\/blog\/wp-content\/uploads\/2013\/08\/Screenshot_195.png?strip=info&#038;w=682&#038;ssl=1 682w\" alt=\"Melhores ag\u00eancias de Modelos \u2013 Ranking Oficial\" data-height=\"308\" data-id=\"1004\" data-link=\"https:\/\/biancamachado.com.br\/blog\/melhores-agencias-de-modelos-ranking-oficial\/screenshot_195\/\" data-url=\"https:\/\/biancamachado.com.br\/blog\/wp-content\/uploads\/2013\/08\/Screenshot_195.png\" data-width=\"682\" src=\"https:\/\/i2.wp.com\/biancamachado.com.br\/blog\/wp-content\/uploads\/2013\/08\/Screenshot_195.png?ssl=1\" data-amp-layout=\"responsive\"\/><\/figure><\/div><\/div><div class=\"tiled-gallery__row\"><div class=\"tiled-gallery__col\" style=\"flex-basis:27.81673%\"><figure class=\"tiled-gallery__item\"><img decoding=\"async\" srcset=\"https:\/\/i1.wp.com\/biancamachado.com.br\/blog\/wp-content\/uploads\/2012\/08\/Screenshot_405.png?strip=info&#038;w=600&#038;ssl=1 600w,https:\/\/i1.wp.com\/biancamachado.com.br\/blog\/wp-content\/uploads\/2012\/08\/Screenshot_405.png?strip=info&#038;w=606&#038;ssl=1 606w\" alt=\"Est\u00fadio Fotogr\u00e1fico para Book Modelo\" data-height=\"420\" data-id=\"1285\" data-link=\"https:\/\/biancamachado.com.br\/blog\/estudio-fotografico-para-book-modelo\/screenshot_405\/\" data-url=\"https:\/\/biancamachado.com.br\/blog\/wp-content\/uploads\/2012\/08\/Screenshot_405.png\" data-width=\"606\" src=\"https:\/\/i1.wp.com\/biancamachado.com.br\/blog\/wp-content\/uploads\/2012\/08\/Screenshot_405.png?ssl=1\" data-amp-layout=\"responsive\"\/><\/figure><\/div><div class=\"tiled-gallery__col\" style=\"flex-basis:40.98074%\"><figure class=\"tiled-gallery__item\"><img decoding=\"async\" srcset=\"https:\/\/i0.wp.com\/biancamachado.com.br\/blog\/wp-content\/uploads\/2012\/06\/Screenshot_474.png?strip=info&#038;w=600&#038;ssl=1 600w,https:\/\/i0.wp.com\/biancamachado.com.br\/blog\/wp-content\/uploads\/2012\/06\/Screenshot_474.png?strip=info&#038;w=635&#038;ssl=1 635w\" alt=\"Dicas para quem quer ingressar na carreira de Modelo Fotogr\u00e1fico\" data-height=\"298\" data-id=\"1355\" data-link=\"https:\/\/biancamachado.com.br\/blog\/dicas-para-quem-quer-ingressar-na-carreira-de-modelo-fotografico\/screenshot_474\/\" data-url=\"https:\/\/biancamachado.com.br\/blog\/wp-content\/uploads\/2012\/06\/Screenshot_474.png\" data-width=\"635\" src=\"https:\/\/i0.wp.com\/biancamachado.com.br\/blog\/wp-content\/uploads\/2012\/06\/Screenshot_474.png?ssl=1\" data-amp-layout=\"responsive\"\/><\/figure><\/div><div class=\"tiled-gallery__col\" style=\"flex-basis:31.20253%\"><figure class=\"tiled-gallery__item\"><img decoding=\"async\" srcset=\"https:\/\/i0.wp.com\/biancamachado.com.br\/blog\/wp-content\/uploads\/2013\/05\/Screenshot_264.png?strip=info&#038;w=600&#038;ssl=1 600w,https:\/\/i0.wp.com\/biancamachado.com.br\/blog\/wp-content\/uploads\/2013\/05\/Screenshot_264.png?strip=info&#038;w=703&#038;ssl=1 703w\" alt=\"Emprego de modelo profissional\" data-height=\"434\" data-id=\"1141\" data-link=\"https:\/\/biancamachado.com.br\/blog\/emprego-de-modelo-profissional\/screenshot_264\/\" data-url=\"https:\/\/biancamachado.com.br\/blog\/wp-content\/uploads\/2013\/05\/Screenshot_264.png\" data-width=\"703\" src=\"https:\/\/i0.wp.com\/biancamachado.com.br\/blog\/wp-content\/uploads\/2013\/05\/Screenshot_264.png?ssl=1\" data-amp-layout=\"responsive\"\/><\/figure><\/div><\/div><\/div><\/div>\n\n\n\n<p>Para agendar, basta clicar em nossa loja virtual ou entrar em contato conosco pelo WhatsApp (011) 97107-1018 ou (015) 99663-1663 ou pelo e-mail <a href=\"mailto:contato@biancamachado.com.br\">contato@biancamachado.com.br<\/a>. Se precisar reagendar, basta avisar com at\u00e9 72 horas de anteced\u00eancia. Se n\u00e3o for poss\u00edvel comparecer na data agendada, ser\u00e1 cobrado 20% a mais na pr\u00f3xima sess\u00e3o.<\/p>\n\n\n\n<p>Sua sess\u00e3o de fotos ser\u00e1 fotografada por Bianca Machado e sua equipe. Infelizmente, n\u00e3o fornecemos as roupas para as sess\u00f5es, ent\u00e3o voc\u00ea deve providenci\u00e1-las. O espa\u00e7o necess\u00e1rio para a montagem do nosso est\u00fadio port\u00e1til \u00e9 de cerca de 1,5&#215;5,0 metros. Uma boa sugest\u00e3o \u00e9 usar o sal\u00e3o de festas em um condom\u00ednio.<\/p>\n\n\n\n<p>Para o seu book pessoal, recomendamos trazer roupas que representem sua ess\u00eancia, como jeans para um look mais despojado e um vestido preto para um look mais fashion. J\u00e1 para o book de ag\u00eancia, evite roupas com marcas estampadas e experimente produ\u00e7\u00f5es diferentes. Voc\u00ea pode levar um acompanhante por um custo adicional de R$ 30,00.<\/p>\n\n\n\n<p>Voc\u00ea receber\u00e1 todas as fotos da sess\u00e3o em alta resolu\u00e7\u00e3o, prontas para download ap\u00f3s 12 dias \u00fateis. Se precisar mais r\u00e1pido, \u00e9 poss\u00edvel contratar a taxa de urg\u00eancia. As fotos passar\u00e3o por um tratamento de Photoshop para otimizar 60% da pele. N\u00e3o inclu\u00edmos detalhes como cicatrizes, espinhas ou redu\u00e7\u00e3o de medidas. O est\u00fadio est\u00e1 aberto todos os dias e a forma de pagamento pode ser feita no site com parcelamento em 3x sem juros no cart\u00e3o de cr\u00e9dito ou na m\u00e1quina de cart\u00e3o no dia da sess\u00e3o.<\/p>\n\n\n\n<p>N\u00e3o somos uma ag\u00eancia de modelos, mas mantemos uma base de dados com nossos clientes corporativos para campanhas de produtos, cat\u00e1logos e folders. Para o cabelo e a maquiagem, recomendamos o cabelo solto e maquiagens leves do dia a dia. Nossos books digitais n\u00e3o incluem revela\u00e7\u00f5es de fotos, mas algumas fotos poder\u00e3o ser em preto e branco para complementar o resultado final. Se desejar, \u00e9 poss\u00edvel adquirir um F<\/p>\n\n\n\n<p>otolivro de Book Modelo como uma lembran\u00e7a impressa separada da sess\u00e3o de book. \u00c9 um livro personalizado com capa dura e p\u00e1ginas panor\u00e2micas, destinado apenas como uma recorda\u00e7\u00e3o. Para as ag\u00eancias, recomendamos amplia\u00e7\u00f5es avulsas no tamanho 24&#215;30 cm, que podem ser feitas em qualquer laborat\u00f3rio comum.<\/p>\n\n\n\n<p>Em resumo, oferecemos uma ampla variedade de op\u00e7\u00f5es para sua sess\u00e3o de fotos, incluindo agendamento f\u00e1cil, equipe de fot\u00f3grafos profissionais, roupas personalizadas, espa\u00e7o adequado para montagem do est\u00fadio, pagamentos convenientes, tratamento de Photoshop, lembran\u00e7as impressas e muito mais. N\u00e3o hesite em entrar em contato conosco para agendar sua sess\u00e3o de fotos ou obter mais informa\u00e7\u00f5es. Estamos ansiosos para capturar seus momentos especiais!<\/p>\nVisite tamb\u00e9m nosso site: www.biancamachado.com.br\r\n(11) 97107-1018\r\n\r\nAtendemos as regi\u00f5es de S\u00e3o Paulo, Sorocaba, Ibi\u00fana, Piedade, Votorantim, Cotia, Itupeva, Jundia\u00ed, It\u00fa e Campinas","protected":false},"excerpt":{"rendered":"<p>O book feminino para agenciamento<\/p>\n","protected":false},"author":1,"featured_media":0,"parent":0,"menu_order":0,"comment_status":"closed","ping_status":"closed","template":"","meta":{"_monsterinsights_skip_tracking":false,"_monsterinsights_sitenote_active":false,"_monsterinsights_sitenote_note":"","_monsterinsights_sitenote_category":0,"jetpack_post_was_ever_published":false,"_joinchat":[],"footnotes":""},"class_list":["post-3542","page","type-page","status-publish","hentry"],"yoast_head":"<!-- This site is optimized with the Yoast SEO plugin v27.3 - https:\/\/yoast.com\/product\/yoast-seo-wordpress\/ -->\n<title>Alcance seus sonhos com nosso book feminino para modelos comerciais - STUDIO BIANCA MACHADO<\/title>\n<meta name=\"description\" content=\"O book feminino para agenciamento de modelos comerciais \u00e9 uma parte fundamental na carreira de uma modelo. Ele \u00e9 usado para apresentar suas habilidades, apar\u00eancia e estilo para as ag\u00eancias e clientes. \u00c9 importante ter um book bem elaborado, profissional e atualizado para que voc\u00ea possa se destacar entre outras modelos e chamar a aten\u00e7\u00e3o de poss\u00edveis oportunidades de trabalho.\" \/>\n<meta name=\"robots\" content=\"index, follow, max-snippet:-1, max-image-preview:large, max-video-preview:-1\" \/>\n<link rel=\"canonical\" href=\"https:\/\/biancamachado.com.br\/blog\/book-feminino-agenciamento\/\" \/>\n<meta property=\"og:locale\" content=\"pt_BR\" \/>\n<meta property=\"og:type\" content=\"article\" \/>\n<meta property=\"og:title\" content=\"Alcance seus sonhos com nosso book feminino para modelos comerciais - STUDIO BIANCA MACHADO\" \/>\n<meta property=\"og:description\" content=\"O book feminino para agenciamento de modelos comerciais \u00e9 uma parte fundamental na carreira de uma modelo. Ele \u00e9 usado para apresentar suas habilidades, apar\u00eancia e estilo para as ag\u00eancias e clientes. \u00c9 importante ter um book bem elaborado, profissional e atualizado para que voc\u00ea possa se destacar entre outras modelos e chamar a aten\u00e7\u00e3o de poss\u00edveis oportunidades de trabalho.\" \/>\n<meta property=\"og:url\" content=\"https:\/\/biancamachado.com.br\/blog\/book-feminino-agenciamento\/\" \/>\n<meta property=\"og:site_name\" content=\"STUDIO BIANCA MACHADO\" \/>\n<meta property=\"article:publisher\" content=\"https:\/\/www.facebook.com\/Studiobiancamachado\/\" \/>\n<meta property=\"article:modified_time\" content=\"2023-02-16T14:34:27+00:00\" \/>\n<meta property=\"og:image\" content=\"https:\/\/i2.wp.com\/biancamachado.com.br\/blog\/wp-content\/uploads\/2021\/04\/009-8-1024x683.jpg?ssl=1\" \/>\n<meta name=\"twitter:card\" content=\"summary_large_image\" \/>\n<meta name=\"twitter:label1\" content=\"Est. tempo de leitura\" \/>\n\t<meta name=\"twitter:data1\" content=\"6 minutos\" \/>\n<script type=\"application\/ld+json\" class=\"yoast-schema-graph\">{\"@context\":\"https:\\\/\\\/schema.org\",\"@graph\":[{\"@type\":\"WebPage\",\"@id\":\"https:\\\/\\\/biancamachado.com.br\\\/blog\\\/book-feminino-agenciamento\\\/\",\"url\":\"https:\\\/\\\/biancamachado.com.br\\\/blog\\\/book-feminino-agenciamento\\\/\",\"name\":\"Alcance seus sonhos com nosso book feminino para modelos comerciais - STUDIO BIANCA MACHADO\",\"isPartOf\":{\"@id\":\"https:\\\/\\\/biancamachado.com.br\\\/blog\\\/#website\"},\"primaryImageOfPage\":{\"@id\":\"https:\\\/\\\/biancamachado.com.br\\\/blog\\\/book-feminino-agenciamento\\\/#primaryimage\"},\"image\":{\"@id\":\"https:\\\/\\\/biancamachado.com.br\\\/blog\\\/book-feminino-agenciamento\\\/#primaryimage\"},\"thumbnailUrl\":\"https:\\\/\\\/i2.wp.com\\\/biancamachado.com.br\\\/blog\\\/wp-content\\\/uploads\\\/2021\\\/04\\\/009-8-1024x683.jpg?ssl=1\",\"datePublished\":\"2023-02-16T14:34:17+00:00\",\"dateModified\":\"2023-02-16T14:34:27+00:00\",\"description\":\"O book feminino para agenciamento de modelos comerciais \u00e9 uma parte fundamental na carreira de uma modelo. Ele \u00e9 usado para apresentar suas habilidades, apar\u00eancia e estilo para as ag\u00eancias e clientes. \u00c9 importante ter um book bem elaborado, profissional e atualizado para que voc\u00ea possa se destacar entre outras modelos e chamar a aten\u00e7\u00e3o de poss\u00edveis oportunidades de trabalho.\",\"breadcrumb\":{\"@id\":\"https:\\\/\\\/biancamachado.com.br\\\/blog\\\/book-feminino-agenciamento\\\/#breadcrumb\"},\"inLanguage\":\"pt-BR\",\"potentialAction\":[{\"@type\":\"ReadAction\",\"target\":[\"https:\\\/\\\/biancamachado.com.br\\\/blog\\\/book-feminino-agenciamento\\\/\"]}]},{\"@type\":\"ImageObject\",\"inLanguage\":\"pt-BR\",\"@id\":\"https:\\\/\\\/biancamachado.com.br\\\/blog\\\/book-feminino-agenciamento\\\/#primaryimage\",\"url\":\"https:\\\/\\\/i2.wp.com\\\/biancamachado.com.br\\\/blog\\\/wp-content\\\/uploads\\\/2021\\\/04\\\/009-8-1024x683.jpg?ssl=1\",\"contentUrl\":\"https:\\\/\\\/i2.wp.com\\\/biancamachado.com.br\\\/blog\\\/wp-content\\\/uploads\\\/2021\\\/04\\\/009-8-1024x683.jpg?ssl=1\"},{\"@type\":\"BreadcrumbList\",\"@id\":\"https:\\\/\\\/biancamachado.com.br\\\/blog\\\/book-feminino-agenciamento\\\/#breadcrumb\",\"itemListElement\":[{\"@type\":\"ListItem\",\"position\":1,\"name\":\"In\u00edcio\",\"item\":\"https:\\\/\\\/biancamachado.com.br\\\/blog\\\/\"},{\"@type\":\"ListItem\",\"position\":2,\"name\":\"Alcance seus sonhos com nosso book feminino para modelos comerciais\"}]},{\"@type\":\"WebSite\",\"@id\":\"https:\\\/\\\/biancamachado.com.br\\\/blog\\\/#website\",\"url\":\"https:\\\/\\\/biancamachado.com.br\\\/blog\\\/\",\"name\":\"STUDIO BIANCA MACHADO\",\"description\":\"Estudio Fotografico, Ensaios e Books de foto profissional\",\"publisher\":{\"@id\":\"https:\\\/\\\/biancamachado.com.br\\\/blog\\\/#organization\"},\"potentialAction\":[{\"@type\":\"SearchAction\",\"target\":{\"@type\":\"EntryPoint\",\"urlTemplate\":\"https:\\\/\\\/biancamachado.com.br\\\/blog\\\/?s={search_term_string}\"},\"query-input\":{\"@type\":\"PropertyValueSpecification\",\"valueRequired\":true,\"valueName\":\"search_term_string\"}}],\"inLanguage\":\"pt-BR\"},{\"@type\":\"Organization\",\"@id\":\"https:\\\/\\\/biancamachado.com.br\\\/blog\\\/#organization\",\"name\":\"STUDIO BIANCA MACHADO\",\"url\":\"https:\\\/\\\/biancamachado.com.br\\\/blog\\\/\",\"logo\":{\"@type\":\"ImageObject\",\"inLanguage\":\"pt-BR\",\"@id\":\"https:\\\/\\\/biancamachado.com.br\\\/blog\\\/#\\\/schema\\\/logo\\\/image\\\/\",\"url\":\"https:\\\/\\\/i0.wp.com\\\/biancamachado.com.br\\\/blog\\\/wp-content\\\/uploads\\\/2021\\\/02\\\/cropped-logo-ml.jpg?fit=278%2C100&ssl=1\",\"contentUrl\":\"https:\\\/\\\/i0.wp.com\\\/biancamachado.com.br\\\/blog\\\/wp-content\\\/uploads\\\/2021\\\/02\\\/cropped-logo-ml.jpg?fit=278%2C100&ssl=1\",\"width\":278,\"height\":100,\"caption\":\"STUDIO BIANCA MACHADO\"},\"image\":{\"@id\":\"https:\\\/\\\/biancamachado.com.br\\\/blog\\\/#\\\/schema\\\/logo\\\/image\\\/\"},\"sameAs\":[\"https:\\\/\\\/www.facebook.com\\\/Studiobiancamachado\\\/\",\"https:\\\/\\\/www.instagram.com\\\/Studiobiancamachado\\\/\"]}]}<\/script>\n<!-- \/ Yoast SEO plugin. -->","yoast_head_json":{"title":"Alcance seus sonhos com nosso book feminino para modelos comerciais - STUDIO BIANCA MACHADO","description":"O book feminino para agenciamento de modelos comerciais \u00e9 uma parte fundamental na carreira de uma modelo. Ele \u00e9 usado para apresentar suas habilidades, apar\u00eancia e estilo para as ag\u00eancias e clientes. \u00c9 importante ter um book bem elaborado, profissional e atualizado para que voc\u00ea possa se destacar entre outras modelos e chamar a aten\u00e7\u00e3o de poss\u00edveis oportunidades de trabalho.","robots":{"index":"index","follow":"follow","max-snippet":"max-snippet:-1","max-image-preview":"max-image-preview:large","max-video-preview":"max-video-preview:-1"},"canonical":"https:\/\/biancamachado.com.br\/blog\/book-feminino-agenciamento\/","og_locale":"pt_BR","og_type":"article","og_title":"Alcance seus sonhos com nosso book feminino para modelos comerciais - STUDIO BIANCA MACHADO","og_description":"O book feminino para agenciamento de modelos comerciais \u00e9 uma parte fundamental na carreira de uma modelo. Ele \u00e9 usado para apresentar suas habilidades, apar\u00eancia e estilo para as ag\u00eancias e clientes. \u00c9 importante ter um book bem elaborado, profissional e atualizado para que voc\u00ea possa se destacar entre outras modelos e chamar a aten\u00e7\u00e3o de poss\u00edveis oportunidades de trabalho.","og_url":"https:\/\/biancamachado.com.br\/blog\/book-feminino-agenciamento\/","og_site_name":"STUDIO BIANCA MACHADO","article_publisher":"https:\/\/www.facebook.com\/Studiobiancamachado\/","article_modified_time":"2023-02-16T14:34:27+00:00","og_image":[{"url":"https:\/\/i2.wp.com\/biancamachado.com.br\/blog\/wp-content\/uploads\/2021\/04\/009-8-1024x683.jpg?ssl=1","type":"","width":"","height":""}],"twitter_card":"summary_large_image","twitter_misc":{"Est. tempo de leitura":"6 minutos"},"schema":{"@context":"https:\/\/schema.org","@graph":[{"@type":"WebPage","@id":"https:\/\/biancamachado.com.br\/blog\/book-feminino-agenciamento\/","url":"https:\/\/biancamachado.com.br\/blog\/book-feminino-agenciamento\/","name":"Alcance seus sonhos com nosso book feminino para modelos comerciais - STUDIO BIANCA MACHADO","isPartOf":{"@id":"https:\/\/biancamachado.com.br\/blog\/#website"},"primaryImageOfPage":{"@id":"https:\/\/biancamachado.com.br\/blog\/book-feminino-agenciamento\/#primaryimage"},"image":{"@id":"https:\/\/biancamachado.com.br\/blog\/book-feminino-agenciamento\/#primaryimage"},"thumbnailUrl":"https:\/\/i2.wp.com\/biancamachado.com.br\/blog\/wp-content\/uploads\/2021\/04\/009-8-1024x683.jpg?ssl=1","datePublished":"2023-02-16T14:34:17+00:00","dateModified":"2023-02-16T14:34:27+00:00","description":"O book feminino para agenciamento de modelos comerciais \u00e9 uma parte fundamental na carreira de uma modelo. Ele \u00e9 usado para apresentar suas habilidades, apar\u00eancia e estilo para as ag\u00eancias e clientes. \u00c9 importante ter um book bem elaborado, profissional e atualizado para que voc\u00ea possa se destacar entre outras modelos e chamar a aten\u00e7\u00e3o de poss\u00edveis oportunidades de trabalho.","breadcrumb":{"@id":"https:\/\/biancamachado.com.br\/blog\/book-feminino-agenciamento\/#breadcrumb"},"inLanguage":"pt-BR","potentialAction":[{"@type":"ReadAction","target":["https:\/\/biancamachado.com.br\/blog\/book-feminino-agenciamento\/"]}]},{"@type":"ImageObject","inLanguage":"pt-BR","@id":"https:\/\/biancamachado.com.br\/blog\/book-feminino-agenciamento\/#primaryimage","url":"https:\/\/i2.wp.com\/biancamachado.com.br\/blog\/wp-content\/uploads\/2021\/04\/009-8-1024x683.jpg?ssl=1","contentUrl":"https:\/\/i2.wp.com\/biancamachado.com.br\/blog\/wp-content\/uploads\/2021\/04\/009-8-1024x683.jpg?ssl=1"},{"@type":"BreadcrumbList","@id":"https:\/\/biancamachado.com.br\/blog\/book-feminino-agenciamento\/#breadcrumb","itemListElement":[{"@type":"ListItem","position":1,"name":"In\u00edcio","item":"https:\/\/biancamachado.com.br\/blog\/"},{"@type":"ListItem","position":2,"name":"Alcance seus sonhos com nosso book feminino para modelos comerciais"}]},{"@type":"WebSite","@id":"https:\/\/biancamachado.com.br\/blog\/#website","url":"https:\/\/biancamachado.com.br\/blog\/","name":"STUDIO BIANCA MACHADO","description":"Estudio Fotografico, Ensaios e Books de foto profissional","publisher":{"@id":"https:\/\/biancamachado.com.br\/blog\/#organization"},"potentialAction":[{"@type":"SearchAction","target":{"@type":"EntryPoint","urlTemplate":"https:\/\/biancamachado.com.br\/blog\/?s={search_term_string}"},"query-input":{"@type":"PropertyValueSpecification","valueRequired":true,"valueName":"search_term_string"}}],"inLanguage":"pt-BR"},{"@type":"Organization","@id":"https:\/\/biancamachado.com.br\/blog\/#organization","name":"STUDIO BIANCA MACHADO","url":"https:\/\/biancamachado.com.br\/blog\/","logo":{"@type":"ImageObject","inLanguage":"pt-BR","@id":"https:\/\/biancamachado.com.br\/blog\/#\/schema\/logo\/image\/","url":"https:\/\/i0.wp.com\/biancamachado.com.br\/blog\/wp-content\/uploads\/2021\/02\/cropped-logo-ml.jpg?fit=278%2C100&ssl=1","contentUrl":"https:\/\/i0.wp.com\/biancamachado.com.br\/blog\/wp-content\/uploads\/2021\/02\/cropped-logo-ml.jpg?fit=278%2C100&ssl=1","width":278,"height":100,"caption":"STUDIO BIANCA MACHADO"},"image":{"@id":"https:\/\/biancamachado.com.br\/blog\/#\/schema\/logo\/image\/"},"sameAs":["https:\/\/www.facebook.com\/Studiobiancamachado\/","https:\/\/www.instagram.com\/Studiobiancamachado\/"]}]}},"jetpack-related-posts":[],"jetpack_sharing_enabled":true,"_links":{"self":[{"href":"https:\/\/biancamachado.com.br\/blog\/wp-json\/wp\/v2\/pages\/3542","targetHints":{"allow":["GET"]}}],"collection":[{"href":"https:\/\/biancamachado.com.br\/blog\/wp-json\/wp\/v2\/pages"}],"about":[{"href":"https:\/\/biancamachado.com.br\/blog\/wp-json\/wp\/v2\/types\/page"}],"author":[{"embeddable":true,"href":"https:\/\/biancamachado.com.br\/blog\/wp-json\/wp\/v2\/users\/1"}],"replies":[{"embeddable":true,"href":"https:\/\/biancamachado.com.br\/blog\/wp-json\/wp\/v2\/comments?post=3542"}],"version-history":[{"count":1,"href":"https:\/\/biancamachado.com.br\/blog\/wp-json\/wp\/v2\/pages\/3542\/revisions"}],"predecessor-version":[{"id":3544,"href":"https:\/\/biancamachado.com.br\/blog\/wp-json\/wp\/v2\/pages\/3542\/revisions\/3544"}],"wp:attachment":[{"href":"https:\/\/biancamachado.com.br\/blog\/wp-json\/wp\/v2\/media?parent=3542"}],"curies":[{"name":"wp","href":"https:\/\/api.w.org\/{rel}","templated":true}]}}