{"id":3530,"date":"2023-02-16T10:46:56","date_gmt":"2023-02-16T13:46:56","guid":{"rendered":"https:\/\/biancamachado.com.br\/blog\/?page_id=3530"},"modified":"2023-02-16T10:47:07","modified_gmt":"2023-02-16T13:47:07","slug":"book-acompanhamento-bebe","status":"publish","type":"page","link":"https:\/\/biancamachado.com.br\/blog\/book-acompanhamento-bebe\/","title":{"rendered":"O valor do book de acompanhamento para criar uma recorda\u00e7\u00e3o duradoura do primeiro ano do seu beb\u00ea"},"content":{"rendered":"\n<p>O Book de Acompanhamento \u00e9 uma excelente maneira de capturar o crescimento e desenvolvimento do seu beb\u00ea durante o primeiro ano de vida. As sess\u00f5es s\u00e3o planejadas para documentar as diferentes fases de desenvolvimento, desde o rec\u00e9m-nascido at\u00e9 o primeiro anivers\u00e1rio. Al\u00e9m disso, o acompanhamento do book oferece um desconto consider\u00e1vel quando comparado com a compra de sess\u00f5es avulsas.<\/p>\n\n\n\n<p>As sess\u00f5es de book de acompanhamento geralmente s\u00e3o realizadas em um est\u00fadio fotogr\u00e1fico com uma equipe especializada em fotografia de beb\u00eas. Durante as sess\u00f5es, a fot\u00f3grafa foca em capturar o beb\u00ea de forma natural e espont\u00e2nea, com \u00eanfase em suas intera\u00e7\u00f5es com a fam\u00edlia. As sess\u00f5es podem incluir roupas, acess\u00f3rios e objetos pessoais significativos que voc\u00ea deseja incluir nas fotos. Al\u00e9m disso, o resultado final \u00e9 uma recorda\u00e7\u00e3o emocionante e valiosa do primeiro ano de vida do seu beb\u00ea.<\/p>\n\n\n\n<p>Se voc\u00ea est\u00e1 procurando por um servi\u00e7o de fotografia para acompanhar o crescimento do seu beb\u00ea, n\u00e3o deixe de conferir nossos <a href=\"https:\/\/www.biancamachado.com.br\/bookacompanhamentoprecosdigital.html\">pre\u00e7os<\/a>! Clique no <a href=\"https:\/\/www.biancamachado.com.br\/bookacompanhamentoprecosdigital.html\">link<\/a> do nosso site para saber mais. N\u00e3o perca a oportunidade de capturar os momentos mais importantes do seu beb\u00ea. Esperamos v\u00ea-lo em breve!<\/p>\n\n\n\n<div class=\"wp-block-jetpack-tiled-gallery aligncenter is-style-rectangular\"><div class=\"tiled-gallery__gallery\"><div class=\"tiled-gallery__row\"><div class=\"tiled-gallery__col\" style=\"flex-basis:69.17215%\"><figure class=\"tiled-gallery__item\"><img decoding=\"async\" srcset=\"https:\/\/i0.wp.com\/biancamachado.com.br\/blog\/wp-content\/uploads\/2021\/04\/082-1-1024x683.jpg?strip=info&#038;w=600&#038;ssl=1 600w,https:\/\/i0.wp.com\/biancamachado.com.br\/blog\/wp-content\/uploads\/2021\/04\/082-1-1024x683.jpg?strip=info&#038;w=900&#038;ssl=1 900w,https:\/\/i0.wp.com\/biancamachado.com.br\/blog\/wp-content\/uploads\/2021\/04\/082-1-1024x683.jpg?strip=info&#038;w=1200&#038;ssl=1 1200w,https:\/\/i0.wp.com\/biancamachado.com.br\/blog\/wp-content\/uploads\/2021\/04\/082-1-1024x683.jpg?strip=info&#038;w=1500&#038;ssl=1 1500w,https:\/\/i0.wp.com\/biancamachado.com.br\/blog\/wp-content\/uploads\/2021\/04\/082-1-1024x683.jpg?strip=info&#038;w=1800&#038;ssl=1 1800w,https:\/\/i0.wp.com\/biancamachado.com.br\/blog\/wp-content\/uploads\/2021\/04\/082-1-1024x683.jpg?strip=info&#038;w=2000&#038;ssl=1 2000w\" alt=\"acompanhamento de fotos profissional\" data-height=\"1707\" data-id=\"2329\" data-link=\"https:\/\/biancamachado.com.br\/blog\/082-2\/\" data-url=\"https:\/\/biancamachado.com.br\/blog\/wp-content\/uploads\/2021\/04\/082-1-1024x683.jpg\" data-width=\"2560\" src=\"https:\/\/i0.wp.com\/biancamachado.com.br\/blog\/wp-content\/uploads\/2021\/04\/082-1-1024x683.jpg?ssl=1\" data-amp-layout=\"responsive\"\/><\/figure><\/div><div class=\"tiled-gallery__col\" style=\"flex-basis:30.82785%\"><figure class=\"tiled-gallery__item\"><img decoding=\"async\" srcset=\"https:\/\/i1.wp.com\/biancamachado.com.br\/blog\/wp-content\/uploads\/2021\/04\/050-683x1024.jpg?strip=info&#038;w=600&#038;ssl=1 600w,https:\/\/i1.wp.com\/biancamachado.com.br\/blog\/wp-content\/uploads\/2021\/04\/050-683x1024.jpg?strip=info&#038;w=900&#038;ssl=1 900w,https:\/\/i1.wp.com\/biancamachado.com.br\/blog\/wp-content\/uploads\/2021\/04\/050-683x1024.jpg?strip=info&#038;w=1200&#038;ssl=1 1200w,https:\/\/i1.wp.com\/biancamachado.com.br\/blog\/wp-content\/uploads\/2021\/04\/050-683x1024.jpg?strip=info&#038;w=1500&#038;ssl=1 1500w,https:\/\/i1.wp.com\/biancamachado.com.br\/blog\/wp-content\/uploads\/2021\/04\/050-683x1024.jpg?strip=info&#038;w=1707&#038;ssl=1 1707w\" alt=\"acompanhamento do primeiro ano de bebes\" data-height=\"2560\" data-id=\"2336\" data-link=\"https:\/\/biancamachado.com.br\/blog\/050\/\" data-url=\"https:\/\/biancamachado.com.br\/blog\/wp-content\/uploads\/2021\/04\/050-683x1024.jpg\" data-width=\"1707\" src=\"https:\/\/i1.wp.com\/biancamachado.com.br\/blog\/wp-content\/uploads\/2021\/04\/050-683x1024.jpg?ssl=1\" data-amp-layout=\"responsive\"\/><\/figure><\/div><\/div><div class=\"tiled-gallery__row\"><div class=\"tiled-gallery__col\" style=\"flex-basis:35.51318%\"><figure class=\"tiled-gallery__item\"><img decoding=\"async\" srcset=\"https:\/\/i0.wp.com\/biancamachado.com.br\/blog\/wp-content\/uploads\/2016\/08\/Screenshot_74.png?strip=info&#038;w=600&#038;ssl=1 600w,https:\/\/i0.wp.com\/biancamachado.com.br\/blog\/wp-content\/uploads\/2016\/08\/Screenshot_74.png?strip=info&#038;w=721&#038;ssl=1 721w\" alt=\"Acompanhamento do beb\u00ea tema festa Junina\" data-height=\"440\" data-id=\"872\" data-link=\"https:\/\/biancamachado.com.br\/blog\/acompanhamento-do-bebe-tema-festa-junina\/screenshot_74\/\" data-url=\"https:\/\/biancamachado.com.br\/blog\/wp-content\/uploads\/2016\/08\/Screenshot_74.png\" data-width=\"721\" src=\"https:\/\/i0.wp.com\/biancamachado.com.br\/blog\/wp-content\/uploads\/2016\/08\/Screenshot_74.png?ssl=1\" data-amp-layout=\"responsive\"\/><\/figure><figure class=\"tiled-gallery__item\"><img decoding=\"async\" srcset=\"https:\/\/i1.wp.com\/biancamachado.com.br\/blog\/wp-content\/uploads\/2016\/09\/Screenshot_59.png?strip=info&#038;w=600&#038;ssl=1 600w,https:\/\/i1.wp.com\/biancamachado.com.br\/blog\/wp-content\/uploads\/2016\/09\/Screenshot_59.png?strip=info&#038;w=634&#038;ssl=1 634w\" alt=\"Fotografias de acompanhamento bebes\" data-height=\"417\" data-id=\"857\" data-link=\"https:\/\/biancamachado.com.br\/blog\/fotografias-de-acompanhamento-bebes\/screenshot_59\/\" data-url=\"https:\/\/biancamachado.com.br\/blog\/wp-content\/uploads\/2016\/09\/Screenshot_59.png\" data-width=\"634\" src=\"https:\/\/i1.wp.com\/biancamachado.com.br\/blog\/wp-content\/uploads\/2016\/09\/Screenshot_59.png?ssl=1\" data-amp-layout=\"responsive\"\/><\/figure><\/div><div class=\"tiled-gallery__col\" style=\"flex-basis:64.48682%\"><figure class=\"tiled-gallery__item\"><img decoding=\"async\" srcset=\"https:\/\/i0.wp.com\/biancamachado.com.br\/blog\/wp-content\/uploads\/2012\/10\/Screenshot_378.png?strip=info&#038;w=595&#038;ssl=1 595w\" alt=\"Fotos Book Acompanhamento de Beb\u00ea\" data-height=\"418\" data-id=\"1256\" data-link=\"https:\/\/biancamachado.com.br\/blog\/fotos-book-acompanhamento-de-bebe\/screenshot_378\/\" data-url=\"https:\/\/biancamachado.com.br\/blog\/wp-content\/uploads\/2012\/10\/Screenshot_378.png\" data-width=\"595\" src=\"https:\/\/i0.wp.com\/biancamachado.com.br\/blog\/wp-content\/uploads\/2012\/10\/Screenshot_378.png?ssl=1\" data-amp-layout=\"responsive\"\/><\/figure><\/div><\/div><div class=\"tiled-gallery__row\"><div class=\"tiled-gallery__col\" style=\"flex-basis:67.08304%\"><figure class=\"tiled-gallery__item\"><img decoding=\"async\" srcset=\"https:\/\/i0.wp.com\/biancamachado.com.br\/blog\/wp-content\/uploads\/2012\/07\/Screenshot_440.png?strip=info&#038;w=600&#038;ssl=1 600w,https:\/\/i0.wp.com\/biancamachado.com.br\/blog\/wp-content\/uploads\/2012\/07\/Screenshot_440.png?strip=info&#038;w=620&#038;ssl=1 620w\" alt=\"Book bebe \u2013 Book acompanhamento\" data-height=\"426\" data-id=\"1320\" data-link=\"https:\/\/biancamachado.com.br\/blog\/book-bebe-book-acompanhamento\/screenshot_440\/\" data-url=\"https:\/\/biancamachado.com.br\/blog\/wp-content\/uploads\/2012\/07\/Screenshot_440.png\" data-width=\"620\" src=\"https:\/\/i0.wp.com\/biancamachado.com.br\/blog\/wp-content\/uploads\/2012\/07\/Screenshot_440.png?ssl=1\" data-amp-layout=\"responsive\"\/><\/figure><\/div><div class=\"tiled-gallery__col\" style=\"flex-basis:32.91696%\"><figure class=\"tiled-gallery__item\"><img decoding=\"async\" srcset=\"https:\/\/i0.wp.com\/biancamachado.com.br\/blog\/wp-content\/uploads\/2021\/04\/003-17-1024x683.jpg?strip=info&#038;w=600&#038;ssl=1 600w,https:\/\/i0.wp.com\/biancamachado.com.br\/blog\/wp-content\/uploads\/2021\/04\/003-17-1024x683.jpg?strip=info&#038;w=900&#038;ssl=1 900w,https:\/\/i0.wp.com\/biancamachado.com.br\/blog\/wp-content\/uploads\/2021\/04\/003-17-1024x683.jpg?strip=info&#038;w=1200&#038;ssl=1 1200w,https:\/\/i0.wp.com\/biancamachado.com.br\/blog\/wp-content\/uploads\/2021\/04\/003-17-1024x683.jpg?strip=info&#038;w=1500&#038;ssl=1 1500w,https:\/\/i0.wp.com\/biancamachado.com.br\/blog\/wp-content\/uploads\/2021\/04\/003-17-1024x683.jpg?strip=info&#038;w=1800&#038;ssl=1 1800w,https:\/\/i0.wp.com\/biancamachado.com.br\/blog\/wp-content\/uploads\/2021\/04\/003-17-1024x683.jpg?strip=info&#038;w=2000&#038;ssl=1 2000w\" alt=\"acompanhamento mensal do bebe\" data-height=\"1707\" data-id=\"2333\" data-link=\"https:\/\/biancamachado.com.br\/blog\/003-22\/\" data-url=\"https:\/\/biancamachado.com.br\/blog\/wp-content\/uploads\/2021\/04\/003-17-1024x683.jpg\" data-width=\"2560\" src=\"https:\/\/i0.wp.com\/biancamachado.com.br\/blog\/wp-content\/uploads\/2021\/04\/003-17-1024x683.jpg?ssl=1\" data-amp-layout=\"responsive\"\/><\/figure><figure class=\"tiled-gallery__item\"><img decoding=\"async\" srcset=\"https:\/\/i1.wp.com\/biancamachado.com.br\/blog\/wp-content\/uploads\/2016\/08\/Screenshot_73.png?strip=info&#038;w=600&#038;ssl=1 600w,https:\/\/i1.wp.com\/biancamachado.com.br\/blog\/wp-content\/uploads\/2016\/08\/Screenshot_73.png?strip=info&#038;w=716&#038;ssl=1 716w\" alt=\"Fotos de Acompanhamento de Beb\u00eas\" data-height=\"520\" data-id=\"871\" data-link=\"https:\/\/biancamachado.com.br\/blog\/fotos-de-acompanhamento-de-bebes\/screenshot_73\/\" data-url=\"https:\/\/biancamachado.com.br\/blog\/wp-content\/uploads\/2016\/08\/Screenshot_73.png\" data-width=\"716\" src=\"https:\/\/i1.wp.com\/biancamachado.com.br\/blog\/wp-content\/uploads\/2016\/08\/Screenshot_73.png?ssl=1\" data-amp-layout=\"responsive\"\/><\/figure><\/div><\/div><\/div><\/div>\n\n\n\n<p>Para agendar a sua sess\u00e3o, basta entrar em contato pelo WhatsApp (97107-1018). Se precisar reagendar, avise com pelo menos 72 horas de anteced\u00eancia, caso contr\u00e1rio, ser\u00e1 cobrada uma taxa de 20% do valor da sess\u00e3o.<\/p>\n\n\n\n<p>A fot\u00f3grafa respons\u00e1vel pelas sess\u00f5es \u00e9 a Bianca Machado. \u00c9 importante trazer as roupas do beb\u00ea para a sess\u00e3o, pois n\u00e3o fornecemos roupas devido ao custo elevado de higieniza\u00e7\u00e3o.<\/p>\n\n\n\n<p>Ao comprar um pacote de acompanhamento, voc\u00ea receber\u00e1 um desconto significativo em compara\u00e7\u00e3o com a compra de sess\u00f5es avulsas. Al\u00e9m disso, o compromisso e o resultado final de cada sess\u00e3o de fotos incentivam os pais a trazerem seus beb\u00eas rigorosamente para cada sess\u00e3o, garantindo uma recorda\u00e7\u00e3o emocionante do primeiro ano de vida de seus filhos.<\/p>\n\n\n\n<p>As sess\u00f5es de fotos priorizam a intera\u00e7\u00e3o do beb\u00ea com a fam\u00edlia e seu desenvolvimento, por isso n\u00e3o inclu\u00edmos cen\u00e1rios. Recomendamos que as sess\u00f5es sejam realizadas nos primeiros meses (1\u00ba, 3\u00ba e 7\u00ba) e no primeiro anivers\u00e1rio do beb\u00ea (12\u00ba m\u00eas), pois \u00e9 um per\u00edodo em que eles crescem muito r\u00e1pido.<\/p>\n\n\n\n<p>Os pais podem participar da sess\u00e3o sem custo adicional, e as fotos s\u00e3o entregues em alta resolu\u00e7\u00e3o por download. As fotos recebem um toque aveludado que otimiza 60% da pele, mas n\u00e3o inclu\u00edmos tratamentos como cicatrizes, espinhas ou redu\u00e7\u00e3o de medidas.<\/p>\n\n\n\n<p>O est\u00fadio funciona todos os dias e as compras no site podem ser parceladas em 3x sem juros nos cart\u00f5es de cr\u00e9dito. Recomendamos agendar a sess\u00e3o no hor\u00e1rio em que a crian\u00e7a esteja mais ativa e entre as mamadas, quando o beb\u00ea n\u00e3o est\u00e1 sonolento.<\/p>\n\n\n\n<p>Para as mam\u00e3es, recomendamos cabelos soltos e escovados para dar movimento com o uso de ventiladores. \u00c9 interessante explorar arquinhos, presilhas e chiquinhas para as meninas. Algumas fotos da sess\u00e3o ser\u00e3o em preto e branco para completar o resultado final art\u00edstico do trabalho.<\/p>\n\n\n\n<p>No momento do registro, sugerimos que o beb\u00ea use apenas fraldas para registrar detalhes fofos como as m\u00e3os e os pezinhos. As fotos em alta resolu\u00e7\u00e3o s\u00e3o enviadas por e-mail em 12 dias \u00fateis, juntamente com a galeria de fotos.<\/p>\n\n\n\n<p>Se voc\u00ea tiver g\u00eameos, os pacotes ser\u00e3o divididos entre os irm\u00e3os sem custo adicional. Certifique-se de escolher roupas significativas que estejam no tamanho ideal para o beb\u00ea. Esperamos ajud\u00e1-lo a capturar os momentos mais importantes do seu beb\u00ea. Entre em contato para agendar a sua sess\u00e3o!<\/p>\nVisite tamb\u00e9m nosso site: www.biancamachado.com.br\r\n(11) 97107-1018\r\n\r\nAtendemos as regi\u00f5es de S\u00e3o Paulo, Sorocaba, Ibi\u00fana, Piedade, Votorantim, Cotia, Itupeva, Jundia\u00ed, It\u00fa e Campinas","protected":false},"excerpt":{"rendered":"<p>O Book de Acompanhamento \u00e9<\/p>\n","protected":false},"author":1,"featured_media":0,"parent":0,"menu_order":0,"comment_status":"closed","ping_status":"closed","template":"","meta":{"_monsterinsights_skip_tracking":false,"_monsterinsights_sitenote_active":false,"_monsterinsights_sitenote_note":"","_monsterinsights_sitenote_category":0,"jetpack_post_was_ever_published":false,"_joinchat":[],"footnotes":""},"class_list":["post-3530","page","type-page","status-publish","hentry"],"yoast_head":"<!-- This site is optimized with the Yoast SEO plugin v27.4 - https:\/\/yoast.com\/product\/yoast-seo-wordpress\/ -->\n<title>O valor do book de acompanhamento para criar uma recorda\u00e7\u00e3o duradoura do primeiro ano do seu beb\u00ea - STUDIO BIANCA MACHADO<\/title>\n<meta name=\"description\" content=\"O Book de Acompanhamento \u00e9 uma excelente maneira de capturar o crescimento e desenvolvimento do seu beb\u00ea durante o primeiro ano de vida. As sess\u00f5es s\u00e3o planejadas para documentar as diferentes fases de desenvolvimento, desde o rec\u00e9m-nascido at\u00e9 o primeiro anivers\u00e1rio. Al\u00e9m disso, o acompanhamento do book oferece um desconto consider\u00e1vel quando comparado com a compra de sess\u00f5es avulsas.\" \/>\n<meta name=\"robots\" content=\"index, follow, max-snippet:-1, max-image-preview:large, max-video-preview:-1\" \/>\n<link rel=\"canonical\" href=\"https:\/\/biancamachado.com.br\/blog\/book-acompanhamento-bebe\/\" \/>\n<meta property=\"og:locale\" content=\"pt_BR\" \/>\n<meta property=\"og:type\" content=\"article\" \/>\n<meta property=\"og:title\" content=\"O valor do book de acompanhamento para criar uma recorda\u00e7\u00e3o duradoura do primeiro ano do seu beb\u00ea - STUDIO BIANCA MACHADO\" \/>\n<meta property=\"og:description\" content=\"O Book de Acompanhamento \u00e9 uma excelente maneira de capturar o crescimento e desenvolvimento do seu beb\u00ea durante o primeiro ano de vida. As sess\u00f5es s\u00e3o planejadas para documentar as diferentes fases de desenvolvimento, desde o rec\u00e9m-nascido at\u00e9 o primeiro anivers\u00e1rio. Al\u00e9m disso, o acompanhamento do book oferece um desconto consider\u00e1vel quando comparado com a compra de sess\u00f5es avulsas.\" \/>\n<meta property=\"og:url\" content=\"https:\/\/biancamachado.com.br\/blog\/book-acompanhamento-bebe\/\" \/>\n<meta property=\"og:site_name\" content=\"STUDIO BIANCA MACHADO\" \/>\n<meta property=\"article:publisher\" content=\"https:\/\/www.facebook.com\/Studiobiancamachado\/\" \/>\n<meta property=\"article:modified_time\" content=\"2023-02-16T13:47:07+00:00\" \/>\n<meta property=\"og:image\" content=\"https:\/\/i0.wp.com\/biancamachado.com.br\/blog\/wp-content\/uploads\/2021\/04\/082-1-1024x683.jpg?ssl=1\" \/>\n<meta name=\"twitter:card\" content=\"summary_large_image\" \/>\n<meta name=\"twitter:label1\" content=\"Est. tempo de leitura\" \/>\n\t<meta name=\"twitter:data1\" content=\"5 minutos\" \/>\n<script type=\"application\/ld+json\" class=\"yoast-schema-graph\">{\"@context\":\"https:\\\/\\\/schema.org\",\"@graph\":[{\"@type\":\"WebPage\",\"@id\":\"https:\\\/\\\/biancamachado.com.br\\\/blog\\\/book-acompanhamento-bebe\\\/\",\"url\":\"https:\\\/\\\/biancamachado.com.br\\\/blog\\\/book-acompanhamento-bebe\\\/\",\"name\":\"O valor do book de acompanhamento para criar uma recorda\u00e7\u00e3o duradoura do primeiro ano do seu beb\u00ea - STUDIO BIANCA MACHADO\",\"isPartOf\":{\"@id\":\"https:\\\/\\\/biancamachado.com.br\\\/blog\\\/#website\"},\"primaryImageOfPage\":{\"@id\":\"https:\\\/\\\/biancamachado.com.br\\\/blog\\\/book-acompanhamento-bebe\\\/#primaryimage\"},\"image\":{\"@id\":\"https:\\\/\\\/biancamachado.com.br\\\/blog\\\/book-acompanhamento-bebe\\\/#primaryimage\"},\"thumbnailUrl\":\"https:\\\/\\\/i0.wp.com\\\/biancamachado.com.br\\\/blog\\\/wp-content\\\/uploads\\\/2021\\\/04\\\/082-1-1024x683.jpg?ssl=1\",\"datePublished\":\"2023-02-16T13:46:56+00:00\",\"dateModified\":\"2023-02-16T13:47:07+00:00\",\"description\":\"O Book de Acompanhamento \u00e9 uma excelente maneira de capturar o crescimento e desenvolvimento do seu beb\u00ea durante o primeiro ano de vida. As sess\u00f5es s\u00e3o planejadas para documentar as diferentes fases de desenvolvimento, desde o rec\u00e9m-nascido at\u00e9 o primeiro anivers\u00e1rio. Al\u00e9m disso, o acompanhamento do book oferece um desconto consider\u00e1vel quando comparado com a compra de sess\u00f5es avulsas.\",\"breadcrumb\":{\"@id\":\"https:\\\/\\\/biancamachado.com.br\\\/blog\\\/book-acompanhamento-bebe\\\/#breadcrumb\"},\"inLanguage\":\"pt-BR\",\"potentialAction\":[{\"@type\":\"ReadAction\",\"target\":[\"https:\\\/\\\/biancamachado.com.br\\\/blog\\\/book-acompanhamento-bebe\\\/\"]}]},{\"@type\":\"ImageObject\",\"inLanguage\":\"pt-BR\",\"@id\":\"https:\\\/\\\/biancamachado.com.br\\\/blog\\\/book-acompanhamento-bebe\\\/#primaryimage\",\"url\":\"https:\\\/\\\/i0.wp.com\\\/biancamachado.com.br\\\/blog\\\/wp-content\\\/uploads\\\/2021\\\/04\\\/082-1-1024x683.jpg?ssl=1\",\"contentUrl\":\"https:\\\/\\\/i0.wp.com\\\/biancamachado.com.br\\\/blog\\\/wp-content\\\/uploads\\\/2021\\\/04\\\/082-1-1024x683.jpg?ssl=1\"},{\"@type\":\"BreadcrumbList\",\"@id\":\"https:\\\/\\\/biancamachado.com.br\\\/blog\\\/book-acompanhamento-bebe\\\/#breadcrumb\",\"itemListElement\":[{\"@type\":\"ListItem\",\"position\":1,\"name\":\"In\u00edcio\",\"item\":\"https:\\\/\\\/biancamachado.com.br\\\/blog\\\/\"},{\"@type\":\"ListItem\",\"position\":2,\"name\":\"O valor do book de acompanhamento para criar uma recorda\u00e7\u00e3o duradoura do primeiro ano do seu beb\u00ea\"}]},{\"@type\":\"WebSite\",\"@id\":\"https:\\\/\\\/biancamachado.com.br\\\/blog\\\/#website\",\"url\":\"https:\\\/\\\/biancamachado.com.br\\\/blog\\\/\",\"name\":\"STUDIO BIANCA MACHADO\",\"description\":\"Estudio Fotografico, Ensaios e Books de foto profissional\",\"publisher\":{\"@id\":\"https:\\\/\\\/biancamachado.com.br\\\/blog\\\/#organization\"},\"potentialAction\":[{\"@type\":\"SearchAction\",\"target\":{\"@type\":\"EntryPoint\",\"urlTemplate\":\"https:\\\/\\\/biancamachado.com.br\\\/blog\\\/?s={search_term_string}\"},\"query-input\":{\"@type\":\"PropertyValueSpecification\",\"valueRequired\":true,\"valueName\":\"search_term_string\"}}],\"inLanguage\":\"pt-BR\"},{\"@type\":\"Organization\",\"@id\":\"https:\\\/\\\/biancamachado.com.br\\\/blog\\\/#organization\",\"name\":\"STUDIO BIANCA MACHADO\",\"url\":\"https:\\\/\\\/biancamachado.com.br\\\/blog\\\/\",\"logo\":{\"@type\":\"ImageObject\",\"inLanguage\":\"pt-BR\",\"@id\":\"https:\\\/\\\/biancamachado.com.br\\\/blog\\\/#\\\/schema\\\/logo\\\/image\\\/\",\"url\":\"https:\\\/\\\/i0.wp.com\\\/biancamachado.com.br\\\/blog\\\/wp-content\\\/uploads\\\/2021\\\/02\\\/cropped-logo-ml.jpg?fit=278%2C100&ssl=1\",\"contentUrl\":\"https:\\\/\\\/i0.wp.com\\\/biancamachado.com.br\\\/blog\\\/wp-content\\\/uploads\\\/2021\\\/02\\\/cropped-logo-ml.jpg?fit=278%2C100&ssl=1\",\"width\":278,\"height\":100,\"caption\":\"STUDIO BIANCA MACHADO\"},\"image\":{\"@id\":\"https:\\\/\\\/biancamachado.com.br\\\/blog\\\/#\\\/schema\\\/logo\\\/image\\\/\"},\"sameAs\":[\"https:\\\/\\\/www.facebook.com\\\/Studiobiancamachado\\\/\",\"https:\\\/\\\/www.instagram.com\\\/Studiobiancamachado\\\/\"]}]}<\/script>\n<!-- \/ Yoast SEO plugin. -->","yoast_head_json":{"title":"O valor do book de acompanhamento para criar uma recorda\u00e7\u00e3o duradoura do primeiro ano do seu beb\u00ea - STUDIO BIANCA MACHADO","description":"O Book de Acompanhamento \u00e9 uma excelente maneira de capturar o crescimento e desenvolvimento do seu beb\u00ea durante o primeiro ano de vida. As sess\u00f5es s\u00e3o planejadas para documentar as diferentes fases de desenvolvimento, desde o rec\u00e9m-nascido at\u00e9 o primeiro anivers\u00e1rio. Al\u00e9m disso, o acompanhamento do book oferece um desconto consider\u00e1vel quando comparado com a compra de sess\u00f5es avulsas.","robots":{"index":"index","follow":"follow","max-snippet":"max-snippet:-1","max-image-preview":"max-image-preview:large","max-video-preview":"max-video-preview:-1"},"canonical":"https:\/\/biancamachado.com.br\/blog\/book-acompanhamento-bebe\/","og_locale":"pt_BR","og_type":"article","og_title":"O valor do book de acompanhamento para criar uma recorda\u00e7\u00e3o duradoura do primeiro ano do seu beb\u00ea - STUDIO BIANCA MACHADO","og_description":"O Book de Acompanhamento \u00e9 uma excelente maneira de capturar o crescimento e desenvolvimento do seu beb\u00ea durante o primeiro ano de vida. As sess\u00f5es s\u00e3o planejadas para documentar as diferentes fases de desenvolvimento, desde o rec\u00e9m-nascido at\u00e9 o primeiro anivers\u00e1rio. Al\u00e9m disso, o acompanhamento do book oferece um desconto consider\u00e1vel quando comparado com a compra de sess\u00f5es avulsas.","og_url":"https:\/\/biancamachado.com.br\/blog\/book-acompanhamento-bebe\/","og_site_name":"STUDIO BIANCA MACHADO","article_publisher":"https:\/\/www.facebook.com\/Studiobiancamachado\/","article_modified_time":"2023-02-16T13:47:07+00:00","og_image":[{"url":"https:\/\/i0.wp.com\/biancamachado.com.br\/blog\/wp-content\/uploads\/2021\/04\/082-1-1024x683.jpg?ssl=1","type":"","width":"","height":""}],"twitter_card":"summary_large_image","twitter_misc":{"Est. tempo de leitura":"5 minutos"},"schema":{"@context":"https:\/\/schema.org","@graph":[{"@type":"WebPage","@id":"https:\/\/biancamachado.com.br\/blog\/book-acompanhamento-bebe\/","url":"https:\/\/biancamachado.com.br\/blog\/book-acompanhamento-bebe\/","name":"O valor do book de acompanhamento para criar uma recorda\u00e7\u00e3o duradoura do primeiro ano do seu beb\u00ea - STUDIO BIANCA MACHADO","isPartOf":{"@id":"https:\/\/biancamachado.com.br\/blog\/#website"},"primaryImageOfPage":{"@id":"https:\/\/biancamachado.com.br\/blog\/book-acompanhamento-bebe\/#primaryimage"},"image":{"@id":"https:\/\/biancamachado.com.br\/blog\/book-acompanhamento-bebe\/#primaryimage"},"thumbnailUrl":"https:\/\/i0.wp.com\/biancamachado.com.br\/blog\/wp-content\/uploads\/2021\/04\/082-1-1024x683.jpg?ssl=1","datePublished":"2023-02-16T13:46:56+00:00","dateModified":"2023-02-16T13:47:07+00:00","description":"O Book de Acompanhamento \u00e9 uma excelente maneira de capturar o crescimento e desenvolvimento do seu beb\u00ea durante o primeiro ano de vida. As sess\u00f5es s\u00e3o planejadas para documentar as diferentes fases de desenvolvimento, desde o rec\u00e9m-nascido at\u00e9 o primeiro anivers\u00e1rio. Al\u00e9m disso, o acompanhamento do book oferece um desconto consider\u00e1vel quando comparado com a compra de sess\u00f5es avulsas.","breadcrumb":{"@id":"https:\/\/biancamachado.com.br\/blog\/book-acompanhamento-bebe\/#breadcrumb"},"inLanguage":"pt-BR","potentialAction":[{"@type":"ReadAction","target":["https:\/\/biancamachado.com.br\/blog\/book-acompanhamento-bebe\/"]}]},{"@type":"ImageObject","inLanguage":"pt-BR","@id":"https:\/\/biancamachado.com.br\/blog\/book-acompanhamento-bebe\/#primaryimage","url":"https:\/\/i0.wp.com\/biancamachado.com.br\/blog\/wp-content\/uploads\/2021\/04\/082-1-1024x683.jpg?ssl=1","contentUrl":"https:\/\/i0.wp.com\/biancamachado.com.br\/blog\/wp-content\/uploads\/2021\/04\/082-1-1024x683.jpg?ssl=1"},{"@type":"BreadcrumbList","@id":"https:\/\/biancamachado.com.br\/blog\/book-acompanhamento-bebe\/#breadcrumb","itemListElement":[{"@type":"ListItem","position":1,"name":"In\u00edcio","item":"https:\/\/biancamachado.com.br\/blog\/"},{"@type":"ListItem","position":2,"name":"O valor do book de acompanhamento para criar uma recorda\u00e7\u00e3o duradoura do primeiro ano do seu beb\u00ea"}]},{"@type":"WebSite","@id":"https:\/\/biancamachado.com.br\/blog\/#website","url":"https:\/\/biancamachado.com.br\/blog\/","name":"STUDIO BIANCA MACHADO","description":"Estudio Fotografico, Ensaios e Books de foto profissional","publisher":{"@id":"https:\/\/biancamachado.com.br\/blog\/#organization"},"potentialAction":[{"@type":"SearchAction","target":{"@type":"EntryPoint","urlTemplate":"https:\/\/biancamachado.com.br\/blog\/?s={search_term_string}"},"query-input":{"@type":"PropertyValueSpecification","valueRequired":true,"valueName":"search_term_string"}}],"inLanguage":"pt-BR"},{"@type":"Organization","@id":"https:\/\/biancamachado.com.br\/blog\/#organization","name":"STUDIO BIANCA MACHADO","url":"https:\/\/biancamachado.com.br\/blog\/","logo":{"@type":"ImageObject","inLanguage":"pt-BR","@id":"https:\/\/biancamachado.com.br\/blog\/#\/schema\/logo\/image\/","url":"https:\/\/i0.wp.com\/biancamachado.com.br\/blog\/wp-content\/uploads\/2021\/02\/cropped-logo-ml.jpg?fit=278%2C100&ssl=1","contentUrl":"https:\/\/i0.wp.com\/biancamachado.com.br\/blog\/wp-content\/uploads\/2021\/02\/cropped-logo-ml.jpg?fit=278%2C100&ssl=1","width":278,"height":100,"caption":"STUDIO BIANCA MACHADO"},"image":{"@id":"https:\/\/biancamachado.com.br\/blog\/#\/schema\/logo\/image\/"},"sameAs":["https:\/\/www.facebook.com\/Studiobiancamachado\/","https:\/\/www.instagram.com\/Studiobiancamachado\/"]}]}},"jetpack-related-posts":[],"jetpack_sharing_enabled":true,"_links":{"self":[{"href":"https:\/\/biancamachado.com.br\/blog\/wp-json\/wp\/v2\/pages\/3530","targetHints":{"allow":["GET"]}}],"collection":[{"href":"https:\/\/biancamachado.com.br\/blog\/wp-json\/wp\/v2\/pages"}],"about":[{"href":"https:\/\/biancamachado.com.br\/blog\/wp-json\/wp\/v2\/types\/page"}],"author":[{"embeddable":true,"href":"https:\/\/biancamachado.com.br\/blog\/wp-json\/wp\/v2\/users\/1"}],"replies":[{"embeddable":true,"href":"https:\/\/biancamachado.com.br\/blog\/wp-json\/wp\/v2\/comments?post=3530"}],"version-history":[{"count":1,"href":"https:\/\/biancamachado.com.br\/blog\/wp-json\/wp\/v2\/pages\/3530\/revisions"}],"predecessor-version":[{"id":3532,"href":"https:\/\/biancamachado.com.br\/blog\/wp-json\/wp\/v2\/pages\/3530\/revisions\/3532"}],"wp:attachment":[{"href":"https:\/\/biancamachado.com.br\/blog\/wp-json\/wp\/v2\/media?parent=3530"}],"curies":[{"name":"wp","href":"https:\/\/api.w.org\/{rel}","templated":true}]}}