{"id":3513,"date":"2023-02-16T10:18:45","date_gmt":"2023-02-16T13:18:45","guid":{"rendered":"https:\/\/biancamachado.com.br\/blog\/?page_id=3513"},"modified":"2023-02-16T10:31:23","modified_gmt":"2023-02-16T13:31:23","slug":"ensaio-gestante-em-casa","status":"publish","type":"page","link":"https:\/\/biancamachado.com.br\/blog\/ensaio-gestante-em-casa\/","title":{"rendered":"Ensaio Gestante Domiciliar: Conforto e Intimidade para um Registro Especial"},"content":{"rendered":"\n<p>Realizar um ensaio gestante na casa do cliente pode ser uma \u00f3tima op\u00e7\u00e3o para aquelas futuras mam\u00e3es que buscam por um registro mais \u00edntimo e personalizado. Al\u00e9m disso, pode ser uma alternativa para as gestantes que n\u00e3o podem se deslocar at\u00e9 o est\u00fadio fotogr\u00e1fico por motivos de sa\u00fade ou praticidade.<\/p>\n\n\n\n<p>Ao optar por realizar o ensaio na casa do cliente, \u00e9 poss\u00edvel explorar ainda mais a personalidade e os gostos da gestante, utilizando objetos pessoais, decora\u00e7\u00f5es, paredes e c\u00f4modos da casa para deixar as fotos mais aut\u00eanticas e exclusivas. \u00c9 uma oportunidade de registrar o ambiente onde o beb\u00ea ir\u00e1 crescer e que j\u00e1 faz parte da hist\u00f3ria da fam\u00edlia, gerando lembran\u00e7as \u00fanicas e emocionantes. Al\u00e9m disso, a gestante pode se sentir mais confort\u00e1vel e \u00e0 vontade em seu pr\u00f3prio ambiente, possibilitando poses mais naturais e espont\u00e2neas.<\/p>\n\n\n\n<p>Venha conferir nossos <a href=\"https:\/\/www.biancamachado.com.br\/bookemcasaprecosdigital.html\">pre\u00e7os<\/a> incr\u00edveis para ensaios gestantes! Acesse o nosso site agora mesmo e clique na aba de pre\u00e7os para descobrir todas as op\u00e7\u00f5es dispon\u00edveis. N\u00e3o perca a oportunidade de registrar esse momento t\u00e3o especial de uma maneira \u00fanica e inesquec\u00edvel. <a href=\"https:\/\/www.biancamachado.com.br\/bookemcasaprecosdigital.html\">Clique no link<\/a> e confira!<\/p>\n\n\n\n<div class=\"wp-block-jetpack-tiled-gallery aligncenter is-style-rectangular\"><div class=\"tiled-gallery__gallery\"><div class=\"tiled-gallery__row\"><div class=\"tiled-gallery__col\" style=\"flex-basis:21.52398%\"><figure class=\"tiled-gallery__item\"><img decoding=\"async\" srcset=\"https:\/\/i1.wp.com\/biancamachado.com.br\/blog\/wp-content\/uploads\/2021\/05\/058-683x1024.jpg?strip=info&#038;w=600&#038;ssl=1 600w,https:\/\/i1.wp.com\/biancamachado.com.br\/blog\/wp-content\/uploads\/2021\/05\/058-683x1024.jpg?strip=info&#038;w=900&#038;ssl=1 900w,https:\/\/i1.wp.com\/biancamachado.com.br\/blog\/wp-content\/uploads\/2021\/05\/058-683x1024.jpg?strip=info&#038;w=1200&#038;ssl=1 1200w,https:\/\/i1.wp.com\/biancamachado.com.br\/blog\/wp-content\/uploads\/2021\/05\/058-683x1024.jpg?strip=info&#038;w=1500&#038;ssl=1 1500w,https:\/\/i1.wp.com\/biancamachado.com.br\/blog\/wp-content\/uploads\/2021\/05\/058-683x1024.jpg?strip=info&#038;w=1707&#038;ssl=1 1707w\" alt=\"fotos de book gestante em casa\" data-height=\"2560\" data-id=\"2561\" data-link=\"https:\/\/biancamachado.com.br\/blog\/058-4\/\" data-url=\"https:\/\/biancamachado.com.br\/blog\/wp-content\/uploads\/2021\/05\/058-683x1024.jpg\" data-width=\"1707\" src=\"https:\/\/i1.wp.com\/biancamachado.com.br\/blog\/wp-content\/uploads\/2021\/05\/058-683x1024.jpg?ssl=1\" data-amp-layout=\"responsive\"\/><\/figure><\/div><div class=\"tiled-gallery__col\" style=\"flex-basis:56.95205%\"><figure class=\"tiled-gallery__item\"><img decoding=\"async\" srcset=\"https:\/\/i1.wp.com\/biancamachado.com.br\/blog\/wp-content\/uploads\/2012\/12\/Screenshot_349.png?strip=info&#038;w=600&#038;ssl=1 600w,https:\/\/i1.wp.com\/biancamachado.com.br\/blog\/wp-content\/uploads\/2012\/12\/Screenshot_349.png?strip=info&#038;w=618&#038;ssl=1 618w\" alt=\"Promo\u00e7\u00e3o Foto Gestante em Casa\" data-height=\"349\" data-id=\"1226\" data-link=\"https:\/\/biancamachado.com.br\/blog\/promocao-foto-gestante-em-casa\/screenshot_349\/\" data-url=\"https:\/\/biancamachado.com.br\/blog\/wp-content\/uploads\/2012\/12\/Screenshot_349.png\" data-width=\"618\" src=\"https:\/\/i1.wp.com\/biancamachado.com.br\/blog\/wp-content\/uploads\/2012\/12\/Screenshot_349.png?ssl=1\" data-amp-layout=\"responsive\"\/><\/figure><\/div><div class=\"tiled-gallery__col\" style=\"flex-basis:21.52398%\"><figure class=\"tiled-gallery__item\"><img decoding=\"async\" srcset=\"https:\/\/i2.wp.com\/biancamachado.com.br\/blog\/wp-content\/uploads\/2021\/05\/073-683x1024.jpg?strip=info&#038;w=600&#038;ssl=1 600w,https:\/\/i2.wp.com\/biancamachado.com.br\/blog\/wp-content\/uploads\/2021\/05\/073-683x1024.jpg?strip=info&#038;w=900&#038;ssl=1 900w,https:\/\/i2.wp.com\/biancamachado.com.br\/blog\/wp-content\/uploads\/2021\/05\/073-683x1024.jpg?strip=info&#038;w=1200&#038;ssl=1 1200w,https:\/\/i2.wp.com\/biancamachado.com.br\/blog\/wp-content\/uploads\/2021\/05\/073-683x1024.jpg?strip=info&#038;w=1500&#038;ssl=1 1500w,https:\/\/i2.wp.com\/biancamachado.com.br\/blog\/wp-content\/uploads\/2021\/05\/073-683x1024.jpg?strip=info&#038;w=1707&#038;ssl=1 1707w\" alt=\"fotografia profissional em casa interior de sp\" data-height=\"2560\" data-id=\"2552\" data-link=\"https:\/\/biancamachado.com.br\/blog\/073-3\/\" data-url=\"https:\/\/biancamachado.com.br\/blog\/wp-content\/uploads\/2021\/05\/073-683x1024.jpg\" data-width=\"1707\" src=\"https:\/\/i2.wp.com\/biancamachado.com.br\/blog\/wp-content\/uploads\/2021\/05\/073-683x1024.jpg?ssl=1\" data-amp-layout=\"responsive\"\/><\/figure><\/div><\/div><div class=\"tiled-gallery__row\"><div class=\"tiled-gallery__col\" style=\"flex-basis:47.73481%\"><figure class=\"tiled-gallery__item\"><img decoding=\"async\" srcset=\"https:\/\/i2.wp.com\/biancamachado.com.br\/blog\/wp-content\/uploads\/2021\/05\/001-3-683x1024.jpg?strip=info&#038;w=600&#038;ssl=1 600w,https:\/\/i2.wp.com\/biancamachado.com.br\/blog\/wp-content\/uploads\/2021\/05\/001-3-683x1024.jpg?strip=info&#038;w=900&#038;ssl=1 900w,https:\/\/i2.wp.com\/biancamachado.com.br\/blog\/wp-content\/uploads\/2021\/05\/001-3-683x1024.jpg?strip=info&#038;w=1200&#038;ssl=1 1200w,https:\/\/i2.wp.com\/biancamachado.com.br\/blog\/wp-content\/uploads\/2021\/05\/001-3-683x1024.jpg?strip=info&#038;w=1500&#038;ssl=1 1500w,https:\/\/i2.wp.com\/biancamachado.com.br\/blog\/wp-content\/uploads\/2021\/05\/001-3-683x1024.jpg?strip=info&#038;w=1707&#038;ssl=1 1707w\" alt=\"fotografia gravidez em casa\" data-height=\"2560\" data-id=\"2553\" data-link=\"https:\/\/biancamachado.com.br\/blog\/001-39\/\" data-url=\"https:\/\/biancamachado.com.br\/blog\/wp-content\/uploads\/2021\/05\/001-3-683x1024.jpg\" data-width=\"1707\" src=\"https:\/\/i2.wp.com\/biancamachado.com.br\/blog\/wp-content\/uploads\/2021\/05\/001-3-683x1024.jpg?ssl=1\" data-amp-layout=\"responsive\"\/><\/figure><\/div><div class=\"tiled-gallery__col\" style=\"flex-basis:52.26519%\"><figure class=\"tiled-gallery__item\"><img decoding=\"async\" srcset=\"https:\/\/i0.wp.com\/biancamachado.com.br\/blog\/wp-content\/uploads\/2012\/12\/Screenshot_348.png?strip=info&#038;w=577&#038;ssl=1 577w\" alt=\"Promo\u00e7\u00e3o de Fotografia Gestante Externo\" data-height=\"402\" data-id=\"1225\" data-link=\"https:\/\/biancamachado.com.br\/blog\/promocao-de-fotografia-gestante-externo\/screenshot_348\/\" data-url=\"https:\/\/biancamachado.com.br\/blog\/wp-content\/uploads\/2012\/12\/Screenshot_348.png\" data-width=\"577\" src=\"https:\/\/i0.wp.com\/biancamachado.com.br\/blog\/wp-content\/uploads\/2012\/12\/Screenshot_348.png?ssl=1\" data-amp-layout=\"responsive\"\/><\/figure><figure class=\"tiled-gallery__item\"><img decoding=\"async\" srcset=\"https:\/\/i1.wp.com\/biancamachado.com.br\/blog\/wp-content\/uploads\/2015\/11\/Screenshot_178.png?strip=info&#038;w=600&#038;ssl=1 600w,https:\/\/i1.wp.com\/biancamachado.com.br\/blog\/wp-content\/uploads\/2015\/11\/Screenshot_178.png?strip=info&#038;w=626&#038;ssl=1 626w\" alt=\"Ensaio Gestante\" data-height=\"415\" data-id=\"984\" data-link=\"https:\/\/biancamachado.com.br\/blog\/ensaio-gestante-2\/screenshot_178\/\" data-url=\"https:\/\/biancamachado.com.br\/blog\/wp-content\/uploads\/2015\/11\/Screenshot_178.png\" data-width=\"626\" src=\"https:\/\/i1.wp.com\/biancamachado.com.br\/blog\/wp-content\/uploads\/2015\/11\/Screenshot_178.png?ssl=1\" data-amp-layout=\"responsive\"\/><\/figure><\/div><\/div><div class=\"tiled-gallery__row\"><div class=\"tiled-gallery__col\" style=\"flex-basis:31.26033%\"><figure class=\"tiled-gallery__item\"><img decoding=\"async\" srcset=\"https:\/\/i2.wp.com\/biancamachado.com.br\/blog\/wp-content\/uploads\/2016\/03\/Screenshot_157.png?strip=info&#038;w=419&#038;ssl=1 419w\" alt=\"Book Gestante com 38 semanas\" data-height=\"603\" data-id=\"963\" data-link=\"https:\/\/biancamachado.com.br\/blog\/book-gestante-com-38-semanas\/screenshot_157\/\" data-url=\"https:\/\/biancamachado.com.br\/blog\/wp-content\/uploads\/2016\/03\/Screenshot_157.png\" data-width=\"419\" src=\"https:\/\/i2.wp.com\/biancamachado.com.br\/blog\/wp-content\/uploads\/2016\/03\/Screenshot_157.png?ssl=1\" data-amp-layout=\"responsive\"\/><\/figure><\/div><div class=\"tiled-gallery__col\" style=\"flex-basis:68.73967%\"><figure class=\"tiled-gallery__item\"><img decoding=\"async\" srcset=\"https:\/\/i2.wp.com\/biancamachado.com.br\/blog\/wp-content\/uploads\/2016\/05\/Screenshot_123.png?strip=info&#038;w=600&#038;ssl=1 600w,https:\/\/i2.wp.com\/biancamachado.com.br\/blog\/wp-content\/uploads\/2016\/05\/Screenshot_123.png?strip=info&#038;w=631&#038;ssl=1 631w\" alt=\"Fotografia de Gestante\" data-height=\"412\" data-id=\"929\" data-link=\"https:\/\/biancamachado.com.br\/blog\/fotografia-de-gestante\/screenshot_123\/\" data-url=\"https:\/\/biancamachado.com.br\/blog\/wp-content\/uploads\/2016\/05\/Screenshot_123.png\" data-width=\"631\" src=\"https:\/\/i2.wp.com\/biancamachado.com.br\/blog\/wp-content\/uploads\/2016\/05\/Screenshot_123.png?ssl=1\" data-amp-layout=\"responsive\"\/><\/figure><\/div><\/div><\/div><\/div>\n\n\n\n<p>Para realizar o agendamento do seu book, a compra pode ser feita atrav\u00e9s da loja virtual ou pelo whatsapp (011) 97107-1018 ou (015) 99663-1663 ou ainda pelo e-mail <a href=\"mailto:contato@biancamachado.com.br\">contato@biancamachado.com.br<\/a>.<\/p>\n\n\n\n<p>Caso precise reagendar a sess\u00e3o, \u00e9 importante avisar com at\u00e9 72 horas de anteced\u00eancia. Caso n\u00e3o seja poss\u00edvel comparecer na data agendada, ser\u00e1 cobrada uma taxa adicional de 20% no pr\u00f3ximo agendamento.<\/p>\n\n\n\n<p>Se voc\u00ea est\u00e1 procurando fazer a sess\u00e3o de fotos em casa, recomendamos para gestantes com recomenda\u00e7\u00e3o de repouso pelo obstetra (exceto recomenda\u00e7\u00e3o de repouso absoluto), beb\u00eas rec\u00e9m-nascidos ou para aqueles que desejam fazer as fotos sem sair de casa.<\/p>\n\n\n\n<p>A sess\u00e3o ser\u00e1 realizada pela fot\u00f3grafa Bianca Machado e equipe e, caso chova no dia agendado, a sess\u00e3o ser\u00e1 reagendada com prioridade para outro hor\u00e1rio ou data.<\/p>\n\n\n\n<p>As sess\u00f5es de Book Gestante n\u00e3o incluem trocas de roupa, mas \u00e9 indicado trazer tops e cal\u00e7as leg para deixar a barriga em evid\u00eancia nas fotos. Batinhas, vestidos que fiquem mais justos na barriga e delineiem o corpo s\u00e3o uma boa sugest\u00e3o.<\/p>\n\n\n\n<p>A sess\u00e3o de fotos gestante inclui a participa\u00e7\u00e3o da mam\u00e3e e do papai. Para mais acompanhantes, consultar a exist\u00eancia ou n\u00e3o de taxa adicional de acordo com o projeto.<\/p>\n\n\n\n<p>As fotos recebem um toque aveludado na pele que otimiza 60% dos detalhes. O prazo para envio da galeria de fotos \u00e9 de 12 dias \u00fateis e, caso seja necess\u00e1rio, \u00e9 poss\u00edvel contratar uma taxa de urg\u00eancia para a entrega em 48 horas \u00fateis.<\/p>\n\n\n\n<p>As sess\u00f5es de fotos s\u00e3o entregues em formato digital em alta resolu\u00e7\u00e3o e \u00e9 poss\u00edvel agendar ap\u00f3s o Book Gestante, o Book beb\u00ea e fazer uma recorda\u00e7\u00e3o em um \u00fanico fotolivro.<\/p>\n\n\n\n<p>Atendemos as regi\u00f5es da Grande SP e Sorocaba e regi\u00e3o, entre em contato conosco para saber se a sua \u00e1rea tem taxa de dist\u00e2ncia.<\/p>\n\n\n\n<p>E a\u00ed, gostou das informa\u00e7\u00f5es? N\u00e3o deixe de entrar em contato com a Bianca Machado e equipe para agendar a sua sess\u00e3o de fotos e guardar momentos incr\u00edveis dessa fase t\u00e3o especial da sua vida.<\/p>\nVisite tamb\u00e9m nosso site: www.biancamachado.com.br\r\n(11) 97107-1018\r\n\r\nAtendemos as regi\u00f5es de S\u00e3o Paulo, Sorocaba, Ibi\u00fana, Piedade, Votorantim, Cotia, Itupeva, Jundia\u00ed, It\u00fa e Campinas","protected":false},"excerpt":{"rendered":"<p>Realizar um ensaio gestante na<\/p>\n","protected":false},"author":1,"featured_media":0,"parent":0,"menu_order":0,"comment_status":"closed","ping_status":"closed","template":"","meta":{"_monsterinsights_skip_tracking":false,"_monsterinsights_sitenote_active":false,"_monsterinsights_sitenote_note":"","_monsterinsights_sitenote_category":0,"jetpack_post_was_ever_published":false,"_joinchat":[],"footnotes":""},"class_list":["post-3513","page","type-page","status-publish","hentry"],"yoast_head":"<!-- This site is optimized with the Yoast SEO plugin v27.4 - https:\/\/yoast.com\/product\/yoast-seo-wordpress\/ -->\n<title>Ensaio Gestante Domiciliar: Conforto e Intimidade para um Registro Especial - STUDIO BIANCA MACHADO<\/title>\n<meta name=\"description\" content=\"Realizar um ensaio gestante na casa do cliente pode ser uma \u00f3tima op\u00e7\u00e3o para aquelas futuras mam\u00e3es que buscam por um registro mais \u00edntimo e personalizado. Al\u00e9m disso, pode ser uma alternativa para as gestantes que n\u00e3o podem se deslocar at\u00e9 o est\u00fadio fotogr\u00e1fico por motivos de sa\u00fade ou praticidade.\" \/>\n<meta name=\"robots\" content=\"index, follow, max-snippet:-1, max-image-preview:large, max-video-preview:-1\" \/>\n<link rel=\"canonical\" href=\"https:\/\/biancamachado.com.br\/blog\/ensaio-gestante-em-casa\/\" \/>\n<meta property=\"og:locale\" content=\"pt_BR\" \/>\n<meta property=\"og:type\" content=\"article\" \/>\n<meta property=\"og:title\" content=\"Ensaio Gestante Domiciliar: Conforto e Intimidade para um Registro Especial - STUDIO BIANCA MACHADO\" \/>\n<meta property=\"og:description\" content=\"Realizar um ensaio gestante na casa do cliente pode ser uma \u00f3tima op\u00e7\u00e3o para aquelas futuras mam\u00e3es que buscam por um registro mais \u00edntimo e personalizado. Al\u00e9m disso, pode ser uma alternativa para as gestantes que n\u00e3o podem se deslocar at\u00e9 o est\u00fadio fotogr\u00e1fico por motivos de sa\u00fade ou praticidade.\" \/>\n<meta property=\"og:url\" content=\"https:\/\/biancamachado.com.br\/blog\/ensaio-gestante-em-casa\/\" \/>\n<meta property=\"og:site_name\" content=\"STUDIO BIANCA MACHADO\" \/>\n<meta property=\"article:publisher\" content=\"https:\/\/www.facebook.com\/Studiobiancamachado\/\" \/>\n<meta property=\"article:modified_time\" content=\"2023-02-16T13:31:23+00:00\" \/>\n<meta property=\"og:image\" content=\"https:\/\/i1.wp.com\/biancamachado.com.br\/blog\/wp-content\/uploads\/2021\/05\/058-683x1024.jpg?ssl=1\" \/>\n<meta name=\"twitter:card\" content=\"summary_large_image\" \/>\n<meta name=\"twitter:label1\" content=\"Est. tempo de leitura\" \/>\n\t<meta name=\"twitter:data1\" content=\"5 minutos\" \/>\n<script type=\"application\/ld+json\" class=\"yoast-schema-graph\">{\"@context\":\"https:\\\/\\\/schema.org\",\"@graph\":[{\"@type\":\"WebPage\",\"@id\":\"https:\\\/\\\/biancamachado.com.br\\\/blog\\\/ensaio-gestante-em-casa\\\/\",\"url\":\"https:\\\/\\\/biancamachado.com.br\\\/blog\\\/ensaio-gestante-em-casa\\\/\",\"name\":\"Ensaio Gestante Domiciliar: Conforto e Intimidade para um Registro Especial - STUDIO BIANCA MACHADO\",\"isPartOf\":{\"@id\":\"https:\\\/\\\/biancamachado.com.br\\\/blog\\\/#website\"},\"primaryImageOfPage\":{\"@id\":\"https:\\\/\\\/biancamachado.com.br\\\/blog\\\/ensaio-gestante-em-casa\\\/#primaryimage\"},\"image\":{\"@id\":\"https:\\\/\\\/biancamachado.com.br\\\/blog\\\/ensaio-gestante-em-casa\\\/#primaryimage\"},\"thumbnailUrl\":\"https:\\\/\\\/i1.wp.com\\\/biancamachado.com.br\\\/blog\\\/wp-content\\\/uploads\\\/2021\\\/05\\\/058-683x1024.jpg?ssl=1\",\"datePublished\":\"2023-02-16T13:18:45+00:00\",\"dateModified\":\"2023-02-16T13:31:23+00:00\",\"description\":\"Realizar um ensaio gestante na casa do cliente pode ser uma \u00f3tima op\u00e7\u00e3o para aquelas futuras mam\u00e3es que buscam por um registro mais \u00edntimo e personalizado. Al\u00e9m disso, pode ser uma alternativa para as gestantes que n\u00e3o podem se deslocar at\u00e9 o est\u00fadio fotogr\u00e1fico por motivos de sa\u00fade ou praticidade.\",\"breadcrumb\":{\"@id\":\"https:\\\/\\\/biancamachado.com.br\\\/blog\\\/ensaio-gestante-em-casa\\\/#breadcrumb\"},\"inLanguage\":\"pt-BR\",\"potentialAction\":[{\"@type\":\"ReadAction\",\"target\":[\"https:\\\/\\\/biancamachado.com.br\\\/blog\\\/ensaio-gestante-em-casa\\\/\"]}]},{\"@type\":\"ImageObject\",\"inLanguage\":\"pt-BR\",\"@id\":\"https:\\\/\\\/biancamachado.com.br\\\/blog\\\/ensaio-gestante-em-casa\\\/#primaryimage\",\"url\":\"https:\\\/\\\/i1.wp.com\\\/biancamachado.com.br\\\/blog\\\/wp-content\\\/uploads\\\/2021\\\/05\\\/058-683x1024.jpg?ssl=1\",\"contentUrl\":\"https:\\\/\\\/i1.wp.com\\\/biancamachado.com.br\\\/blog\\\/wp-content\\\/uploads\\\/2021\\\/05\\\/058-683x1024.jpg?ssl=1\"},{\"@type\":\"BreadcrumbList\",\"@id\":\"https:\\\/\\\/biancamachado.com.br\\\/blog\\\/ensaio-gestante-em-casa\\\/#breadcrumb\",\"itemListElement\":[{\"@type\":\"ListItem\",\"position\":1,\"name\":\"In\u00edcio\",\"item\":\"https:\\\/\\\/biancamachado.com.br\\\/blog\\\/\"},{\"@type\":\"ListItem\",\"position\":2,\"name\":\"Ensaio Gestante Domiciliar: Conforto e Intimidade para um Registro Especial\"}]},{\"@type\":\"WebSite\",\"@id\":\"https:\\\/\\\/biancamachado.com.br\\\/blog\\\/#website\",\"url\":\"https:\\\/\\\/biancamachado.com.br\\\/blog\\\/\",\"name\":\"STUDIO BIANCA MACHADO\",\"description\":\"Estudio Fotografico, Ensaios e Books de foto profissional\",\"publisher\":{\"@id\":\"https:\\\/\\\/biancamachado.com.br\\\/blog\\\/#organization\"},\"potentialAction\":[{\"@type\":\"SearchAction\",\"target\":{\"@type\":\"EntryPoint\",\"urlTemplate\":\"https:\\\/\\\/biancamachado.com.br\\\/blog\\\/?s={search_term_string}\"},\"query-input\":{\"@type\":\"PropertyValueSpecification\",\"valueRequired\":true,\"valueName\":\"search_term_string\"}}],\"inLanguage\":\"pt-BR\"},{\"@type\":\"Organization\",\"@id\":\"https:\\\/\\\/biancamachado.com.br\\\/blog\\\/#organization\",\"name\":\"STUDIO BIANCA MACHADO\",\"url\":\"https:\\\/\\\/biancamachado.com.br\\\/blog\\\/\",\"logo\":{\"@type\":\"ImageObject\",\"inLanguage\":\"pt-BR\",\"@id\":\"https:\\\/\\\/biancamachado.com.br\\\/blog\\\/#\\\/schema\\\/logo\\\/image\\\/\",\"url\":\"https:\\\/\\\/i0.wp.com\\\/biancamachado.com.br\\\/blog\\\/wp-content\\\/uploads\\\/2021\\\/02\\\/cropped-logo-ml.jpg?fit=278%2C100&ssl=1\",\"contentUrl\":\"https:\\\/\\\/i0.wp.com\\\/biancamachado.com.br\\\/blog\\\/wp-content\\\/uploads\\\/2021\\\/02\\\/cropped-logo-ml.jpg?fit=278%2C100&ssl=1\",\"width\":278,\"height\":100,\"caption\":\"STUDIO BIANCA MACHADO\"},\"image\":{\"@id\":\"https:\\\/\\\/biancamachado.com.br\\\/blog\\\/#\\\/schema\\\/logo\\\/image\\\/\"},\"sameAs\":[\"https:\\\/\\\/www.facebook.com\\\/Studiobiancamachado\\\/\",\"https:\\\/\\\/www.instagram.com\\\/Studiobiancamachado\\\/\"]}]}<\/script>\n<!-- \/ Yoast SEO plugin. -->","yoast_head_json":{"title":"Ensaio Gestante Domiciliar: Conforto e Intimidade para um Registro Especial - STUDIO BIANCA MACHADO","description":"Realizar um ensaio gestante na casa do cliente pode ser uma \u00f3tima op\u00e7\u00e3o para aquelas futuras mam\u00e3es que buscam por um registro mais \u00edntimo e personalizado. Al\u00e9m disso, pode ser uma alternativa para as gestantes que n\u00e3o podem se deslocar at\u00e9 o est\u00fadio fotogr\u00e1fico por motivos de sa\u00fade ou praticidade.","robots":{"index":"index","follow":"follow","max-snippet":"max-snippet:-1","max-image-preview":"max-image-preview:large","max-video-preview":"max-video-preview:-1"},"canonical":"https:\/\/biancamachado.com.br\/blog\/ensaio-gestante-em-casa\/","og_locale":"pt_BR","og_type":"article","og_title":"Ensaio Gestante Domiciliar: Conforto e Intimidade para um Registro Especial - STUDIO BIANCA MACHADO","og_description":"Realizar um ensaio gestante na casa do cliente pode ser uma \u00f3tima op\u00e7\u00e3o para aquelas futuras mam\u00e3es que buscam por um registro mais \u00edntimo e personalizado. Al\u00e9m disso, pode ser uma alternativa para as gestantes que n\u00e3o podem se deslocar at\u00e9 o est\u00fadio fotogr\u00e1fico por motivos de sa\u00fade ou praticidade.","og_url":"https:\/\/biancamachado.com.br\/blog\/ensaio-gestante-em-casa\/","og_site_name":"STUDIO BIANCA MACHADO","article_publisher":"https:\/\/www.facebook.com\/Studiobiancamachado\/","article_modified_time":"2023-02-16T13:31:23+00:00","og_image":[{"url":"https:\/\/i1.wp.com\/biancamachado.com.br\/blog\/wp-content\/uploads\/2021\/05\/058-683x1024.jpg?ssl=1","type":"","width":"","height":""}],"twitter_card":"summary_large_image","twitter_misc":{"Est. tempo de leitura":"5 minutos"},"schema":{"@context":"https:\/\/schema.org","@graph":[{"@type":"WebPage","@id":"https:\/\/biancamachado.com.br\/blog\/ensaio-gestante-em-casa\/","url":"https:\/\/biancamachado.com.br\/blog\/ensaio-gestante-em-casa\/","name":"Ensaio Gestante Domiciliar: Conforto e Intimidade para um Registro Especial - STUDIO BIANCA MACHADO","isPartOf":{"@id":"https:\/\/biancamachado.com.br\/blog\/#website"},"primaryImageOfPage":{"@id":"https:\/\/biancamachado.com.br\/blog\/ensaio-gestante-em-casa\/#primaryimage"},"image":{"@id":"https:\/\/biancamachado.com.br\/blog\/ensaio-gestante-em-casa\/#primaryimage"},"thumbnailUrl":"https:\/\/i1.wp.com\/biancamachado.com.br\/blog\/wp-content\/uploads\/2021\/05\/058-683x1024.jpg?ssl=1","datePublished":"2023-02-16T13:18:45+00:00","dateModified":"2023-02-16T13:31:23+00:00","description":"Realizar um ensaio gestante na casa do cliente pode ser uma \u00f3tima op\u00e7\u00e3o para aquelas futuras mam\u00e3es que buscam por um registro mais \u00edntimo e personalizado. Al\u00e9m disso, pode ser uma alternativa para as gestantes que n\u00e3o podem se deslocar at\u00e9 o est\u00fadio fotogr\u00e1fico por motivos de sa\u00fade ou praticidade.","breadcrumb":{"@id":"https:\/\/biancamachado.com.br\/blog\/ensaio-gestante-em-casa\/#breadcrumb"},"inLanguage":"pt-BR","potentialAction":[{"@type":"ReadAction","target":["https:\/\/biancamachado.com.br\/blog\/ensaio-gestante-em-casa\/"]}]},{"@type":"ImageObject","inLanguage":"pt-BR","@id":"https:\/\/biancamachado.com.br\/blog\/ensaio-gestante-em-casa\/#primaryimage","url":"https:\/\/i1.wp.com\/biancamachado.com.br\/blog\/wp-content\/uploads\/2021\/05\/058-683x1024.jpg?ssl=1","contentUrl":"https:\/\/i1.wp.com\/biancamachado.com.br\/blog\/wp-content\/uploads\/2021\/05\/058-683x1024.jpg?ssl=1"},{"@type":"BreadcrumbList","@id":"https:\/\/biancamachado.com.br\/blog\/ensaio-gestante-em-casa\/#breadcrumb","itemListElement":[{"@type":"ListItem","position":1,"name":"In\u00edcio","item":"https:\/\/biancamachado.com.br\/blog\/"},{"@type":"ListItem","position":2,"name":"Ensaio Gestante Domiciliar: Conforto e Intimidade para um Registro Especial"}]},{"@type":"WebSite","@id":"https:\/\/biancamachado.com.br\/blog\/#website","url":"https:\/\/biancamachado.com.br\/blog\/","name":"STUDIO BIANCA MACHADO","description":"Estudio Fotografico, Ensaios e Books de foto profissional","publisher":{"@id":"https:\/\/biancamachado.com.br\/blog\/#organization"},"potentialAction":[{"@type":"SearchAction","target":{"@type":"EntryPoint","urlTemplate":"https:\/\/biancamachado.com.br\/blog\/?s={search_term_string}"},"query-input":{"@type":"PropertyValueSpecification","valueRequired":true,"valueName":"search_term_string"}}],"inLanguage":"pt-BR"},{"@type":"Organization","@id":"https:\/\/biancamachado.com.br\/blog\/#organization","name":"STUDIO BIANCA MACHADO","url":"https:\/\/biancamachado.com.br\/blog\/","logo":{"@type":"ImageObject","inLanguage":"pt-BR","@id":"https:\/\/biancamachado.com.br\/blog\/#\/schema\/logo\/image\/","url":"https:\/\/i0.wp.com\/biancamachado.com.br\/blog\/wp-content\/uploads\/2021\/02\/cropped-logo-ml.jpg?fit=278%2C100&ssl=1","contentUrl":"https:\/\/i0.wp.com\/biancamachado.com.br\/blog\/wp-content\/uploads\/2021\/02\/cropped-logo-ml.jpg?fit=278%2C100&ssl=1","width":278,"height":100,"caption":"STUDIO BIANCA MACHADO"},"image":{"@id":"https:\/\/biancamachado.com.br\/blog\/#\/schema\/logo\/image\/"},"sameAs":["https:\/\/www.facebook.com\/Studiobiancamachado\/","https:\/\/www.instagram.com\/Studiobiancamachado\/"]}]}},"jetpack-related-posts":[],"jetpack_sharing_enabled":true,"_links":{"self":[{"href":"https:\/\/biancamachado.com.br\/blog\/wp-json\/wp\/v2\/pages\/3513","targetHints":{"allow":["GET"]}}],"collection":[{"href":"https:\/\/biancamachado.com.br\/blog\/wp-json\/wp\/v2\/pages"}],"about":[{"href":"https:\/\/biancamachado.com.br\/blog\/wp-json\/wp\/v2\/types\/page"}],"author":[{"embeddable":true,"href":"https:\/\/biancamachado.com.br\/blog\/wp-json\/wp\/v2\/users\/1"}],"replies":[{"embeddable":true,"href":"https:\/\/biancamachado.com.br\/blog\/wp-json\/wp\/v2\/comments?post=3513"}],"version-history":[{"count":2,"href":"https:\/\/biancamachado.com.br\/blog\/wp-json\/wp\/v2\/pages\/3513\/revisions"}],"predecessor-version":[{"id":3524,"href":"https:\/\/biancamachado.com.br\/blog\/wp-json\/wp\/v2\/pages\/3513\/revisions\/3524"}],"wp:attachment":[{"href":"https:\/\/biancamachado.com.br\/blog\/wp-json\/wp\/v2\/media?parent=3513"}],"curies":[{"name":"wp","href":"https:\/\/api.w.org\/{rel}","templated":true}]}}